{"id":8943,"date":"2025-04-29T15:06:03","date_gmt":"2025-04-29T15:06:03","guid":{"rendered":"https:\/\/specialsurf78.com\/?page_id=8943"},"modified":"2025-04-29T15:09:41","modified_gmt":"2025-04-29T15:09:41","slug":"termos-e-condicoes-reservas","status":"publish","type":"page","link":"https:\/\/specialsurf78.com\/ru\/termos-e-condicoes-reservas\/","title":{"rendered":"Termos e Condi\u00e7\u00f5es &#8211; Reservas"},"content":{"rendered":"<div data-elementor-type=\"wp-page\" data-elementor-id=\"8943\" class=\"elementor elementor-8943\" data-elementor-post-type=\"page\">\n\t\t\t\t\t\t<section class=\"elementor-section elementor-top-section elementor-element elementor-element-98820bc elementor-section-boxed elementor-section-height-default elementor-section-height-default\" data-id=\"98820bc\" data-element_type=\"section\" data-e-type=\"section\">\n\t\t\t\t\t\t<div class=\"elementor-container elementor-column-gap-default\">\n\t\t\t\t\t<div class=\"elementor-column elementor-col-100 elementor-top-column elementor-element elementor-element-0c04f86\" data-id=\"0c04f86\" data-element_type=\"column\" data-e-type=\"column\">\n\t\t\t<div class=\"elementor-widget-wrap elementor-element-populated\">\n\t\t\t\t\t\t<div class=\"elementor-element elementor-element-9aaf037 elementor-widget elementor-widget-text-editor\" data-id=\"9aaf037\" data-element_type=\"widget\" data-e-type=\"widget\" data-widget_type=\"text-editor.default\">\n\t\t\t\t<div class=\"elementor-widget-container\">\n\t\t\t\t\t\t\t\t\t<h3 style=\"text-align: center;\">TERMOS E CONDI\u00c7\u00d5ES (SERVI\u00c7OS)<\/h3><p style=\"text-align: center;\"><a href=\"https:\/\/specialsurf78.com\/ru\/\">www.specialsurf78.com\/pt<\/a><\/p><p><strong>PRE\u00c2MBULO<\/strong><\/p><p>1. \u00ba Estas condi\u00e7\u00f5es gerais de venda s\u00e3o acordadas entre a Special Surf 78, com sede na Rua 1\u00ba de Maio Vivenda de Jesus n\u00ba 3, 2520-267 Peniche &#8211; Portugal, n\u00famero de identifica\u00e7\u00e3o fiscal 510 192 645 e contacto +351 910 62 44 22, doravante designada por Special surf 78 Lda e as pessoas que desejem efetuar compras atrav\u00e9s do website <a href=\"https:\/\/specialsurf78.com\/ru\/\">www.specialsurf78.com\/pt<\/a> doravante designadas por &#8220;Utilizador&#8221;.<\/p><p><br \/>2. \u00ba As partes acordam que as compras efetuadas atrav\u00e9s do website <a href=\"https:\/\/specialsurf78.com\/ru\/\">www.specialsurf78.com\/pt<\/a> ser\u00e3o reguladas exclusivamente pelo presente contrato com exclus\u00e3o de quaisquer condi\u00e7\u00f5es previamente dispon\u00edveis no website.<\/p><p><br \/><strong>ARTIGO 1 \u2013 OBJETO<\/strong><\/p><p>1. As presentes condi\u00e7\u00f5es gerais de venda t\u00eam por objeto disponibilizar e definir todas as informa\u00e7\u00f5es necess\u00e1rias ao Utilizador sobre as modalidades de encomenda, de venda, pagamento e presta\u00e7\u00e3o do servi\u00e7o, efetuado no website <a href=\"https:\/\/specialsurf78.com\/ru\/\">www.specialsurf78.com\/pt<\/a><\/p><p>2. Estas condi\u00e7\u00f5es regulam todas as etapas necess\u00e1rias para realizar a aquisi\u00e7\u00e3o e garantem o seguimento desta presta\u00e7\u00e3o de servi\u00e7o ao Utilizador.<\/p><p>\u00a0<\/p><p>ARTIGO 2 \u2013 ENCOMENDA<\/p><p>1. O Utilizador concretiza a sua encomenda atrav\u00e9s da conclus\u00e3o do processo de compra apresentado no website <a href=\"https:\/\/specialsurf78.com\/ru\/\">www.specialsurf78.com\/pt<\/a>, adicionando o(s) produto(s) ou servi\u00e7o(s) que pretende encomendar ao cesto de compras:<\/p><p>2. Para enviar a sua encomenda o Utilizador dever\u00e1:<\/p><p>a) Registar-se no website <a href=\"https:\/\/specialsurf78.com\/ru\/\">www.specialsurf78.com\/pt<\/a>, fornecendo para o efeito as informa\u00e7\u00f5es a\u00ed solicitadas.<\/p><p>b) Efetuar o \u201clogin\u201d (facultando uma combina\u00e7\u00e3o de e-mail e palavra passe escolhidas pelo Utilizador no ato de registo).<\/p><p>c) Completar a informa\u00e7\u00e3o e escolher as op\u00e7\u00f5es que lhe s\u00e3o disponibilizadas ao longo do processo de termino da encomenda (morada de entrega e fatura\u00e7\u00e3o, forma de envio, forma de pagamento, bem como o NIF e o nome que, para efeitos fiscais, pretende que constem na fatura).<\/p><p>3. A confirma\u00e7\u00e3o final da encomenda pelo Utilizador equivale \u00e0 aceita\u00e7\u00e3o plena e completa dos pre\u00e7os e descri\u00e7\u00e3o dos produtos\/servi\u00e7os dispon\u00edveis para venda assim como destas Condi\u00e7\u00f5es Gerais de Venda que ser\u00e3o as \u00fanicas aplic\u00e1veis ao contrato assim conclu\u00eddo.<\/p><p>4. A EMPRESA &#8211; Special Surf 78 Lda, honrar\u00e1 as encomendas recebidas online. Na falta de disponibilidade da presta\u00e7\u00e3o do servi\u00e7o a EMPRESA- Special Surf 78 Lda, compromete-se a informar o Utilizador logo que lhe seja poss\u00edvel.<br \/><br \/>5. Os dados constantes na fatura s\u00e3o da inteira responsabilidade do Utilizador. A fatura depois de emitida n\u00e3o poder\u00e1 ser reemitida com altera\u00e7\u00f5es.<\/p><p>6. Caso o pagamento da factura n\u00e3o seja recepcionado pelos servi\u00e7os dentro do prazo indicado, a encomenda n\u00e3o ser\u00e1 garantida.<\/p><p>ARTIGO 3 \u2013 PAGAMENTO<\/p><p>1. No <a href=\"https:\/\/specialsurf78.com\/ru\/\">www.specialsurf78.com\/pt<\/a>, a EMPRESA &#8211; Special surf 78 Lda, prop\u00f5e ao Utilizador as seguintes modalidades de pagamento via Easypay &#8211; Institui\u00e7\u00e3o de Pagamento Lda:<\/p><p>a) Cart\u00e3o de cr\u00e9dito (Visa, Mastercard);<br \/>b) Refer\u00eancia Multibanco;<br \/>c) Transfer\u00eancia;<\/p><p>COLOCA\u00c7\u00c3O LOGO EASYPAY E LOGOS DAS MARCAS<\/p><p>2. No caso do pagamento com cart\u00e3o de cr\u00e9dito, o d\u00e9bito ser\u00e1 efetuado no cart\u00e3o do Utilizador imediatamente ap\u00f3s confirma\u00e7\u00e3o da capacidade de presta\u00e7\u00e3o do servi\u00e7o. Se algum dos servi\u00e7os encomendados n\u00e3o for poss\u00edvel de ser prestado, o valor dos mesmos ser\u00e1 creditado no cart\u00e3o do Utilizador, ap\u00f3s o fecho da encomenda.<\/p><p><br \/>ARTIGO 4 \u2013 DISPONIBILIZA\u00c7\u00c3O E CONSUMO<\/p><p>1. A disponibiliza\u00e7\u00e3o do servi\u00e7o ser\u00e1 realizada ap\u00f3s a confirma\u00e7\u00e3o do pagamento efectuado.<\/p><p>\u00a0<\/p><p>ARTIGO 5 \u2013 PRE\u00c7OS<\/p><p>1. Os pre\u00e7os devem entender-se em Euros, com taxas e impostos inclu\u00eddos, tendo em conta o IVA em vigor \u00e0 data do pagamento da encomenda.<\/p><p>2. Caso se verifique um aumento do Pre\u00e7os de algum servi\u00e7o, o Utilizador ser\u00e1 informado de imediato, podendo optar por continuar a sua encomenda (efetuando o pagamento da diferen\u00e7a) ou por proceder ao seu cancelamento.<\/p><p>\u00a0<\/p><p>ARTIGO 6 \u2013 CANCELAMENTO E DEVOLU\u00c7\u00c3O<\/p><p><br \/>1. O processo de cancelamento ou devolu\u00e7\u00e3o \u00e9 tratado caso a caso, pela Special Surf 78 Lda. O pedido dever\u00e1 chegar por escrito para o e-mail de contacto <a href=\"https:\/\/specialsurf78.com\/ru\/\">www.specialsurf78.com\/pt<\/a>, at\u00e9 um dia ap\u00f3s a encomenda, sendo as instru\u00e7\u00f5es de cancelamento ou devolu\u00e7\u00e3o do valor pago respondidas e definidas pela EMPRESA &#8211; Special Surf 78 Lda , pelo mesmo meio de comunica\u00e7\u00e3o.<\/p><p>2. Sempre que poss\u00edvel a devolu\u00e7\u00e3o dever\u00e1 realizar-se pela mesma via de pagamento, mas caso n\u00e3o seja poss\u00edvel, o utilizador dever\u00e1 apresentar comprovativos de pagamento e de titularidade de conta ou cart\u00e3o, para que se realize a devolu\u00e7\u00e3o por Transfer\u00eancia Banc\u00e1ria.<\/p><p>3. A EMPRESA compromete-se a reembolsar o Utilizador no prazo m\u00e1ximo de trinta dias.<br \/><br \/>ARTIGO 7 \u2013 POL\u00cdTICA DE PRIVACIDADE<\/p><p>O tratamento dos seus dados \u00e9 feito no cumprimento da legisla\u00e7\u00e3o sobre a prote\u00e7\u00e3o de dados pessoais. Os mesmos, sujeitos a tratamento inform\u00e1tico, constar\u00e3o na(s) base(s) de dados da EMPRESA &#8211; Special surf 78 Lda e destinam-se ao registo e apresenta\u00e7\u00e3o de outros produtos e servi\u00e7os, bem como informa\u00e7\u00e3o institucional, a disponibilizar pelas mesmas.<\/p><p>O seu fornecimento \u00e9 facultativo e \u00e9 garantido, nos termos da lei, o direito de acesso, retifica\u00e7\u00e3o e anula\u00e7\u00e3o de qualquer dado que lhe diga diretamente respeito, pessoalmente ou por via escrita, diretamente para o endere\u00e7o constante na p\u00e1gina inicial deste website &#8211; specialsurf78 @gmail.com.<\/p>\t\t\t\t\t\t\t\t<\/div>\n\t\t\t\t<\/div>\n\t\t\t\t\t<\/div>\n\t\t<\/div>\n\t\t\t\t\t<\/div>\n\t\t<\/section>\n\t\t\t\t<\/div>","protected":false},"excerpt":{"rendered":"<p>TERMOS E CONDI\u00c7\u00d5ES (SERVI\u00c7OS) www.specialsurf78.com\/pt PRE\u00c2MBULO 1. \u00ba Estas condi\u00e7\u00f5es gerais de venda s\u00e3o acordadas entre a Special Surf 78, com sede na Rua 1\u00ba de Maio Vivenda de Jesus n\u00ba 3, 2520-267 Peniche &#8211; Portugal, n\u00famero de identifica\u00e7\u00e3o fiscal 510 192 645 e contacto +351 910 62 44 22, doravante designada por Special surf [&hellip;]<\/p>\n","protected":false},"author":1,"featured_media":0,"parent":0,"menu_order":0,"comment_status":"closed","ping_status":"closed","template":"","meta":{"_joinchat":[],"footnotes":""},"class_list":["post-8943","page","type-page","status-publish","hentry"],"yoast_head":"<!-- This site is optimized with the Yoast SEO plugin v27.4 - https:\/\/yoast.com\/product\/yoast-seo-wordpress\/ -->\n<title>Termos e Condi\u00e7\u00f5es - Reservas - specialsurf78<\/title>\n<meta name=\"robots\" content=\"index, follow, max-snippet:-1, max-image-preview:large, max-video-preview:-1\" \/>\n<link rel=\"canonical\" href=\"https:\/\/specialsurf78.com\/ru\/termos-e-condicoes-reservas\/\" \/>\n<meta property=\"og:locale\" content=\"ru_RU\" \/>\n<meta property=\"og:type\" content=\"article\" \/>\n<meta property=\"og:title\" content=\"Termos e Condi\u00e7\u00f5es - Reservas - specialsurf78\" \/>\n<meta property=\"og:description\" content=\"TERMOS E CONDI\u00c7\u00d5ES (SERVI\u00c7OS) www.specialsurf78.com\/pt PRE\u00c2MBULO 1. \u00ba Estas condi\u00e7\u00f5es gerais de venda s\u00e3o acordadas entre a Special Surf 78, com sede na Rua 1\u00ba de Maio Vivenda de Jesus n\u00ba 3, 2520-267 Peniche &#8211; Portugal, n\u00famero de identifica\u00e7\u00e3o fiscal 510 192 645 e contacto +351 910 62 44 22, doravante designada por Special surf [&hellip;]\" \/>\n<meta property=\"og:url\" content=\"https:\/\/specialsurf78.com\/ru\/termos-e-condicoes-reservas\/\" \/>\n<meta property=\"og:site_name\" content=\"specialsurf78\" \/>\n<meta property=\"article:publisher\" content=\"https:\/\/www.facebook.com\/specialsurf78\/\" \/>\n<meta property=\"article:modified_time\" content=\"2025-04-29T15:09:41+00:00\" \/>\n<meta name=\"twitter:card\" content=\"summary_large_image\" \/>\n<meta name=\"twitter:label1\" content=\"\u041f\u0440\u0438\u043c\u0435\u0440\u043d\u043e\u0435 \u0432\u0440\u0435\u043c\u044f \u0434\u043b\u044f \u0447\u0442\u0435\u043d\u0438\u044f\" \/>\n\t<meta name=\"twitter:data1\" content=\"5 \u043c\u0438\u043d\u0443\u0442\" \/>\n<script type=\"application\/ld+json\" class=\"yoast-schema-graph\">{\"@context\":\"https:\\\/\\\/schema.org\",\"@graph\":[{\"@type\":\"WebPage\",\"@id\":\"https:\\\/\\\/specialsurf78.com\\\/pt\\\/termos-e-condicoes-reservas\\\/\",\"url\":\"https:\\\/\\\/specialsurf78.com\\\/pt\\\/termos-e-condicoes-reservas\\\/\",\"name\":\"Termos e Condi\u00e7\u00f5es - Reservas - specialsurf78\",\"isPartOf\":{\"@id\":\"https:\\\/\\\/specialsurf78.com\\\/pt\\\/#website\"},\"datePublished\":\"2025-04-29T15:06:03+00:00\",\"dateModified\":\"2025-04-29T15:09:41+00:00\",\"breadcrumb\":{\"@id\":\"https:\\\/\\\/specialsurf78.com\\\/pt\\\/termos-e-condicoes-reservas\\\/#breadcrumb\"},\"inLanguage\":\"ru-RU\",\"potentialAction\":[{\"@type\":\"ReadAction\",\"target\":[\"https:\\\/\\\/specialsurf78.com\\\/pt\\\/termos-e-condicoes-reservas\\\/\"]}]},{\"@type\":\"BreadcrumbList\",\"@id\":\"https:\\\/\\\/specialsurf78.com\\\/pt\\\/termos-e-condicoes-reservas\\\/#breadcrumb\",\"itemListElement\":[{\"@type\":\"ListItem\",\"position\":1,\"name\":\"In\u00edcio\",\"item\":\"https:\\\/\\\/specialsurf78.com\\\/\"},{\"@type\":\"ListItem\",\"position\":2,\"name\":\"Termos e Condi\u00e7\u00f5es &#8211; Reservas\"}]},{\"@type\":\"WebSite\",\"@id\":\"https:\\\/\\\/specialsurf78.com\\\/pt\\\/#website\",\"url\":\"https:\\\/\\\/specialsurf78.com\\\/pt\\\/\",\"name\":\"specialsurf78\",\"description\":\"Peniche | Baleal | Escola de Surf\",\"publisher\":{\"@id\":\"https:\\\/\\\/specialsurf78.com\\\/pt\\\/#organization\"},\"potentialAction\":[{\"@type\":\"SearchAction\",\"target\":{\"@type\":\"EntryPoint\",\"urlTemplate\":\"https:\\\/\\\/specialsurf78.com\\\/pt\\\/?s={search_term_string}\"},\"query-input\":{\"@type\":\"PropertyValueSpecification\",\"valueRequired\":true,\"valueName\":\"search_term_string\"}}],\"inLanguage\":\"ru-RU\"},{\"@type\":\"Organization\",\"@id\":\"https:\\\/\\\/specialsurf78.com\\\/pt\\\/#organization\",\"name\":\"Special Surf 78\",\"url\":\"https:\\\/\\\/specialsurf78.com\\\/pt\\\/\",\"logo\":{\"@type\":\"ImageObject\",\"inLanguage\":\"ru-RU\",\"@id\":\"https:\\\/\\\/specialsurf78.com\\\/pt\\\/#\\\/schema\\\/logo\\\/image\\\/\",\"url\":\"https:\\\/\\\/specialsurf78.com\\\/wp-content\\\/uploads\\\/2021\\\/03\\\/logo_mail.png\",\"contentUrl\":\"https:\\\/\\\/specialsurf78.com\\\/wp-content\\\/uploads\\\/2021\\\/03\\\/logo_mail.png\",\"width\":200,\"height\":111,\"caption\":\"Special Surf 78\"},\"image\":{\"@id\":\"https:\\\/\\\/specialsurf78.com\\\/pt\\\/#\\\/schema\\\/logo\\\/image\\\/\"},\"sameAs\":[\"https:\\\/\\\/www.facebook.com\\\/specialsurf78\\\/\",\"https:\\\/\\\/www.instagram.com\\\/specialsurf78\\\/\",\"https:\\\/\\\/pt.linkedin.com\\\/in\\\/specialsurf78\",\"https:\\\/\\\/www.youtube.com\\\/user\\\/Specialsurf78\"]}]}<\/script>\n<!-- \/ Yoast SEO plugin. -->","yoast_head_json":{"title":"Termos e Condi\u00e7\u00f5es - Reservas - specialsurf78","robots":{"index":"index","follow":"follow","max-snippet":"max-snippet:-1","max-image-preview":"max-image-preview:large","max-video-preview":"max-video-preview:-1"},"canonical":"https:\/\/specialsurf78.com\/ru\/termos-e-condicoes-reservas\/","og_locale":"ru_RU","og_type":"article","og_title":"Termos e Condi\u00e7\u00f5es - Reservas - specialsurf78","og_description":"TERMOS E CONDI\u00c7\u00d5ES (SERVI\u00c7OS) www.specialsurf78.com\/pt PRE\u00c2MBULO 1. \u00ba Estas condi\u00e7\u00f5es gerais de venda s\u00e3o acordadas entre a Special Surf 78, com sede na Rua 1\u00ba de Maio Vivenda de Jesus n\u00ba 3, 2520-267 Peniche &#8211; Portugal, n\u00famero de identifica\u00e7\u00e3o fiscal 510 192 645 e contacto +351 910 62 44 22, doravante designada por Special surf [&hellip;]","og_url":"https:\/\/specialsurf78.com\/ru\/termos-e-condicoes-reservas\/","og_site_name":"specialsurf78","article_publisher":"https:\/\/www.facebook.com\/specialsurf78\/","article_modified_time":"2025-04-29T15:09:41+00:00","twitter_card":"summary_large_image","twitter_misc":{"\u041f\u0440\u0438\u043c\u0435\u0440\u043d\u043e\u0435 \u0432\u0440\u0435\u043c\u044f \u0434\u043b\u044f \u0447\u0442\u0435\u043d\u0438\u044f":"5 \u043c\u0438\u043d\u0443\u0442"},"schema":{"@context":"https:\/\/schema.org","@graph":[{"@type":"WebPage","@id":"https:\/\/specialsurf78.com\/pt\/termos-e-condicoes-reservas\/","url":"https:\/\/specialsurf78.com\/pt\/termos-e-condicoes-reservas\/","name":"Termos e Condi\u00e7\u00f5es - Reservas - specialsurf78","isPartOf":{"@id":"https:\/\/specialsurf78.com\/pt\/#website"},"datePublished":"2025-04-29T15:06:03+00:00","dateModified":"2025-04-29T15:09:41+00:00","breadcrumb":{"@id":"https:\/\/specialsurf78.com\/pt\/termos-e-condicoes-reservas\/#breadcrumb"},"inLanguage":"ru-RU","potentialAction":[{"@type":"ReadAction","target":["https:\/\/specialsurf78.com\/pt\/termos-e-condicoes-reservas\/"]}]},{"@type":"BreadcrumbList","@id":"https:\/\/specialsurf78.com\/pt\/termos-e-condicoes-reservas\/#breadcrumb","itemListElement":[{"@type":"ListItem","position":1,"name":"In\u00edcio","item":"https:\/\/specialsurf78.com\/"},{"@type":"ListItem","position":2,"name":"Termos e Condi\u00e7\u00f5es &#8211; Reservas"}]},{"@type":"WebSite","@id":"https:\/\/specialsurf78.com\/pt\/#website","url":"https:\/\/specialsurf78.com\/pt\/","name":"specialsurf78","description":"Peniche | Baleal | Escola de Surf","publisher":{"@id":"https:\/\/specialsurf78.com\/pt\/#organization"},"potentialAction":[{"@type":"SearchAction","target":{"@type":"EntryPoint","urlTemplate":"https:\/\/specialsurf78.com\/pt\/?s={search_term_string}"},"query-input":{"@type":"PropertyValueSpecification","valueRequired":true,"valueName":"search_term_string"}}],"inLanguage":"ru-RU"},{"@type":"Organization","@id":"https:\/\/specialsurf78.com\/pt\/#organization","name":"Special Surf 78","url":"https:\/\/specialsurf78.com\/pt\/","logo":{"@type":"ImageObject","inLanguage":"ru-RU","@id":"https:\/\/specialsurf78.com\/pt\/#\/schema\/logo\/image\/","url":"https:\/\/specialsurf78.com\/wp-content\/uploads\/2021\/03\/logo_mail.png","contentUrl":"https:\/\/specialsurf78.com\/wp-content\/uploads\/2021\/03\/logo_mail.png","width":200,"height":111,"caption":"Special Surf 78"},"image":{"@id":"https:\/\/specialsurf78.com\/pt\/#\/schema\/logo\/image\/"},"sameAs":["https:\/\/www.facebook.com\/specialsurf78\/","https:\/\/www.instagram.com\/specialsurf78\/","https:\/\/pt.linkedin.com\/in\/specialsurf78","https:\/\/www.youtube.com\/user\/Specialsurf78"]}]}},"_links":{"self":[{"href":"https:\/\/specialsurf78.com\/ru\/wp-json\/wp\/v2\/pages\/8943","targetHints":{"allow":["GET"]}}],"collection":[{"href":"https:\/\/specialsurf78.com\/ru\/wp-json\/wp\/v2\/pages"}],"about":[{"href":"https:\/\/specialsurf78.com\/ru\/wp-json\/wp\/v2\/types\/page"}],"author":[{"embeddable":true,"href":"https:\/\/specialsurf78.com\/ru\/wp-json\/wp\/v2\/users\/1"}],"replies":[{"embeddable":true,"href":"https:\/\/specialsurf78.com\/ru\/wp-json\/wp\/v2\/comments?post=8943"}],"version-history":[{"count":4,"href":"https:\/\/specialsurf78.com\/ru\/wp-json\/wp\/v2\/pages\/8943\/revisions"}],"predecessor-version":[{"id":8947,"href":"https:\/\/specialsurf78.com\/ru\/wp-json\/wp\/v2\/pages\/8943\/revisions\/8947"}],"wp:attachment":[{"href":"https:\/\/specialsurf78.com\/ru\/wp-json\/wp\/v2\/media?parent=8943"}],"curies":[{"name":"wp","href":"https:\/\/api.w.org\/{rel}","templated":true}]}}