{"id":6624,"date":"2021-10-04T16:47:28","date_gmt":"2021-10-04T16:47:28","guid":{"rendered":"https:\/\/controlinkl30.sg-host.com\/?page_id=6624"},"modified":"2021-10-06T09:00:11","modified_gmt":"2021-10-06T09:00:11","slug":"politica-de-privacidade","status":"publish","type":"page","link":"https:\/\/specialsurf78.com\/pt\/politica-de-privacidade\/","title":{"rendered":"Pol\u00edtica de Privacidade"},"content":{"rendered":"\t\t<div data-elementor-type=\"wp-page\" data-elementor-id=\"6624\" class=\"elementor elementor-6624\" data-elementor-post-type=\"page\">\n\t\t\t\t\t\t<section class=\"elementor-section elementor-top-section elementor-element elementor-element-98820bc elementor-section-boxed elementor-section-height-default elementor-section-height-default\" data-id=\"98820bc\" data-element_type=\"section\" data-e-type=\"section\">\n\t\t\t\t\t\t<div class=\"elementor-container elementor-column-gap-default\">\n\t\t\t\t\t<div class=\"elementor-column elementor-col-100 elementor-top-column elementor-element elementor-element-0c04f86\" data-id=\"0c04f86\" data-element_type=\"column\" data-e-type=\"column\">\n\t\t\t<div class=\"elementor-widget-wrap elementor-element-populated\">\n\t\t\t\t\t\t<div class=\"elementor-element elementor-element-9aaf037 elementor-widget elementor-widget-text-editor\" data-id=\"9aaf037\" data-element_type=\"widget\" data-e-type=\"widget\" data-widget_type=\"text-editor.default\">\n\t\t\t\t<div class=\"elementor-widget-container\">\n\t\t\t\t\t\t\t\t\t<p>A SPECIALSURF 78 est\u00e1 empenhada em proteger a seguran\u00e7a e privacidade dos dados pessoais. Neste contexto, a SPECIALSURF 78 elaborou a presente Pol\u00edtica de Privacidade, com a finalidade de dar a conhecer os termos em que a SPECIALSURF 78 recolhe e trata dados pessoais, de acordo com o Regulamento (UE) 2016\/679 do Parlamento Europeu e do Conselho, de 27 de abril de 2016 (Regulamento Geral sobre a Prote\u00e7\u00e3o de Dados \u2013 \u201cRGPD\u201d) e restante legisla\u00e7\u00e3o de prote\u00e7\u00e3o de dados pessoais.<\/p><p>\u00a0<\/p><p><strong style=\"font-size: 22px;\">Quem \u00e9 respons\u00e1vel pelo tratamento dos seus dados pessoais?<\/strong><br \/>A SPECIALSURF 78 \u00e9 a entidade respons\u00e1vel pelo tratamento dos dados pessoais, nos termos do RGPD, que comercializa Produtos e\/ou presta Servi\u00e7os, uma vez que define quais os dados recolhidos, os meios de tratamento e as finalidades para as quais estes dados s\u00e3o utilizados. S\u00e3o considerados dados pessoais toda e qualquer informa\u00e7\u00e3o relativa a uma pessoa singular, identificada ou pass\u00edvel de ser identificada.<\/p><p>\u00a0<\/p><p><strong style=\"font-size: 22px;\">Que dados pessoais recolhemos? <br \/><\/strong>A SPECIALSURF 78 recolhe e trata diretamente os dados pessoais necess\u00e1rios para a comercializa\u00e7\u00e3o dos seus produtos e presta\u00e7\u00e3o dos seus Servi\u00e7os, para garantir o acesso \u00e0s Plataformas e para o cumprimento de obriga\u00e7\u00f5es legais e regulamentares.<br \/>Categorias de dados pessoais &#8211; Exemplos<br \/>a) Dados de Identifica\u00e7\u00e3o e Contactos &#8211; como o nome, e-mail e telefone.<br \/>b) Dados de registo de imagem &#8211; Grava\u00e7\u00f5es de v\u00eddeo e fotografia.<\/p><p>\u00a0<\/p><p><strong style=\"font-size: 22px;\">Quais as finalidades de recolha dos seus dados pessoais e qual o fundamento do seu tratamento?<br \/><\/strong>Os dados pessoais dos Clientes da SPECIALSURF 78 s\u00e3o utilizados no \u00e2mbito da presta\u00e7\u00e3o dos servi\u00e7os, da gest\u00e3o e execu\u00e7\u00e3o da rela\u00e7\u00e3o contratual\/comercial, do tratamento de reclama\u00e7\u00f5es e sugest\u00f5es, de dilig\u00eancias pr\u00e9-contratuais, do cumprimento de obriga\u00e7\u00f5es legais, bem como para o melhoramento e adequa\u00e7\u00e3o dos servi\u00e7os \u00e0s necessidades e interesses do Cliente. O Cliente poder\u00e1, no entanto, disponibilizar, mediante consentimento, os seus dados pessoais para outras finalidades, tais como, receber informa\u00e7\u00f5es da escola, participar em passatempos e estudos de mercado, receber comunica\u00e7\u00f5es de marketing (designadamente, campanhas e promo\u00e7\u00f5es sobre os Servi\u00e7os e Produtos).<\/p><p>Assim, tratamos os dados pessoais para as seguintes finalidades:<br \/>FINALIDADE \u2013 FUNDAMENTO DE FINALIDADE<br \/>&#8211; Presta\u00e7\u00e3o de Servi\u00e7os e comercializa\u00e7\u00e3o de Produtos &#8211; Execu\u00e7\u00e3o do contrato e dilig\u00eancias pr\u00e9-contratuais e cumprimento de obriga\u00e7\u00f5es legais;<br \/>&#8211; Marketing ou promo\u00e7\u00e3o de novos Produtos ou Servi\u00e7os e Eventos &#8211; Recurso a t\u00e9cnicas estat\u00edsticas e defini\u00e7\u00e3o de perfis para personaliza\u00e7\u00e3o da oferta e das comunica\u00e7\u00f5es a realizar nesse \u00e2mbito;<br \/>&#8211; Gest\u00e3o da rela\u00e7\u00e3o com o Cliente &#8211; Execu\u00e7\u00e3o do contrato e dilig\u00eancias pr\u00e9 contratuais e Cumprimento de obriga\u00e7\u00f5es legais;<br \/>&#8211; Cumprimento de obriga\u00e7\u00f5es legais &#8211; Resposta e reporte a autoridades judici\u00e1rias e administra\u00e7\u00e3o tribut\u00e1ria;<br \/>&#8211; Seguran\u00e7a da informa\u00e7\u00e3o (Gest\u00e3o de acessos, logs, gest\u00e3o de backups e gest\u00e3o de incidentes de seguran\u00e7a) &#8211; Cumprimento de obriga\u00e7\u00f5es legais.<\/p><p>\u00a0<\/p><p><strong style=\"font-size: 22px;\">Durante quanto tempo conservamos os seus dados pessoais?<br \/><\/strong>A SPECIALSURF 78 conserva os dados pessoais dos titulares apenas durante o per\u00edodo estritamente necess\u00e1rio \u00e0 prossecu\u00e7\u00e3o da finalidade para a qual estes foram recolhidos.<\/p><p>Iremos tamb\u00e9m conservar os seus dados durante o per\u00edodo em que mantiver uma rela\u00e7\u00e3o contratual com a SPECIALSURF 78. Contudo, podemos manter os seus dados pessoais por per\u00edodos superiores \u00e0 dura\u00e7\u00e3o do contrato, com base no seu consentimento, para assegurar direitos e deveres relacionados com o contrato ou nas situa\u00e7\u00f5es em que existir um interesse leg\u00edtimo da SPECIALSURF 78, respeitando sempre o per\u00edodo necess\u00e1rio \u00e0 prossecu\u00e7\u00e3o da finalidade para a qual foram recolhidos.<\/p><p>N\u00e3o existindo uma obriga\u00e7\u00e3o legal especifica, os seus dados ser\u00e3o tratados apenas pelo per\u00edodo necess\u00e1rio ao cumprimento das finalidades que motivaram a sua recolha, e enquanto subsistirem fundamentos leg\u00edtimos que permitam a sua conserva\u00e7\u00e3o pela SPECIALSURF 78, exceto se for exercido, dentro dos limites legais, o direito de oposi\u00e7\u00e3o, direito ao apagamento ou retire o consentimento.<\/p><p>Em regra, os seus dados pessoais, quando tratados para efeitos de campanhas de marketing, ir\u00e3o ser conservados at\u00e9 ao prazo m\u00e1ximo de 5 anos contados a partir da recolha do seu consentimento e caso, dentro deste per\u00edodo, n\u00e3o tenha retirado o seu consentimento.<\/p><p>Uma vez atingido o prazo m\u00e1ximo de conserva\u00e7\u00e3o, os dados pessoais ser\u00e3o anonimizados de forma irrevers\u00edvel (podendo os dados anonimizados ser conservados) ou ser\u00e3o destru\u00eddos de forma segura.<\/p><p>\u00a0<\/p><p><strong style=\"font-size: 22px;\">Quais os direitos dos titulares dos dados?<\/strong><\/p><p>Nos termos da legisla\u00e7\u00e3o aplic\u00e1vel, pode exercer os seguintes direitos:<\/p><p>(I) Direito de Acesso: obter a confirma\u00e7\u00e3o de quais s\u00e3o os seus dados pessoais que s\u00e3o tratados bem como obter c\u00f3pia dos dados pessoais em fase de tratamento.<\/p><p>(II) Direito de Retifica\u00e7\u00e3o: solicitar a retifica\u00e7\u00e3o dos seus dados pessoais que se encontrem inexatos ou solicitar que os dados pessoais incompletos sejam completados.<\/p><p>(III) Direito ao Apagamento: obter o apagamento dos seus dados pessoais, desde que n\u00e3o se verifiquem fundamentos v\u00e1lidos para a sua conserva\u00e7\u00e3o.<\/p><p>(IV) Direito \u00e0 Limita\u00e7\u00e3o do Tratamento: solicitar a limita\u00e7\u00e3o do tratamento dos seus dados pessoais, solicitando a suspens\u00e3o do tratamento ou a limita\u00e7\u00e3o do \u00e2mbito do tratamento a certas categorias de dados ou finalidades de tratamento.<\/p><p>(V) Direito de Portabilidade: receber os dados que nos forneceu em formato digital de uso corrente e de leitura autom\u00e1tica ou de solicitar a transmiss\u00e3o direta dos seus dados para outra entidade que passe a ser o novo respons\u00e1vel pelos seus dados pessoais.<\/p><p>(VI) Direito de Oposi\u00e7\u00e3o: opor-se, a qualquer momento, a um tratamento de dados, como por exemplo no caso de tratamento de dados para fins de marketing;<\/p><p>(VII) Direito de Oposi\u00e7\u00e3o \u00e0 tomada de decis\u00f5es com base no tratamento exclusivamente automatizado: n\u00e3o ficar sujeito a nenhuma decis\u00e3o tomada exclusivamente com base num tratamento automatizado, incluindo a defini\u00e7\u00e3o de perfis, que produza efeitos na sua esfera jur\u00eddica ou que o afete significativamente de forma similar.<\/p><p>Nos termos da lei, \u00e9-lhe ainda garantido o direito de retirar o seu consentimento para o tratamento dos dados legitimado pelo consentimento, atrav\u00e9s dos meios acima referidos, ou, no caso de ter dado o seu consentimento atrav\u00e9s de um canal online, poder\u00e1 retir\u00e1-lo por essa mesma via. A retirada de consentimento n\u00e3o invalida, no entanto, o tratamento efetuado at\u00e9 essa data com base no consentimento previamente dado.<\/p><p>\u00a0<\/p><p><strong style=\"font-size: 22px;\">Exerc\u00edcios de Direitos \u2013 Direito de Reclamar<\/strong><\/p><p>Com efeito, poder\u00e1 exercer os seus direitos atrav\u00e9s do seguinte endere\u00e7o:<br \/>Correio eletr\u00f3nico: <a href=\"mailto:specialsurf78@gmail.com\">specialsurf78@gmail.com<\/a><\/p><p>Ainda assim, e caso n\u00e3o esteja satisfeito com a nossa resposta ap\u00f3s o exerc\u00edcio de algum destes direitos, tem o direito de apresentar reclama\u00e7\u00e3o junto da CNPD (Comiss\u00e3o Nacional de Prote\u00e7\u00e3o de Dados, (Rua de S\u00e3o Bento, n.\u00ba 148, 3\u00ba, 1200-821 Lisboa, Tel: 351 213928400, Fax: +351 213976832, e-mail: geral@cnpd.pt).<\/p><p>\u00a0<\/p><p><strong style=\"font-size: 22px;\">Livro de Reclama\u00e7\u00f5es<\/strong><\/p><p>Este website adere ao livro de reclama\u00e7\u00f5es eletr\u00f3nico. Se desejar apresentar a sua reclama\u00e7\u00e3o, fa\u00e7a-o em\u00a0 <a href=\"https:\/\/www.livroreclamacoes.pt\">https:\/\/www.livroreclamacoes.pt<\/a><\/p><p>\u00a0<\/p><p><strong style=\"font-size: 22px;\">Quando comunicamos dados a terceiros?<\/strong><\/p><p>No \u00e2mbito da presta\u00e7\u00e3o de servi\u00e7os, a SPECIALSURF 78 pode recorrer a entidades terceiras que t\u00eam acesso a dados pessoais dos seus Clientes.<\/p><p>Estas entidades &#8211; entidades subcontratantes \u2013 podem ter acesso a dados pessoais, seguindo, para o efeito, as instru\u00e7\u00f5es da SPECIALSURF 78. Estas entidades s\u00e3o essencialmente parceiros ou fornecedores de bens e prestadores de servi\u00e7os.<\/p><p>Os prestadores de servi\u00e7os da SPECIALSURF 78, est\u00e3o sujeitos contratualmente aos mesmos termos e condi\u00e7\u00f5es de tratamento de dados pessoais que esta pol\u00edtica de privacidade estabelece, encontrando-se proibidos de utilizar, transferir, divulgar ou registar os dados pessoais do titular para qualquer outra finalidade que n\u00e3o aquela para a qual foram especificamente contratados.<\/p><p>A SPECIALSURF 78 pode ainda transmitir dados pessoais dos seus Clientes a entidades terceiras, quando tais comunica\u00e7\u00f5es de dados sejam necess\u00e1rias ou adequadas \u00e0 luz da lei aplic\u00e1vel, no cumprimento de obriga\u00e7\u00f5es legais\/ordens judiciais, para responder a solicita\u00e7\u00f5es de autoridades p\u00fablicas ou governamentais, ou quando nos tiver dado o seu consentimento.<\/p><p>\u00a0<\/p><p><strong style=\"font-size: 22px;\">Medidas Processuais e T\u00e9cnicas de Seguran\u00e7a<\/strong><\/p><p>A SPECIALSURF 78 faz uso de medidas f\u00edsicas, tecnol\u00f3gicas, organizativas e de seguran\u00e7a adequadas \u00e0 prote\u00e7\u00e3o dos seus dados pessoais de forma a proteger os dados pessoais que nos s\u00e3o disponibilizados, contra a sua difus\u00e3o, perda, uso indevido, altera\u00e7\u00e3o, tratamento ou acesso n\u00e3o autorizado.<\/p><p>\u00a0<\/p><p><strong style=\"font-size: 22px;\">Atualiza\u00e7\u00e3o da Pol\u00edtica de Privacidade<\/strong><\/p><p>A SPECIALSURF 78, reserva-se no direito de, a qualquer momento, atualizar a presente Pol\u00edtica de Privacidade. Deste modo, recomenda-se a consulta peri\u00f3dica desta pol\u00edtica no nosso website para se manter informado sobre o tratamento dos seus dados pessoais.<\/p><p>\u00a0<\/p><p><strong style=\"font-size: 22px;\">Pol\u00edtica de Cookies<\/strong><\/p><p>O site da utiliza cookies para melhorar a sua experi\u00eancia enquanto navega atrav\u00e9s do site. Destes, os cookies que s\u00e3o categorizados conforme necess\u00e1rio s\u00e3o armazenados no seu navegador, uma vez que s\u00e3o essenciais para o funcionamento de funcionalidades b\u00e1sicas do website. Tamb\u00e9m usamos cookies de terceiros que nos ajudam a analisar e entender como voc\u00ea usa este site. Estes cookies ser\u00e3o armazenados no seu navegador apenas com o seu consentimento. Voc\u00ea tamb\u00e9m tem a op\u00e7\u00e3o de excluir estes cookies. Mas optar por alguns destes cookies pode\u00a0 afetar a sua experi\u00eancia de navega\u00e7\u00e3o. Caso o website utilize Cookies fazer refer\u00eancia a esse assunto e quais os tipos de cookies que utiliza e para que serve.<\/p><p>Peniche, 30 de setembro de 2021<\/p>\t\t\t\t\t\t\t\t<\/div>\n\t\t\t\t<\/div>\n\t\t\t\t\t<\/div>\n\t\t<\/div>\n\t\t\t\t\t<\/div>\n\t\t<\/section>\n\t\t\t\t<\/div>\n\t\t","protected":false},"excerpt":{"rendered":"<p>A SPECIALSURF 78 est\u00e1 empenhada em proteger a seguran\u00e7a e privacidade dos dados pessoais. Neste contexto, a SPECIALSURF 78 elaborou a presente Pol\u00edtica de Privacidade, com a finalidade de dar a conhecer os termos em que a SPECIALSURF 78 recolhe e trata dados pessoais, de acordo com o Regulamento (UE) 2016\/679 do Parlamento Europeu e [&hellip;]<\/p>\n","protected":false},"author":1,"featured_media":0,"parent":0,"menu_order":0,"comment_status":"closed","ping_status":"closed","template":"","meta":{"_joinchat":[],"footnotes":""},"class_list":["post-6624","page","type-page","status-publish","hentry"],"yoast_head":"<!-- This site is optimized with the Yoast SEO plugin v27.4 - https:\/\/yoast.com\/product\/yoast-seo-wordpress\/ -->\n<title>Pol\u00edtica de Privacidade - specialsurf78<\/title>\n<meta name=\"robots\" content=\"index, follow, max-snippet:-1, max-image-preview:large, max-video-preview:-1\" \/>\n<link rel=\"canonical\" href=\"https:\/\/specialsurf78.com\/pt\/politica-de-privacidade\/\" \/>\n<meta property=\"og:locale\" content=\"pt_PT\" \/>\n<meta property=\"og:type\" content=\"article\" \/>\n<meta property=\"og:title\" content=\"Pol\u00edtica de Privacidade - specialsurf78\" \/>\n<meta property=\"og:description\" content=\"A SPECIALSURF 78 est\u00e1 empenhada em proteger a seguran\u00e7a e privacidade dos dados pessoais. Neste contexto, a SPECIALSURF 78 elaborou a presente Pol\u00edtica de Privacidade, com a finalidade de dar a conhecer os termos em que a SPECIALSURF 78 recolhe e trata dados pessoais, de acordo com o Regulamento (UE) 2016\/679 do Parlamento Europeu e [&hellip;]\" \/>\n<meta property=\"og:url\" content=\"https:\/\/specialsurf78.com\/pt\/politica-de-privacidade\/\" \/>\n<meta property=\"og:site_name\" content=\"specialsurf78\" \/>\n<meta property=\"article:publisher\" content=\"https:\/\/www.facebook.com\/specialsurf78\/\" \/>\n<meta property=\"article:modified_time\" content=\"2021-10-06T09:00:11+00:00\" \/>\n<meta name=\"twitter:card\" content=\"summary_large_image\" \/>\n<meta name=\"twitter:label1\" content=\"Tempo estimado de leitura\" \/>\n\t<meta name=\"twitter:data1\" content=\"7 minutos\" \/>\n<script type=\"application\/ld+json\" class=\"yoast-schema-graph\">{\"@context\":\"https:\\\/\\\/schema.org\",\"@graph\":[{\"@type\":\"WebPage\",\"@id\":\"https:\\\/\\\/specialsurf78.com\\\/politica-de-privacidade\\\/\",\"url\":\"https:\\\/\\\/specialsurf78.com\\\/politica-de-privacidade\\\/\",\"name\":\"Pol\u00edtica de Privacidade - specialsurf78\",\"isPartOf\":{\"@id\":\"https:\\\/\\\/specialsurf78.com\\\/pt\\\/#website\"},\"datePublished\":\"2021-10-04T16:47:28+00:00\",\"dateModified\":\"2021-10-06T09:00:11+00:00\",\"breadcrumb\":{\"@id\":\"https:\\\/\\\/specialsurf78.com\\\/politica-de-privacidade\\\/#breadcrumb\"},\"inLanguage\":\"pt-PT\",\"potentialAction\":[{\"@type\":\"ReadAction\",\"target\":[\"https:\\\/\\\/specialsurf78.com\\\/politica-de-privacidade\\\/\"]}]},{\"@type\":\"BreadcrumbList\",\"@id\":\"https:\\\/\\\/specialsurf78.com\\\/politica-de-privacidade\\\/#breadcrumb\",\"itemListElement\":[{\"@type\":\"ListItem\",\"position\":1,\"name\":\"In\u00edcio\",\"item\":\"https:\\\/\\\/specialsurf78.com\\\/\"},{\"@type\":\"ListItem\",\"position\":2,\"name\":\"Pol\u00edtica de Privacidade\"}]},{\"@type\":\"WebSite\",\"@id\":\"https:\\\/\\\/specialsurf78.com\\\/pt\\\/#website\",\"url\":\"https:\\\/\\\/specialsurf78.com\\\/pt\\\/\",\"name\":\"specialsurf78\",\"description\":\"Peniche | Baleal | Escola de Surf\",\"publisher\":{\"@id\":\"https:\\\/\\\/specialsurf78.com\\\/pt\\\/#organization\"},\"potentialAction\":[{\"@type\":\"SearchAction\",\"target\":{\"@type\":\"EntryPoint\",\"urlTemplate\":\"https:\\\/\\\/specialsurf78.com\\\/pt\\\/?s={search_term_string}\"},\"query-input\":{\"@type\":\"PropertyValueSpecification\",\"valueRequired\":true,\"valueName\":\"search_term_string\"}}],\"inLanguage\":\"pt-PT\"},{\"@type\":\"Organization\",\"@id\":\"https:\\\/\\\/specialsurf78.com\\\/pt\\\/#organization\",\"name\":\"Special Surf 78\",\"url\":\"https:\\\/\\\/specialsurf78.com\\\/pt\\\/\",\"logo\":{\"@type\":\"ImageObject\",\"inLanguage\":\"pt-PT\",\"@id\":\"https:\\\/\\\/specialsurf78.com\\\/pt\\\/#\\\/schema\\\/logo\\\/image\\\/\",\"url\":\"https:\\\/\\\/specialsurf78.com\\\/wp-content\\\/uploads\\\/2021\\\/03\\\/logo_mail.png\",\"contentUrl\":\"https:\\\/\\\/specialsurf78.com\\\/wp-content\\\/uploads\\\/2021\\\/03\\\/logo_mail.png\",\"width\":200,\"height\":111,\"caption\":\"Special Surf 78\"},\"image\":{\"@id\":\"https:\\\/\\\/specialsurf78.com\\\/pt\\\/#\\\/schema\\\/logo\\\/image\\\/\"},\"sameAs\":[\"https:\\\/\\\/www.facebook.com\\\/specialsurf78\\\/\",\"https:\\\/\\\/www.instagram.com\\\/specialsurf78\\\/\",\"https:\\\/\\\/pt.linkedin.com\\\/in\\\/specialsurf78\",\"https:\\\/\\\/www.youtube.com\\\/user\\\/Specialsurf78\"]}]}<\/script>\n<!-- \/ Yoast SEO plugin. -->","yoast_head_json":{"title":"Pol\u00edtica de Privacidade - specialsurf78","robots":{"index":"index","follow":"follow","max-snippet":"max-snippet:-1","max-image-preview":"max-image-preview:large","max-video-preview":"max-video-preview:-1"},"canonical":"https:\/\/specialsurf78.com\/pt\/politica-de-privacidade\/","og_locale":"pt_PT","og_type":"article","og_title":"Pol\u00edtica de Privacidade - specialsurf78","og_description":"A SPECIALSURF 78 est\u00e1 empenhada em proteger a seguran\u00e7a e privacidade dos dados pessoais. Neste contexto, a SPECIALSURF 78 elaborou a presente Pol\u00edtica de Privacidade, com a finalidade de dar a conhecer os termos em que a SPECIALSURF 78 recolhe e trata dados pessoais, de acordo com o Regulamento (UE) 2016\/679 do Parlamento Europeu e [&hellip;]","og_url":"https:\/\/specialsurf78.com\/pt\/politica-de-privacidade\/","og_site_name":"specialsurf78","article_publisher":"https:\/\/www.facebook.com\/specialsurf78\/","article_modified_time":"2021-10-06T09:00:11+00:00","twitter_card":"summary_large_image","twitter_misc":{"Tempo estimado de leitura":"7 minutos"},"schema":{"@context":"https:\/\/schema.org","@graph":[{"@type":"WebPage","@id":"https:\/\/specialsurf78.com\/politica-de-privacidade\/","url":"https:\/\/specialsurf78.com\/politica-de-privacidade\/","name":"Pol\u00edtica de Privacidade - specialsurf78","isPartOf":{"@id":"https:\/\/specialsurf78.com\/pt\/#website"},"datePublished":"2021-10-04T16:47:28+00:00","dateModified":"2021-10-06T09:00:11+00:00","breadcrumb":{"@id":"https:\/\/specialsurf78.com\/politica-de-privacidade\/#breadcrumb"},"inLanguage":"pt-PT","potentialAction":[{"@type":"ReadAction","target":["https:\/\/specialsurf78.com\/politica-de-privacidade\/"]}]},{"@type":"BreadcrumbList","@id":"https:\/\/specialsurf78.com\/politica-de-privacidade\/#breadcrumb","itemListElement":[{"@type":"ListItem","position":1,"name":"In\u00edcio","item":"https:\/\/specialsurf78.com\/"},{"@type":"ListItem","position":2,"name":"Pol\u00edtica de Privacidade"}]},{"@type":"WebSite","@id":"https:\/\/specialsurf78.com\/pt\/#website","url":"https:\/\/specialsurf78.com\/pt\/","name":"specialsurf78","description":"Peniche | Baleal | Escola de Surf","publisher":{"@id":"https:\/\/specialsurf78.com\/pt\/#organization"},"potentialAction":[{"@type":"SearchAction","target":{"@type":"EntryPoint","urlTemplate":"https:\/\/specialsurf78.com\/pt\/?s={search_term_string}"},"query-input":{"@type":"PropertyValueSpecification","valueRequired":true,"valueName":"search_term_string"}}],"inLanguage":"pt-PT"},{"@type":"Organization","@id":"https:\/\/specialsurf78.com\/pt\/#organization","name":"Special Surf 78","url":"https:\/\/specialsurf78.com\/pt\/","logo":{"@type":"ImageObject","inLanguage":"pt-PT","@id":"https:\/\/specialsurf78.com\/pt\/#\/schema\/logo\/image\/","url":"https:\/\/specialsurf78.com\/wp-content\/uploads\/2021\/03\/logo_mail.png","contentUrl":"https:\/\/specialsurf78.com\/wp-content\/uploads\/2021\/03\/logo_mail.png","width":200,"height":111,"caption":"Special Surf 78"},"image":{"@id":"https:\/\/specialsurf78.com\/pt\/#\/schema\/logo\/image\/"},"sameAs":["https:\/\/www.facebook.com\/specialsurf78\/","https:\/\/www.instagram.com\/specialsurf78\/","https:\/\/pt.linkedin.com\/in\/specialsurf78","https:\/\/www.youtube.com\/user\/Specialsurf78"]}]}},"_links":{"self":[{"href":"https:\/\/specialsurf78.com\/pt\/wp-json\/wp\/v2\/pages\/6624","targetHints":{"allow":["GET"]}}],"collection":[{"href":"https:\/\/specialsurf78.com\/pt\/wp-json\/wp\/v2\/pages"}],"about":[{"href":"https:\/\/specialsurf78.com\/pt\/wp-json\/wp\/v2\/types\/page"}],"author":[{"embeddable":true,"href":"https:\/\/specialsurf78.com\/pt\/wp-json\/wp\/v2\/users\/1"}],"replies":[{"embeddable":true,"href":"https:\/\/specialsurf78.com\/pt\/wp-json\/wp\/v2\/comments?post=6624"}],"version-history":[{"count":10,"href":"https:\/\/specialsurf78.com\/pt\/wp-json\/wp\/v2\/pages\/6624\/revisions"}],"predecessor-version":[{"id":6637,"href":"https:\/\/specialsurf78.com\/pt\/wp-json\/wp\/v2\/pages\/6624\/revisions\/6637"}],"wp:attachment":[{"href":"https:\/\/specialsurf78.com\/pt\/wp-json\/wp\/v2\/media?parent=6624"}],"curies":[{"name":"wp","href":"https:\/\/api.w.org\/{rel}","templated":true}]}}