{"id":5433,"date":"2021-05-25T10:36:49","date_gmt":"2021-05-25T10:36:49","guid":{"rendered":"https:\/\/specialsurf78.com\/?page_id=5433"},"modified":"2026-03-23T15:35:11","modified_gmt":"2026-03-23T15:35:11","slug":"famille","status":"publish","type":"page","link":"https:\/\/specialsurf78.com\/fr\/famille\/","title":{"rendered":"Famille"},"content":{"rendered":"<div data-elementor-type=\"wp-page\" data-elementor-id=\"5433\" class=\"elementor elementor-5433\" data-elementor-post-type=\"page\">\n\t\t\t\t\t\t<section class=\"elementor-section elementor-top-section elementor-element elementor-element-7280bed elementor-section-boxed elementor-section-height-default elementor-section-height-default\" data-id=\"7280bed\" data-element_type=\"section\" data-e-type=\"section\">\n\t\t\t\t\t\t<div class=\"elementor-container elementor-column-gap-default\">\n\t\t\t\t\t<div class=\"elementor-column elementor-col-100 elementor-top-column elementor-element elementor-element-99400bd\" data-id=\"99400bd\" data-element_type=\"column\" data-e-type=\"column\">\n\t\t\t<div class=\"elementor-widget-wrap elementor-element-populated\">\n\t\t\t\t\t\t<div class=\"elementor-element elementor-element-2328a79 elementor-widget elementor-widget-spacer\" data-id=\"2328a79\" data-element_type=\"widget\" data-e-type=\"widget\" data-widget_type=\"spacer.default\">\n\t\t\t\t<div class=\"elementor-widget-container\">\n\t\t\t\t\t\t\t<div class=\"elementor-spacer\">\n\t\t\t<div class=\"elementor-spacer-inner\"><\/div>\n\t\t<\/div>\n\t\t\t\t\t\t<\/div>\n\t\t\t\t<\/div>\n\t\t\t\t\t<\/div>\n\t\t<\/div>\n\t\t\t\t\t<\/div>\n\t\t<\/section>\n\t\t\t\t<section class=\"elementor-section elementor-top-section elementor-element elementor-element-2197bf3 elementor-section-boxed elementor-section-height-default elementor-section-height-default\" data-id=\"2197bf3\" data-element_type=\"section\" data-e-type=\"section\">\n\t\t\t\t\t\t<div class=\"elementor-container elementor-column-gap-wider\">\n\t\t\t\t\t<div class=\"elementor-column elementor-col-50 elementor-top-column elementor-element elementor-element-dced332\" data-id=\"dced332\" data-element_type=\"column\" data-e-type=\"column\">\n\t\t\t<div class=\"elementor-widget-wrap elementor-element-populated\">\n\t\t\t\t\t\t<div class=\"elementor-element elementor-element-41008ba elementor-widget elementor-widget-wgl-image-layers\" data-id=\"41008ba\" data-element_type=\"widget\" data-e-type=\"widget\" data-widget_type=\"wgl-image-layers.default\">\n\t\t\t\t<div class=\"elementor-widget-container\">\n\t\t\t\t\t<div class=\"wgl-image-layers\"><div class=\"img-layer_image-wrapper slide_right elementor-repeater-item-7e613ff\" style=\"z-index: 2\">\r\n                <div class=\"img-layer_item\" style=\"transform: translate(0px, 15%);\">\r\n                    <div class=\"img-layer_image\" style=\"transition: all 800ms; transition-delay: 600ms;\">\r\n                        <img decoding=\"async\" src=\"\" alt=\"\" \/>\r\n                    <\/div>\r\n                <\/div>\r\n            <\/div> <div class=\"img-layer_image-wrapper fade_in elementor-repeater-item-f1aa8ff\" style=\"z-index: 1\">\r\n                <div class=\"img-layer_item\" style=\"transform: translate(0px, 60%);\">\r\n                    <div class=\"img-layer_image\" style=\"transition: all 800ms; transition-delay: 1200ms;\">\r\n                        <img decoding=\"async\" src=\"https:\/\/specialsurf78.com\/wp-content\/uploads\/2020\/07\/about-us_01-1.png\" alt=\"about-us_01-1\" \/>\r\n                    <\/div>\r\n                <\/div>\r\n            <\/div> <div class=\"img-layer_image-wrapper fade_in elementor-repeater-item-9580529\" style=\"z-index: 1\">\r\n                <div class=\"img-layer_item\" style=\"transform: translate(74px, 0%);\">\r\n                    <div class=\"img-layer_image\" style=\"transition: all 800ms; transition-delay: 1800ms;\">\r\n                        <img decoding=\"async\" src=\"https:\/\/specialsurf78.com\/wp-content\/uploads\/2020\/07\/about-us_01-2.png\" alt=\"about-us_01-2\" \/>\r\n                    <\/div>\r\n                <\/div>\r\n            <\/div> <div class=\"img-layer_image-wrapper fade_in elementor-repeater-item-f68e1d9\" style=\"z-index: 1\">\r\n                <div class=\"img-layer_item\" style=\"transform: translate(px, 0%);\">\r\n                    <div class=\"img-layer_image\" style=\"transition: all 800ms; transition-delay: 2400ms;\">\r\n                        <img decoding=\"async\" src=\"https:\/\/specialsurf78.com\/wp-content\/uploads\/2020\/07\/about-us_01-3.png\" alt=\"about-us_01-3\" \/>\r\n                    <\/div>\r\n                <\/div>\r\n            <\/div> <\/div>\t\t\t\t<\/div>\n\t\t\t\t<\/div>\n\t\t\t\t<div class=\"elementor-element elementor-element-719867d elementor-skin-carousel elementor-pagination-type-bullets elementor-pagination-position-outside elementor-widget elementor-widget-media-carousel\" data-id=\"719867d\" data-element_type=\"widget\" data-e-type=\"widget\" data-settings=\"{&quot;slides_per_view&quot;:&quot;1&quot;,&quot;slides_per_view_tablet&quot;:&quot;1&quot;,&quot;skin&quot;:&quot;carousel&quot;,&quot;effect&quot;:&quot;slide&quot;,&quot;pagination&quot;:&quot;bullets&quot;,&quot;speed&quot;:500,&quot;autoplay&quot;:&quot;yes&quot;,&quot;autoplay_speed&quot;:5000,&quot;loop&quot;:&quot;yes&quot;,&quot;space_between&quot;:{&quot;unit&quot;:&quot;px&quot;,&quot;size&quot;:10,&quot;sizes&quot;:[]},&quot;space_between_tablet&quot;:{&quot;unit&quot;:&quot;px&quot;,&quot;size&quot;:10,&quot;sizes&quot;:[]},&quot;space_between_mobile&quot;:{&quot;unit&quot;:&quot;px&quot;,&quot;size&quot;:10,&quot;sizes&quot;:[]}}\" data-widget_type=\"media-carousel.default\">\n\t\t\t\t<div class=\"elementor-widget-container\">\n\t\t\t\t\t\t\t\t\t<div class=\"elementor-swiper\">\n\t\t\t\t\t<div class=\"elementor-main-swiper swiper\" role=\"region\" aria-roledescription=\"carousel\" aria-label=\"Slides\">\n\t\t\t\t<div class=\"swiper-wrapper\">\n\t\t\t\t\t\t\t\t\t\t\t<div class=\"swiper-slide\" role=\"group\" aria-roledescription=\"slide\">\n\t\t\t\t\t\t\t\t\t<div class=\"elementor-carousel-image\" role=\"img\" aria-label=\"_DSC0511\" style=\"background-image: url(&#039;https:\/\/specialsurf78.com\/wp-content\/uploads\/2021\/05\/DSC0511.jpg&#039;)\">\n\n\t\t\t\n\t\t\t\t\t<\/div>\n\t\t\t\t\t\t\t\t<\/div>\n\t\t\t\t\t\t\t\t\t\t\t<div class=\"swiper-slide\" role=\"group\" aria-roledescription=\"slide\">\n\t\t\t\t\t\t\t\t\t<div class=\"elementor-carousel-image\" role=\"img\" aria-label=\"happy-surf\" style=\"background-image: url(&#039;https:\/\/specialsurf78.com\/wp-content\/uploads\/2022\/04\/happy-surf.jpg&#039;)\">\n\n\t\t\t\n\t\t\t\t\t<\/div>\n\t\t\t\t\t\t\t\t<\/div>\n\t\t\t\t\t\t\t\t\t<\/div>\n\t\t\t\t\t\t\t\t\t\t\t\t\t\t\t\t\t\t\t\t<div class=\"swiper-pagination\"><\/div>\n\t\t\t\t\t\t\t\t\t\t\t\t<\/div>\n\t\t\t\t<\/div>\n\t\t\t\t\t\t\t\t<\/div>\n\t\t\t\t<\/div>\n\t\t\t\t\t<\/div>\n\t\t<\/div>\n\t\t\t\t<div class=\"elementor-column elementor-col-50 elementor-top-column elementor-element elementor-element-fa29b2c\" data-id=\"fa29b2c\" data-element_type=\"column\" data-e-type=\"column\">\n\t\t\t<div class=\"elementor-widget-wrap elementor-element-populated\">\n\t\t\t\t\t\t<div class=\"elementor-element elementor-element-59c3db8 elementor-widget__width-initial aleft elementor-widget elementor-widget-wgl-double-headings\" data-id=\"59c3db8\" data-element_type=\"widget\" data-e-type=\"widget\" data-widget_type=\"wgl-double-headings.default\">\n\t\t\t\t<div class=\"elementor-widget-container\">\n\t\t\t\t\t<div class=\"wgl-double_heading\"><div class=\"dbl__subtitle type-default\"><span class=\"svg_media\"><svg version=\"1.1\" xmlns=\"http:\/\/www.w3.org\/2000\/svg\" xmlns:xlink=\"http:\/\/www.w3.org\/1999\/xlink\" x=\"0px\" y=\"0px\" viewbox=\"0 0 100 13.6\" style=\"enable-background:new 0 0 100 13.6;\" xml:space=\"preserve\"><path class=\"st0\" d=\"M28.8,9.7L33,6.9l4.3,2.9c7.7,5.2,17.7,5.2,25.4,0L67,6.9l4.3,2.9c3.9,2.6,8.3,3.9,12.7,3.9c4.4,0,8.8-1.3,12.7-3.9l3.2-2.1C99.9,6.3,100,5,100,3.7c0-0.6,0-1.1,0-1.7l-0.6-0.9L93.5,5c-5.8,3.9-13.3,3.9-19.1,0L67,0l-7.4,5c-5.8,3.9-13.3,3.9-19.1,0L33,0l-7.4,5C19.8,8.9,12.3,8.9,6.5,5L0.7,1.1L0,2c0,0.6,0,1.1,0,1.7C0,5,0.1,6.3,0.2,7.6l3.2,2.1C11.1,14.9,21,14.9,28.8,9.7z\"\/><\/svg><\/span> <\/div><h3 class=\"dbl__title-wrapper\"><span class=\"dbl__title\">Famille<\/span><\/h3><\/div>\t\t\t\t<\/div>\n\t\t\t\t<\/div>\n\t\t\t\t<div class=\"elementor-element elementor-element-a84dd70 elementor-widget elementor-widget-spacer\" data-id=\"a84dd70\" data-element_type=\"widget\" data-e-type=\"widget\" data-widget_type=\"spacer.default\">\n\t\t\t\t<div class=\"elementor-widget-container\">\n\t\t\t\t\t\t\t<div class=\"elementor-spacer\">\n\t\t\t<div class=\"elementor-spacer-inner\"><\/div>\n\t\t<\/div>\n\t\t\t\t\t\t<\/div>\n\t\t\t\t<\/div>\n\t\t\t\t<div class=\"elementor-element elementor-element-f1dc904 elementor-widget elementor-widget-text-editor\" data-id=\"f1dc904\" data-element_type=\"widget\" data-e-type=\"widget\" data-widget_type=\"text-editor.default\">\n\t\t\t\t<div class=\"elementor-widget-container\">\n\t\t\t\t\t\t\t\t\t<h5 style=\"color: black;\">Le forfait comprend :<\/h5><p>- Chambre triple avec 7 nuits dans le <span>H\u00f4tel Star inn Peniche <\/span>(petit d\u00e9jeuner inclus), <br \/>\u00ad 15 cours de surf (5 cours par personne) incluant planche de surf et combinaison de plong\u00e9e pour chaque participant.<br \/>\u2013 Correction vid\u00e9o et assurance accident individuelle et responsabilit\u00e9 civile.<br \/>\u2013 Vous pouvez \u00e9galement planifier vos vacances \u00e0 votre convenance et personnaliser votre forfait selon vos besoins et vos envies.<\/p>\t\t\t\t\t\t\t\t<\/div>\n\t\t\t\t<\/div>\n\t\t\t\t<div class=\"elementor-element elementor-element-2741a35 elementor-widget elementor-widget-text-editor\" data-id=\"2741a35\" data-element_type=\"widget\" data-e-type=\"widget\" data-widget_type=\"text-editor.default\">\n\t\t\t\t<div class=\"elementor-widget-container\">\n\t\t\t\t\t\t\t\t\t<h6 style=\"color: black;\">Prestations incluses :<\/h6><p>Location de v\u00e9los ; location de skateboards ; location de planches et de combinaisons isothermiques (en dehors des cours) ; demi pension, pension compl\u00e8te, massages, s\u00e9ances de yoga.<\/p>\t\t\t\t\t\t\t\t<\/div>\n\t\t\t\t<\/div>\n\t\t\t\t\t<\/div>\n\t\t<\/div>\n\t\t\t\t\t<\/div>\n\t\t<\/section>\n\t\t\t\t<section class=\"elementor-section elementor-top-section elementor-element elementor-element-12a22cf elementor-section-boxed elementor-section-height-default elementor-section-height-default\" data-id=\"12a22cf\" data-element_type=\"section\" data-e-type=\"section\">\n\t\t\t\t\t\t<div class=\"elementor-container elementor-column-gap-default\">\n\t\t\t\t\t<div class=\"elementor-column elementor-col-100 elementor-top-column elementor-element elementor-element-6b172ab\" data-id=\"6b172ab\" data-element_type=\"column\" data-e-type=\"column\">\n\t\t\t<div class=\"elementor-widget-wrap elementor-element-populated\">\n\t\t\t\t\t\t<section class=\"elementor-section elementor-inner-section elementor-element elementor-element-a621e5b elementor-section-boxed elementor-section-height-default elementor-section-height-default\" data-id=\"a621e5b\" data-element_type=\"section\" data-e-type=\"section\" data-settings=\"{&quot;background_background&quot;:&quot;classic&quot;}\">\n\t\t\t\t\t\t<div class=\"elementor-container elementor-column-gap-no\">\n\t\t\t\t\t<div class=\"elementor-column elementor-col-33 elementor-inner-column elementor-element elementor-element-fa7a546\" data-id=\"fa7a546\" data-element_type=\"column\" data-e-type=\"column\" data-settings=\"{&quot;background_background&quot;:&quot;classic&quot;}\">\n\t\t\t<div class=\"elementor-widget-wrap elementor-element-populated\">\n\t\t\t\t\t\t<div class=\"elementor-element elementor-element-d2c8471 elementor-widget elementor-widget-spacer\" data-id=\"d2c8471\" data-element_type=\"widget\" data-e-type=\"widget\" data-widget_type=\"spacer.default\">\n\t\t\t\t<div class=\"elementor-widget-container\">\n\t\t\t\t\t\t\t<div class=\"elementor-spacer\">\n\t\t\t<div class=\"elementor-spacer-inner\"><\/div>\n\t\t<\/div>\n\t\t\t\t\t\t<\/div>\n\t\t\t\t<\/div>\n\t\t\t\t\t<\/div>\n\t\t<\/div>\n\t\t\t\t<div class=\"elementor-column elementor-col-33 elementor-inner-column elementor-element elementor-element-93cb6d7\" data-id=\"93cb6d7\" data-element_type=\"column\" data-e-type=\"column\">\n\t\t\t<div class=\"elementor-widget-wrap elementor-element-populated\">\n\t\t\t\t\t\t<div class=\"elementor-element elementor-element-7efba67 elementor-view-stacked elementor-widget__width-initial aleft elementor-widget-icon-box wgl-icon-box elementor-shape-circle elementor-widget elementor-widget-wgl-info-box\" data-id=\"7efba67\" data-element_type=\"widget\" data-e-type=\"widget\" data-widget_type=\"wgl-info-box.default\">\n\t\t\t\t<div class=\"elementor-widget-container\">\n\t\t\t\t\t<a class=\"wgl-infobox__link\" href=\"https:\/\/specialsurf78.com\/fr\/contactez-nous\/\"><\/a><div class=\"wgl-infobox\"><div class=\"wgl-infobox_wrapper wgl-layout-top\"><div class=\"media-wrapper icon-wrapper\"><span class=\"wgl-icon\" ><i class=\"icon elementor-icon far fa-calendar-check\" aria-hidden=\"true\"><\/i><\/span><\/div><div class=\"content_wrapper\"><div class=\"wgl-infobox-title_wrapper\"><\/div><\/div><\/div><\/div>\t\t\t\t<\/div>\n\t\t\t\t<\/div>\n\t\t\t\t\t<\/div>\n\t\t<\/div>\n\t\t\t\t<div class=\"elementor-column elementor-col-33 elementor-inner-column elementor-element elementor-element-fd1d6c2\" data-id=\"fd1d6c2\" data-element_type=\"column\" data-e-type=\"column\" data-settings=\"{&quot;background_background&quot;:&quot;classic&quot;}\">\n\t\t\t<div class=\"elementor-widget-wrap elementor-element-populated\">\n\t\t\t\t\t\t<div class=\"elementor-element elementor-element-72cfffe elementor-widget elementor-widget-text-editor\" data-id=\"72cfffe\" data-element_type=\"widget\" data-e-type=\"widget\" data-widget_type=\"text-editor.default\">\n\t\t\t\t<div class=\"elementor-widget-container\">\n\t\t\t\t\t\t\t\t\t<p style=\"margin-bottom: 0px;\"><span style=\"color: #ffffff;\"><span style=\"font-size: 20px;\"><b><strong>Contactez-nous pour envisager l\u2019option qui convient le mieux pour vous et votre famille.<\/strong><\/b><\/span><\/span><\/p>\t\t\t\t\t\t\t\t<\/div>\n\t\t\t\t<\/div>\n\t\t\t\t\t<\/div>\n\t\t<\/div>\n\t\t\t\t\t<\/div>\n\t\t<\/section>\n\t\t\t\t\t<\/div>\n\t\t<\/div>\n\t\t\t\t\t<\/div>\n\t\t<\/section>\n\t\t\t\t<section class=\"elementor-section elementor-top-section elementor-element elementor-element-5683f48 elementor-section-boxed elementor-section-height-default elementor-section-height-default\" data-id=\"5683f48\" data-element_type=\"section\" data-e-type=\"section\">\n\t\t\t\t\t\t<div class=\"elementor-container elementor-column-gap-default\">\n\t\t\t\t\t<div class=\"elementor-column elementor-col-100 elementor-top-column elementor-element elementor-element-f5dc142\" data-id=\"f5dc142\" data-element_type=\"column\" data-e-type=\"column\">\n\t\t\t<div class=\"elementor-widget-wrap elementor-element-populated\">\n\t\t\t\t\t\t<div class=\"elementor-element elementor-element-f27514a elementor-widget elementor-widget-spacer\" data-id=\"f27514a\" data-element_type=\"widget\" data-e-type=\"widget\" data-widget_type=\"spacer.default\">\n\t\t\t\t<div class=\"elementor-widget-container\">\n\t\t\t\t\t\t\t<div class=\"elementor-spacer\">\n\t\t\t<div class=\"elementor-spacer-inner\"><\/div>\n\t\t<\/div>\n\t\t\t\t\t\t<\/div>\n\t\t\t\t<\/div>\n\t\t\t\t\t<\/div>\n\t\t<\/div>\n\t\t\t\t\t<\/div>\n\t\t<\/section>\n\t\t\t\t<\/div>","protected":false},"excerpt":{"rendered":"<p>Familiar O pacote inclu\u00ed: &#8211;\u00a0 Quarto triplo com 7 noites no Hotel Star inn Peniche (pequeno almo\u00e7o inclu\u00eddo), &#8211; 15 aulas de surf (5 aulas por pessoa) com prancha e fato ajustado ao praticante.&#8211; V\u00eddeo corre\u00e7\u00e3o e seguro de acidentes pessoais e responsabilidade civil inclu\u00eddos.&#8211; Tamb\u00e9m pode planear as f\u00e9rias \u00e0 sua medida e personalizar [&hellip;]<\/p>\n","protected":false},"author":1,"featured_media":0,"parent":0,"menu_order":0,"comment_status":"closed","ping_status":"closed","template":"","meta":{"_joinchat":[],"footnotes":""},"class_list":["post-5433","page","type-page","status-publish","hentry"],"yoast_head":"<!-- This site is optimized with the Yoast SEO plugin v27.4 - https:\/\/yoast.com\/product\/yoast-seo-wordpress\/ -->\n<title>Familiar - specialsurf78<\/title>\n<meta name=\"description\" content=\"Localizado mesmo em frente \u00e0 Praia Cova da Alfarroba no meio da ba\u00eda de Peniche \u2013 Baleal \u00e9 uma unidade hoteleira de refer\u00eancia na Regi\u00e3o, pela conjuga\u00e7\u00e3o de conforto e de qualidade, num ambiente descontra\u00eddo e que convida a desfrutar das muitas atividades ao ar livre e em contacto direto com o mar.\" \/>\n<meta name=\"robots\" content=\"index, follow, max-snippet:-1, max-image-preview:large, max-video-preview:-1\" \/>\n<link rel=\"canonical\" href=\"https:\/\/specialsurf78.com\/fr\/famille\/\" \/>\n<meta property=\"og:locale\" content=\"fr_FR\" \/>\n<meta property=\"og:type\" content=\"article\" \/>\n<meta property=\"og:title\" content=\"Familiar - specialsurf78\" \/>\n<meta property=\"og:description\" content=\"Localizado mesmo em frente \u00e0 Praia Cova da Alfarroba no meio da ba\u00eda de Peniche \u2013 Baleal \u00e9 uma unidade hoteleira de refer\u00eancia na Regi\u00e3o, pela conjuga\u00e7\u00e3o de conforto e de qualidade, num ambiente descontra\u00eddo e que convida a desfrutar das muitas atividades ao ar livre e em contacto direto com o mar.\" \/>\n<meta property=\"og:url\" content=\"https:\/\/specialsurf78.com\/fr\/famille\/\" \/>\n<meta property=\"og:site_name\" content=\"specialsurf78\" \/>\n<meta property=\"article:publisher\" content=\"https:\/\/www.facebook.com\/specialsurf78\/\" \/>\n<meta property=\"article:modified_time\" content=\"2026-03-23T15:35:11+00:00\" \/>\n<meta property=\"og:image\" content=\"https:\/\/specialsurf78.com\/wp-content\/uploads\/2020\/07\/about-us_01-1.png\" \/>\n<meta name=\"twitter:card\" content=\"summary_large_image\" \/>\n<meta name=\"twitter:label1\" content=\"Dur\u00e9e de lecture estim\u00e9e\" \/>\n\t<meta name=\"twitter:data1\" content=\"2 minutes\" \/>\n<script type=\"application\/ld+json\" class=\"yoast-schema-graph\">{\"@context\":\"https:\\\/\\\/schema.org\",\"@graph\":[{\"@type\":\"WebPage\",\"@id\":\"https:\\\/\\\/specialsurf78.com\\\/pt\\\/familiar\\\/\",\"url\":\"https:\\\/\\\/specialsurf78.com\\\/pt\\\/familiar\\\/\",\"name\":\"Familiar - specialsurf78\",\"isPartOf\":{\"@id\":\"https:\\\/\\\/specialsurf78.com\\\/pt\\\/#website\"},\"primaryImageOfPage\":{\"@id\":\"https:\\\/\\\/specialsurf78.com\\\/pt\\\/familiar\\\/#primaryimage\"},\"image\":{\"@id\":\"https:\\\/\\\/specialsurf78.com\\\/pt\\\/familiar\\\/#primaryimage\"},\"thumbnailUrl\":\"https:\\\/\\\/specialsurf78.com\\\/wp-content\\\/uploads\\\/2020\\\/07\\\/about-us_01-1.png\",\"datePublished\":\"2021-05-25T10:36:49+00:00\",\"dateModified\":\"2026-03-23T15:35:11+00:00\",\"description\":\"Localizado mesmo em frente \u00e0 Praia Cova da Alfarroba no meio da ba\u00eda de Peniche \u2013 Baleal \u00e9 uma unidade hoteleira de refer\u00eancia na Regi\u00e3o, pela conjuga\u00e7\u00e3o de conforto e de qualidade, num ambiente descontra\u00eddo e que convida a desfrutar das muitas atividades ao ar livre e em contacto direto com o mar.\",\"breadcrumb\":{\"@id\":\"https:\\\/\\\/specialsurf78.com\\\/pt\\\/familiar\\\/#breadcrumb\"},\"inLanguage\":\"fr-FR\",\"potentialAction\":[{\"@type\":\"ReadAction\",\"target\":[\"https:\\\/\\\/specialsurf78.com\\\/pt\\\/familiar\\\/\"]}]},{\"@type\":\"ImageObject\",\"inLanguage\":\"fr-FR\",\"@id\":\"https:\\\/\\\/specialsurf78.com\\\/pt\\\/familiar\\\/#primaryimage\",\"url\":\"https:\\\/\\\/specialsurf78.com\\\/wp-content\\\/uploads\\\/2020\\\/07\\\/about-us_01-1.png\",\"contentUrl\":\"https:\\\/\\\/specialsurf78.com\\\/wp-content\\\/uploads\\\/2020\\\/07\\\/about-us_01-1.png\"},{\"@type\":\"BreadcrumbList\",\"@id\":\"https:\\\/\\\/specialsurf78.com\\\/pt\\\/familiar\\\/#breadcrumb\",\"itemListElement\":[{\"@type\":\"ListItem\",\"position\":1,\"name\":\"In\u00edcio\",\"item\":\"https:\\\/\\\/specialsurf78.com\\\/\"},{\"@type\":\"ListItem\",\"position\":2,\"name\":\"Familiar\"}]},{\"@type\":\"WebSite\",\"@id\":\"https:\\\/\\\/specialsurf78.com\\\/pt\\\/#website\",\"url\":\"https:\\\/\\\/specialsurf78.com\\\/pt\\\/\",\"name\":\"specialsurf78\",\"description\":\"Peniche | Baleal | Escola de Surf\",\"publisher\":{\"@id\":\"https:\\\/\\\/specialsurf78.com\\\/pt\\\/#organization\"},\"potentialAction\":[{\"@type\":\"SearchAction\",\"target\":{\"@type\":\"EntryPoint\",\"urlTemplate\":\"https:\\\/\\\/specialsurf78.com\\\/pt\\\/?s={search_term_string}\"},\"query-input\":{\"@type\":\"PropertyValueSpecification\",\"valueRequired\":true,\"valueName\":\"search_term_string\"}}],\"inLanguage\":\"fr-FR\"},{\"@type\":\"Organization\",\"@id\":\"https:\\\/\\\/specialsurf78.com\\\/pt\\\/#organization\",\"name\":\"Special Surf 78\",\"url\":\"https:\\\/\\\/specialsurf78.com\\\/pt\\\/\",\"logo\":{\"@type\":\"ImageObject\",\"inLanguage\":\"fr-FR\",\"@id\":\"https:\\\/\\\/specialsurf78.com\\\/pt\\\/#\\\/schema\\\/logo\\\/image\\\/\",\"url\":\"https:\\\/\\\/specialsurf78.com\\\/wp-content\\\/uploads\\\/2021\\\/03\\\/logo_mail.png\",\"contentUrl\":\"https:\\\/\\\/specialsurf78.com\\\/wp-content\\\/uploads\\\/2021\\\/03\\\/logo_mail.png\",\"width\":200,\"height\":111,\"caption\":\"Special Surf 78\"},\"image\":{\"@id\":\"https:\\\/\\\/specialsurf78.com\\\/pt\\\/#\\\/schema\\\/logo\\\/image\\\/\"},\"sameAs\":[\"https:\\\/\\\/www.facebook.com\\\/specialsurf78\\\/\",\"https:\\\/\\\/www.instagram.com\\\/specialsurf78\\\/\",\"https:\\\/\\\/pt.linkedin.com\\\/in\\\/specialsurf78\",\"https:\\\/\\\/www.youtube.com\\\/user\\\/Specialsurf78\"]}]}<\/script>\n<!-- \/ Yoast SEO plugin. -->","yoast_head_json":{"title":"Familiar - specialsurf78","description":"Situ\u00e9 en face de la plage de Cova da Alfarroba, au milieu de la baie de Peniche-Baleal, c'est un h\u00f4tel important dans la r\u00e9gion en raison de l\u2019association confort et qualit\u00e9 dans un environnement d\u00e9tendu, qui vous invite \u00e0 profiter des nombreuses activit\u00e9s de plein air et nautiques disponibles.","robots":{"index":"index","follow":"follow","max-snippet":"max-snippet:-1","max-image-preview":"max-image-preview:large","max-video-preview":"max-video-preview:-1"},"canonical":"https:\/\/specialsurf78.com\/fr\/famille\/","og_locale":"fr_FR","og_type":"article","og_title":"Familiar - specialsurf78","og_description":"Localizado mesmo em frente \u00e0 Praia Cova da Alfarroba no meio da ba\u00eda de Peniche \u2013 Baleal \u00e9 uma unidade hoteleira de refer\u00eancia na Regi\u00e3o, pela conjuga\u00e7\u00e3o de conforto e de qualidade, num ambiente descontra\u00eddo e que convida a desfrutar das muitas atividades ao ar livre e em contacto direto com o mar.","og_url":"https:\/\/specialsurf78.com\/fr\/famille\/","og_site_name":"specialsurf78","article_publisher":"https:\/\/www.facebook.com\/specialsurf78\/","article_modified_time":"2026-03-23T15:35:11+00:00","og_image":[{"url":"https:\/\/specialsurf78.com\/wp-content\/uploads\/2020\/07\/about-us_01-1.png","type":"","width":"","height":""}],"twitter_card":"summary_large_image","twitter_misc":{"Dur\u00e9e de lecture estim\u00e9e":"2 minutes"},"schema":{"@context":"https:\/\/schema.org","@graph":[{"@type":"WebPage","@id":"https:\/\/specialsurf78.com\/pt\/familiar\/","url":"https:\/\/specialsurf78.com\/pt\/familiar\/","name":"Familiar - specialsurf78","isPartOf":{"@id":"https:\/\/specialsurf78.com\/pt\/#website"},"primaryImageOfPage":{"@id":"https:\/\/specialsurf78.com\/pt\/familiar\/#primaryimage"},"image":{"@id":"https:\/\/specialsurf78.com\/pt\/familiar\/#primaryimage"},"thumbnailUrl":"https:\/\/specialsurf78.com\/wp-content\/uploads\/2020\/07\/about-us_01-1.png","datePublished":"2021-05-25T10:36:49+00:00","dateModified":"2026-03-23T15:35:11+00:00","description":"Situ\u00e9 en face de la plage de Cova da Alfarroba, au milieu de la baie de Peniche-Baleal, c'est un h\u00f4tel important dans la r\u00e9gion en raison de l\u2019association confort et qualit\u00e9 dans un environnement d\u00e9tendu, qui vous invite \u00e0 profiter des nombreuses activit\u00e9s de plein air et nautiques disponibles.","breadcrumb":{"@id":"https:\/\/specialsurf78.com\/pt\/familiar\/#breadcrumb"},"inLanguage":"fr-FR","potentialAction":[{"@type":"ReadAction","target":["https:\/\/specialsurf78.com\/pt\/familiar\/"]}]},{"@type":"ImageObject","inLanguage":"fr-FR","@id":"https:\/\/specialsurf78.com\/pt\/familiar\/#primaryimage","url":"https:\/\/specialsurf78.com\/wp-content\/uploads\/2020\/07\/about-us_01-1.png","contentUrl":"https:\/\/specialsurf78.com\/wp-content\/uploads\/2020\/07\/about-us_01-1.png"},{"@type":"BreadcrumbList","@id":"https:\/\/specialsurf78.com\/pt\/familiar\/#breadcrumb","itemListElement":[{"@type":"ListItem","position":1,"name":"In\u00edcio","item":"https:\/\/specialsurf78.com\/"},{"@type":"ListItem","position":2,"name":"Familiar"}]},{"@type":"WebSite","@id":"https:\/\/specialsurf78.com\/pt\/#website","url":"https:\/\/specialsurf78.com\/pt\/","name":"specialsurf78","description":"Peniche | Baleal | Escola de Surf","publisher":{"@id":"https:\/\/specialsurf78.com\/pt\/#organization"},"potentialAction":[{"@type":"SearchAction","target":{"@type":"EntryPoint","urlTemplate":"https:\/\/specialsurf78.com\/pt\/?s={search_term_string}"},"query-input":{"@type":"PropertyValueSpecification","valueRequired":true,"valueName":"search_term_string"}}],"inLanguage":"fr-FR"},{"@type":"Organization","@id":"https:\/\/specialsurf78.com\/pt\/#organization","name":"Special Surf 78","url":"https:\/\/specialsurf78.com\/pt\/","logo":{"@type":"ImageObject","inLanguage":"fr-FR","@id":"https:\/\/specialsurf78.com\/pt\/#\/schema\/logo\/image\/","url":"https:\/\/specialsurf78.com\/wp-content\/uploads\/2021\/03\/logo_mail.png","contentUrl":"https:\/\/specialsurf78.com\/wp-content\/uploads\/2021\/03\/logo_mail.png","width":200,"height":111,"caption":"Special Surf 78"},"image":{"@id":"https:\/\/specialsurf78.com\/pt\/#\/schema\/logo\/image\/"},"sameAs":["https:\/\/www.facebook.com\/specialsurf78\/","https:\/\/www.instagram.com\/specialsurf78\/","https:\/\/pt.linkedin.com\/in\/specialsurf78","https:\/\/www.youtube.com\/user\/Specialsurf78"]}]}},"_links":{"self":[{"href":"https:\/\/specialsurf78.com\/fr\/wp-json\/wp\/v2\/pages\/5433","targetHints":{"allow":["GET"]}}],"collection":[{"href":"https:\/\/specialsurf78.com\/fr\/wp-json\/wp\/v2\/pages"}],"about":[{"href":"https:\/\/specialsurf78.com\/fr\/wp-json\/wp\/v2\/types\/page"}],"author":[{"embeddable":true,"href":"https:\/\/specialsurf78.com\/fr\/wp-json\/wp\/v2\/users\/1"}],"replies":[{"embeddable":true,"href":"https:\/\/specialsurf78.com\/fr\/wp-json\/wp\/v2\/comments?post=5433"}],"version-history":[{"count":39,"href":"https:\/\/specialsurf78.com\/fr\/wp-json\/wp\/v2\/pages\/5433\/revisions"}],"predecessor-version":[{"id":9401,"href":"https:\/\/specialsurf78.com\/fr\/wp-json\/wp\/v2\/pages\/5433\/revisions\/9401"}],"wp:attachment":[{"href":"https:\/\/specialsurf78.com\/fr\/wp-json\/wp\/v2\/media?parent=5433"}],"curies":[{"name":"wp","href":"https:\/\/api.w.org\/{rel}","templated":true}]}}