{"id":3543,"date":"2021-03-24T11:23:20","date_gmt":"2021-03-24T11:23:20","guid":{"rendered":"https:\/\/specialsurf78.com\/?page_id=3543"},"modified":"2022-03-17T17:01:46","modified_gmt":"2022-03-17T17:01:46","slug":"lavantage-de-notre-emplacement","status":"publish","type":"page","link":"https:\/\/specialsurf78.com\/fr\/lavantage-de-notre-emplacement\/","title":{"rendered":"L\u2019avantage de notre emplacement"},"content":{"rendered":"<div data-elementor-type=\"wp-page\" data-elementor-id=\"3543\" class=\"elementor elementor-3543\" data-elementor-post-type=\"page\">\n\t\t\t\t\t\t<section class=\"elementor-section elementor-top-section elementor-element elementor-element-06ea22b elementor-section-boxed elementor-section-height-default elementor-section-height-default\" data-id=\"06ea22b\" data-element_type=\"section\" data-e-type=\"section\" data-settings=\"{&quot;background_background&quot;:&quot;classic&quot;}\">\n\t\t\t\t\t\t<div class=\"elementor-container elementor-column-gap-default\">\n\t\t\t\t\t<div class=\"elementor-column elementor-col-100 elementor-top-column elementor-element elementor-element-ff88dc2\" data-id=\"ff88dc2\" data-element_type=\"column\" data-e-type=\"column\">\n\t\t\t<div class=\"elementor-widget-wrap elementor-element-populated\">\n\t\t\t\t\t\t<div class=\"elementor-element elementor-element-bab65c8 elementor-widget elementor-widget-spacer\" data-id=\"bab65c8\" data-element_type=\"widget\" data-e-type=\"widget\" data-widget_type=\"spacer.default\">\n\t\t\t\t<div class=\"elementor-widget-container\">\n\t\t\t\t\t\t\t<div class=\"elementor-spacer\">\n\t\t\t<div class=\"elementor-spacer-inner\"><\/div>\n\t\t<\/div>\n\t\t\t\t\t\t<\/div>\n\t\t\t\t<\/div>\n\t\t\t\t<div class=\"elementor-element elementor-element-ea690b5 aleft elementor-widget elementor-widget-wgl-double-headings\" data-id=\"ea690b5\" data-element_type=\"widget\" data-e-type=\"widget\" data-widget_type=\"wgl-double-headings.default\">\n\t\t\t\t<div class=\"elementor-widget-container\">\n\t\t\t\t\t<div class=\"wgl-double_heading\"><div class=\"dbl__subtitle type-default\"><span class=\"svg_media\"><svg version=\"1.1\" xmlns=\"http:\/\/www.w3.org\/2000\/svg\" xmlns:xlink=\"http:\/\/www.w3.org\/1999\/xlink\" x=\"0px\" y=\"0px\" viewbox=\"0 0 100 13.6\" style=\"enable-background:new 0 0 100 13.6;\" xml:space=\"preserve\"><path class=\"st0\" d=\"M28.8,9.7L33,6.9l4.3,2.9c7.7,5.2,17.7,5.2,25.4,0L67,6.9l4.3,2.9c3.9,2.6,8.3,3.9,12.7,3.9c4.4,0,8.8-1.3,12.7-3.9l3.2-2.1C99.9,6.3,100,5,100,3.7c0-0.6,0-1.1,0-1.7l-0.6-0.9L93.5,5c-5.8,3.9-13.3,3.9-19.1,0L67,0l-7.4,5c-5.8,3.9-13.3,3.9-19.1,0L33,0l-7.4,5C19.8,8.9,12.3,8.9,6.5,5L0.7,1.1L0,2c0,0.6,0,1.1,0,1.7C0,5,0.1,6.3,0.2,7.6l3.2,2.1C11.1,14.9,21,14.9,28.8,9.7z\"\/><\/svg><\/span> <\/div><h3 class=\"dbl__title-wrapper\"><span class=\"dbl__title\">Si vous cherchez du surf \u00e0 Peniche, notre \u00e9cole est situ\u00e9e dans le <a style=\"font-size:20px; color: #FF6B22\" target=\"_blank\" href =\"https:\/\/www.hotelstarinn.com\/?lang=pt-pt\"> H\u00f4tel Star inn Peniche<\/a> et c\u2019est l\u2019endroit id\u00e9al pour asseoir votre \u00e9quipement de surf, permettant \u00e0 toute l\u2019exp\u00e9rience de surf d\u2019\u00eatre plus accessible et confortable.<\/span><\/h3><\/div>\t\t\t\t<\/div>\n\t\t\t\t<\/div>\n\t\t\t\t<div class=\"elementor-element elementor-element-4e354a3 elementor-widget__width-initial elementor-widget-tablet__width-initial elementor-widget-mobile__width-inherit elementor-widget-icon-box wgl-icon-box elementor-widget elementor-widget-wgl-flipbox\" data-id=\"4e354a3\" data-element_type=\"widget\" data-e-type=\"widget\" data-widget_type=\"wgl-flipbox.default\">\n\t\t\t\t<div class=\"elementor-widget-container\">\n\t\t\t\t\t<div class=\"wgl-flipbox type_flip_right\"><div class=\"wgl-flipbox_wrap\"><div class=\"wgl-flipbox_front\"><div class=\"wgl-flipbox_media-wrap\"><div class=\"media-wrapper icon-wrapper\"><span class=\"wgl-icon\" ><i class=\"icon elementor-icon fas fa-fast-forward\" aria-hidden=\"true\"><\/i><\/span><\/div><\/div><h3 class=\"wgl-flipbox_title\"><span>\u00c0 quelques pas de la plage, vous pouvez surfer votre premi\u00e8re vague en 5 minutes.<\/span><\/h3><\/div><div class=\"wgl-flipbox_back\"><\/div><\/div><\/div>\t\t\t\t<\/div>\n\t\t\t\t<\/div>\n\t\t\t\t<div class=\"elementor-element elementor-element-0be3715 elementor-widget__width-initial elementor-widget-tablet__width-initial elementor-widget-mobile__width-inherit elementor-widget-icon-box wgl-icon-box elementor-widget elementor-widget-wgl-flipbox\" data-id=\"0be3715\" data-element_type=\"widget\" data-e-type=\"widget\" data-widget_type=\"wgl-flipbox.default\">\n\t\t\t\t<div class=\"elementor-widget-container\">\n\t\t\t\t\t<div class=\"wgl-flipbox type_flip_bottom\"><div class=\"wgl-flipbox_wrap\"><div class=\"wgl-flipbox_front\"><div class=\"wgl-flipbox_media-wrap\"><div class=\"media-wrapper icon-wrapper\"><span class=\"wgl-icon\" ><i class=\"icon elementor-icon fas fa-grin-stars\" aria-hidden=\"true\"><\/i><\/span><\/div><\/div><h3 class=\"wgl-flipbox_title\"><span>Au SPECIAL SURF 78 SURF CENTER, vous trouverez tout ce dont vous avez besoin pour chaque niveau de surf.<\/span><\/h3><\/div><div class=\"wgl-flipbox_back\"><\/div><\/div><\/div>\t\t\t\t<\/div>\n\t\t\t\t<\/div>\n\t\t\t\t<div class=\"elementor-element elementor-element-266342c elementor-widget__width-initial elementor-widget-tablet__width-initial elementor-widget-mobile__width-inherit elementor-widget-icon-box wgl-icon-box elementor-widget elementor-widget-wgl-flipbox\" data-id=\"266342c\" data-element_type=\"widget\" data-e-type=\"widget\" data-widget_type=\"wgl-flipbox.default\">\n\t\t\t\t<div class=\"elementor-widget-container\">\n\t\t\t\t\t<div class=\"wgl-flipbox type_flip_left\"><div class=\"wgl-flipbox_wrap\"><div class=\"wgl-flipbox_front\"><div class=\"wgl-flipbox_media-wrap\"><div class=\"media-wrapper icon-wrapper\"><span class=\"wgl-icon\" ><i class=\"icon elementor-icon fas fa-hands-helping\" aria-hidden=\"true\"><\/i><\/span><\/div><\/div><h3 class=\"wgl-flipbox_title\"><span>Accompagnement de professionnels pour le choix du meilleur mat\u00e9riel en fonction de votre niveau de surf.<\/span><\/h3><\/div><div class=\"wgl-flipbox_back\"><\/div><\/div><\/div>\t\t\t\t<\/div>\n\t\t\t\t<\/div>\n\t\t\t\t<div class=\"elementor-element elementor-element-3c22602 elementor-widget__width-initial elementor-widget-tablet__width-initial elementor-widget-mobile__width-inherit elementor-widget-icon-box wgl-icon-box elementor-widget elementor-widget-wgl-flipbox\" data-id=\"3c22602\" data-element_type=\"widget\" data-e-type=\"widget\" data-widget_type=\"wgl-flipbox.default\">\n\t\t\t\t<div class=\"elementor-widget-container\">\n\t\t\t\t\t<div class=\"wgl-flipbox type_flip_right\"><div class=\"wgl-flipbox_wrap\"><div class=\"wgl-flipbox_front\"><div class=\"wgl-flipbox_media-wrap\"><div class=\"media-wrapper icon-wrapper\"><span class=\"wgl-icon\" ><i class=\"icon elementor-icon fas fa-sync\" aria-hidden=\"true\"><\/i><\/span><\/div><\/div><h3 class=\"wgl-flipbox_title\"><span>Si le mat\u00e9riel que vous avez lou\u00e9 ne vous convient pas pour une raison quelconque, vous pouvez retourner directement \u00e0 l'\u00e9cole et l'\u00e9changer, sans restriction ni perte de temps.<\/span><\/h3><\/div><div class=\"wgl-flipbox_back\"><\/div><\/div><\/div>\t\t\t\t<\/div>\n\t\t\t\t<\/div>\n\t\t\t\t<div class=\"elementor-element elementor-element-94f28f1 elementor-widget__width-initial elementor-widget-tablet__width-initial elementor-widget-mobile__width-inherit elementor-widget-icon-box wgl-icon-box elementor-widget elementor-widget-wgl-flipbox\" data-id=\"94f28f1\" data-element_type=\"widget\" data-e-type=\"widget\" data-widget_type=\"wgl-flipbox.default\">\n\t\t\t\t<div class=\"elementor-widget-container\">\n\t\t\t\t\t<div class=\"wgl-flipbox type_flip_top\"><div class=\"wgl-flipbox_wrap\"><div class=\"wgl-flipbox_front\"><div class=\"wgl-flipbox_media-wrap\"><div class=\"media-wrapper icon-wrapper\"><span class=\"wgl-icon\" ><i class=\"icon elementor-icon fas fa-star\" aria-hidden=\"true\"><\/i><\/span><\/div><\/div><h3 class=\"wgl-flipbox_title\"><span>Situation strat\u00e9gique face aux meilleures vagues de Peniche et Baleal.<\/span><\/h3><\/div><div class=\"wgl-flipbox_back\"><\/div><\/div><\/div>\t\t\t\t<\/div>\n\t\t\t\t<\/div>\n\t\t\t\t<div class=\"elementor-element elementor-element-5afbd3e elementor-widget__width-initial elementor-widget-tablet__width-initial elementor-widget-mobile__width-inherit elementor-widget-icon-box wgl-icon-box elementor-widget elementor-widget-wgl-flipbox\" data-id=\"5afbd3e\" data-element_type=\"widget\" data-e-type=\"widget\" data-widget_type=\"wgl-flipbox.default\">\n\t\t\t\t<div class=\"elementor-widget-container\">\n\t\t\t\t\t<div class=\"wgl-flipbox type_flip_left\"><div class=\"wgl-flipbox_wrap\"><div class=\"wgl-flipbox_front\"><div class=\"wgl-flipbox_media-wrap\"><div class=\"media-wrapper icon-wrapper\"><span class=\"wgl-icon\" ><i class=\"icon elementor-icon fas fa-restroom\" aria-hidden=\"true\"><\/i><\/span><\/div><\/div><h3 class=\"wgl-flipbox_title\"><span>Des vestiaires, pour pr\u00e9server l'intimit\u00e9 de nos visiteurs.<\/span><\/h3><\/div><div class=\"wgl-flipbox_back\"><\/div><\/div><\/div>\t\t\t\t<\/div>\n\t\t\t\t<\/div>\n\t\t\t\t<div class=\"elementor-element elementor-element-bc850e0 elementor-widget__width-initial elementor-widget-tablet__width-initial elementor-widget-mobile__width-inherit elementor-widget-icon-box wgl-icon-box elementor-widget elementor-widget-wgl-flipbox\" data-id=\"bc850e0\" data-element_type=\"widget\" data-e-type=\"widget\" data-widget_type=\"wgl-flipbox.default\">\n\t\t\t\t<div class=\"elementor-widget-container\">\n\t\t\t\t\t<div class=\"wgl-flipbox type_flip_left\"><div class=\"wgl-flipbox_wrap\"><div class=\"wgl-flipbox_front\"><div class=\"wgl-flipbox_media-wrap\"><div class=\"media-wrapper icon-wrapper\"><span class=\"wgl-icon\" ><i class=\"icon elementor-icon flaticon flaticon-padlock\" aria-hidden=\"true\"><\/i><\/span><\/div><\/div><h3 class=\"wgl-flipbox_title\"><span>Des casiers, o\u00f9 vous pouvez ranger vos affaires en toute s\u00e9curit\u00e9.<\/span><\/h3><\/div><div class=\"wgl-flipbox_back\"><\/div><\/div><\/div>\t\t\t\t<\/div>\n\t\t\t\t<\/div>\n\t\t\t\t<div class=\"elementor-element elementor-element-46597d8 elementor-widget__width-initial elementor-widget-tablet__width-initial elementor-widget-mobile__width-inherit elementor-widget-icon-box wgl-icon-box elementor-widget elementor-widget-wgl-flipbox\" data-id=\"46597d8\" data-element_type=\"widget\" data-e-type=\"widget\" data-widget_type=\"wgl-flipbox.default\">\n\t\t\t\t<div class=\"elementor-widget-container\">\n\t\t\t\t\t<div class=\"wgl-flipbox type_flip_left\"><div class=\"wgl-flipbox_wrap\"><div class=\"wgl-flipbox_front\"><div class=\"wgl-flipbox_media-wrap\"><div class=\"media-wrapper icon-wrapper\"><span class=\"wgl-icon\" ><i class=\"icon elementor-icon fas fa-shower\" aria-hidden=\"true\"><\/i><\/span><\/div><\/div><h3 class=\"wgl-flipbox_title\"><span>Espace de douche ext\u00e9rieur.<\/span><\/h3><\/div><div class=\"wgl-flipbox_back\"><\/div><\/div><\/div>\t\t\t\t<\/div>\n\t\t\t\t<\/div>\n\t\t\t\t<div class=\"elementor-element elementor-element-e02b137 elementor-widget__width-initial elementor-widget-tablet__width-initial elementor-widget-mobile__width-inherit elementor-widget-icon-box wgl-icon-box elementor-widget elementor-widget-wgl-flipbox\" data-id=\"e02b137\" data-element_type=\"widget\" data-e-type=\"widget\" data-widget_type=\"wgl-flipbox.default\">\n\t\t\t\t<div class=\"elementor-widget-container\">\n\t\t\t\t\t<div class=\"wgl-flipbox type_flip_left\"><div class=\"wgl-flipbox_wrap\"><div class=\"wgl-flipbox_front\"><div class=\"wgl-flipbox_media-wrap\"><div class=\"media-wrapper icon-wrapper\"><span class=\"wgl-icon\" ><i class=\"icon elementor-icon fas fa-bath\" aria-hidden=\"true\"><\/i><\/span><\/div><\/div><h3 class=\"wgl-flipbox_title\"><span> Toilettes.<\/span><\/h3><\/div><div class=\"wgl-flipbox_back\"><\/div><\/div><\/div>\t\t\t\t<\/div>\n\t\t\t\t<\/div>\n\t\t\t\t<div class=\"elementor-element elementor-element-4776331 elementor-widget elementor-widget-spacer\" data-id=\"4776331\" data-element_type=\"widget\" data-e-type=\"widget\" data-widget_type=\"spacer.default\">\n\t\t\t\t<div class=\"elementor-widget-container\">\n\t\t\t\t\t\t\t<div class=\"elementor-spacer\">\n\t\t\t<div class=\"elementor-spacer-inner\"><\/div>\n\t\t<\/div>\n\t\t\t\t\t\t<\/div>\n\t\t\t\t<\/div>\n\t\t\t\t\t<\/div>\n\t\t<\/div>\n\t\t\t\t\t<\/div>\n\t\t<\/section>\n\t\t\t\t<\/div>","protected":false},"excerpt":{"rendered":"<p>Se procuras surf em Peniche, a nossa escola est\u00e1 localizada no Hotel Star inn Peniche e \u00e9 o local perfeito para alugares o teu equipamento de surf, permitindo que toda a experi\u00eancia de surf seja mais acess\u00edvel e confort\u00e1vel. A poucos passos da praia, em 5 minutos est\u00e1 a apanhar a primeira onda. Na escola, [&hellip;]<\/p>\n","protected":false},"author":1,"featured_media":0,"parent":0,"menu_order":0,"comment_status":"closed","ping_status":"closed","template":"","meta":{"_joinchat":[],"footnotes":""},"class_list":["post-3543","page","type-page","status-publish","hentry"],"yoast_head":"<!-- This site is optimized with the Yoast SEO plugin v27.4 - https:\/\/yoast.com\/product\/yoast-seo-wordpress\/ -->\n<title>A vantagem da nossa localiza\u00e7\u00e3o - specialsurf78<\/title>\n<meta name=\"description\" content=\"Se procuras surf em Peniche, a nossa escola \u00e9 o local perfeito para alugares o teu equipamento de surf, permitindo que toda a experi\u00eancia de surf seja mais acess\u00edvel e confort\u00e1vel.\" \/>\n<meta name=\"robots\" content=\"index, follow, max-snippet:-1, max-image-preview:large, max-video-preview:-1\" \/>\n<link rel=\"canonical\" href=\"https:\/\/specialsurf78.com\/fr\/lavantage-de-notre-emplacement\/\" \/>\n<meta property=\"og:locale\" content=\"fr_FR\" \/>\n<meta property=\"og:type\" content=\"article\" \/>\n<meta property=\"og:title\" content=\"A vantagem da nossa localiza\u00e7\u00e3o - specialsurf78\" \/>\n<meta property=\"og:description\" content=\"Se procuras surf em Peniche, a nossa escola \u00e9 o local perfeito para alugares o teu equipamento de surf, permitindo que toda a experi\u00eancia de surf seja mais acess\u00edvel e confort\u00e1vel.\" \/>\n<meta property=\"og:url\" content=\"https:\/\/specialsurf78.com\/fr\/lavantage-de-notre-emplacement\/\" \/>\n<meta property=\"og:site_name\" content=\"specialsurf78\" \/>\n<meta property=\"article:publisher\" content=\"https:\/\/www.facebook.com\/specialsurf78\/\" \/>\n<meta property=\"article:modified_time\" content=\"2022-03-17T17:01:46+00:00\" \/>\n<meta name=\"twitter:card\" content=\"summary_large_image\" \/>\n<meta name=\"twitter:label1\" content=\"Dur\u00e9e de lecture estim\u00e9e\" \/>\n\t<meta name=\"twitter:data1\" content=\"1 minute\" \/>\n<script type=\"application\/ld+json\" class=\"yoast-schema-graph\">{\"@context\":\"https:\\\/\\\/schema.org\",\"@graph\":[{\"@type\":\"WebPage\",\"@id\":\"https:\\\/\\\/specialsurf78.com\\\/a-vantagem-da-nossa-localizacao\\\/\",\"url\":\"https:\\\/\\\/specialsurf78.com\\\/a-vantagem-da-nossa-localizacao\\\/\",\"name\":\"A vantagem da nossa localiza\u00e7\u00e3o - specialsurf78\",\"isPartOf\":{\"@id\":\"https:\\\/\\\/specialsurf78.com\\\/pt\\\/#website\"},\"datePublished\":\"2021-03-24T11:23:20+00:00\",\"dateModified\":\"2022-03-17T17:01:46+00:00\",\"description\":\"Se procuras surf em Peniche, a nossa escola \u00e9 o local perfeito para alugares o teu equipamento de surf, permitindo que toda a experi\u00eancia de surf seja mais acess\u00edvel e confort\u00e1vel.\",\"breadcrumb\":{\"@id\":\"https:\\\/\\\/specialsurf78.com\\\/a-vantagem-da-nossa-localizacao\\\/#breadcrumb\"},\"inLanguage\":\"fr-FR\",\"potentialAction\":[{\"@type\":\"ReadAction\",\"target\":[\"https:\\\/\\\/specialsurf78.com\\\/a-vantagem-da-nossa-localizacao\\\/\"]}]},{\"@type\":\"BreadcrumbList\",\"@id\":\"https:\\\/\\\/specialsurf78.com\\\/a-vantagem-da-nossa-localizacao\\\/#breadcrumb\",\"itemListElement\":[{\"@type\":\"ListItem\",\"position\":1,\"name\":\"In\u00edcio\",\"item\":\"https:\\\/\\\/specialsurf78.com\\\/\"},{\"@type\":\"ListItem\",\"position\":2,\"name\":\"A vantagem da nossa localiza\u00e7\u00e3o\"}]},{\"@type\":\"WebSite\",\"@id\":\"https:\\\/\\\/specialsurf78.com\\\/pt\\\/#website\",\"url\":\"https:\\\/\\\/specialsurf78.com\\\/pt\\\/\",\"name\":\"specialsurf78\",\"description\":\"Peniche | Baleal | Escola de Surf\",\"publisher\":{\"@id\":\"https:\\\/\\\/specialsurf78.com\\\/pt\\\/#organization\"},\"potentialAction\":[{\"@type\":\"SearchAction\",\"target\":{\"@type\":\"EntryPoint\",\"urlTemplate\":\"https:\\\/\\\/specialsurf78.com\\\/pt\\\/?s={search_term_string}\"},\"query-input\":{\"@type\":\"PropertyValueSpecification\",\"valueRequired\":true,\"valueName\":\"search_term_string\"}}],\"inLanguage\":\"fr-FR\"},{\"@type\":\"Organization\",\"@id\":\"https:\\\/\\\/specialsurf78.com\\\/pt\\\/#organization\",\"name\":\"Special Surf 78\",\"url\":\"https:\\\/\\\/specialsurf78.com\\\/pt\\\/\",\"logo\":{\"@type\":\"ImageObject\",\"inLanguage\":\"fr-FR\",\"@id\":\"https:\\\/\\\/specialsurf78.com\\\/pt\\\/#\\\/schema\\\/logo\\\/image\\\/\",\"url\":\"https:\\\/\\\/specialsurf78.com\\\/wp-content\\\/uploads\\\/2021\\\/03\\\/logo_mail.png\",\"contentUrl\":\"https:\\\/\\\/specialsurf78.com\\\/wp-content\\\/uploads\\\/2021\\\/03\\\/logo_mail.png\",\"width\":200,\"height\":111,\"caption\":\"Special Surf 78\"},\"image\":{\"@id\":\"https:\\\/\\\/specialsurf78.com\\\/pt\\\/#\\\/schema\\\/logo\\\/image\\\/\"},\"sameAs\":[\"https:\\\/\\\/www.facebook.com\\\/specialsurf78\\\/\",\"https:\\\/\\\/www.instagram.com\\\/specialsurf78\\\/\",\"https:\\\/\\\/pt.linkedin.com\\\/in\\\/specialsurf78\",\"https:\\\/\\\/www.youtube.com\\\/user\\\/Specialsurf78\"]}]}<\/script>\n<!-- \/ Yoast SEO plugin. -->","yoast_head_json":{"title":"A vantagem da nossa localiza\u00e7\u00e3o - specialsurf78","description":"Si vous voulez surfer \u00e0 Peniche, notre \u00e9cole est l'endroit id\u00e9al pour louer votre \u00e9quipement de surf et vous faire vivre une exp\u00e9rience de surf plus accessible et confortable.","robots":{"index":"index","follow":"follow","max-snippet":"max-snippet:-1","max-image-preview":"max-image-preview:large","max-video-preview":"max-video-preview:-1"},"canonical":"https:\/\/specialsurf78.com\/fr\/lavantage-de-notre-emplacement\/","og_locale":"fr_FR","og_type":"article","og_title":"A vantagem da nossa localiza\u00e7\u00e3o - specialsurf78","og_description":"Se procuras surf em Peniche, a nossa escola \u00e9 o local perfeito para alugares o teu equipamento de surf, permitindo que toda a experi\u00eancia de surf seja mais acess\u00edvel e confort\u00e1vel.","og_url":"https:\/\/specialsurf78.com\/fr\/lavantage-de-notre-emplacement\/","og_site_name":"specialsurf78","article_publisher":"https:\/\/www.facebook.com\/specialsurf78\/","article_modified_time":"2022-03-17T17:01:46+00:00","twitter_card":"summary_large_image","twitter_misc":{"Dur\u00e9e de lecture estim\u00e9e":"1 minute"},"schema":{"@context":"https:\/\/schema.org","@graph":[{"@type":"WebPage","@id":"https:\/\/specialsurf78.com\/a-vantagem-da-nossa-localizacao\/","url":"https:\/\/specialsurf78.com\/a-vantagem-da-nossa-localizacao\/","name":"A vantagem da nossa localiza\u00e7\u00e3o - specialsurf78","isPartOf":{"@id":"https:\/\/specialsurf78.com\/pt\/#website"},"datePublished":"2021-03-24T11:23:20+00:00","dateModified":"2022-03-17T17:01:46+00:00","description":"Si vous voulez surfer \u00e0 Peniche, notre \u00e9cole est l'endroit id\u00e9al pour louer votre \u00e9quipement de surf et vous faire vivre une exp\u00e9rience de surf plus accessible et confortable.","breadcrumb":{"@id":"https:\/\/specialsurf78.com\/a-vantagem-da-nossa-localizacao\/#breadcrumb"},"inLanguage":"fr-FR","potentialAction":[{"@type":"ReadAction","target":["https:\/\/specialsurf78.com\/a-vantagem-da-nossa-localizacao\/"]}]},{"@type":"BreadcrumbList","@id":"https:\/\/specialsurf78.com\/a-vantagem-da-nossa-localizacao\/#breadcrumb","itemListElement":[{"@type":"ListItem","position":1,"name":"In\u00edcio","item":"https:\/\/specialsurf78.com\/"},{"@type":"ListItem","position":2,"name":"A vantagem da nossa localiza\u00e7\u00e3o"}]},{"@type":"WebSite","@id":"https:\/\/specialsurf78.com\/pt\/#website","url":"https:\/\/specialsurf78.com\/pt\/","name":"specialsurf78","description":"Peniche | Baleal | Escola de Surf","publisher":{"@id":"https:\/\/specialsurf78.com\/pt\/#organization"},"potentialAction":[{"@type":"SearchAction","target":{"@type":"EntryPoint","urlTemplate":"https:\/\/specialsurf78.com\/pt\/?s={search_term_string}"},"query-input":{"@type":"PropertyValueSpecification","valueRequired":true,"valueName":"search_term_string"}}],"inLanguage":"fr-FR"},{"@type":"Organization","@id":"https:\/\/specialsurf78.com\/pt\/#organization","name":"Special Surf 78","url":"https:\/\/specialsurf78.com\/pt\/","logo":{"@type":"ImageObject","inLanguage":"fr-FR","@id":"https:\/\/specialsurf78.com\/pt\/#\/schema\/logo\/image\/","url":"https:\/\/specialsurf78.com\/wp-content\/uploads\/2021\/03\/logo_mail.png","contentUrl":"https:\/\/specialsurf78.com\/wp-content\/uploads\/2021\/03\/logo_mail.png","width":200,"height":111,"caption":"Special Surf 78"},"image":{"@id":"https:\/\/specialsurf78.com\/pt\/#\/schema\/logo\/image\/"},"sameAs":["https:\/\/www.facebook.com\/specialsurf78\/","https:\/\/www.instagram.com\/specialsurf78\/","https:\/\/pt.linkedin.com\/in\/specialsurf78","https:\/\/www.youtube.com\/user\/Specialsurf78"]}]}},"_links":{"self":[{"href":"https:\/\/specialsurf78.com\/fr\/wp-json\/wp\/v2\/pages\/3543","targetHints":{"allow":["GET"]}}],"collection":[{"href":"https:\/\/specialsurf78.com\/fr\/wp-json\/wp\/v2\/pages"}],"about":[{"href":"https:\/\/specialsurf78.com\/fr\/wp-json\/wp\/v2\/types\/page"}],"author":[{"embeddable":true,"href":"https:\/\/specialsurf78.com\/fr\/wp-json\/wp\/v2\/users\/1"}],"replies":[{"embeddable":true,"href":"https:\/\/specialsurf78.com\/fr\/wp-json\/wp\/v2\/comments?post=3543"}],"version-history":[{"count":101,"href":"https:\/\/specialsurf78.com\/fr\/wp-json\/wp\/v2\/pages\/3543\/revisions"}],"predecessor-version":[{"id":7026,"href":"https:\/\/specialsurf78.com\/fr\/wp-json\/wp\/v2\/pages\/3543\/revisions\/7026"}],"wp:attachment":[{"href":"https:\/\/specialsurf78.com\/fr\/wp-json\/wp\/v2\/media?parent=3543"}],"curies":[{"name":"wp","href":"https:\/\/api.w.org\/{rel}","templated":true}]}}