{"id":331,"date":"2020-07-15T07:43:17","date_gmt":"2020-07-15T07:43:17","guid":{"rendered":"http:\/\/wgl-demo.net\/atlets\/?page_id=331"},"modified":"2023-01-20T12:13:37","modified_gmt":"2023-01-20T12:13:37","slug":"contactez-nous","status":"publish","type":"page","link":"https:\/\/specialsurf78.com\/fr\/contactez-nous\/","title":{"rendered":"Contactez-nous"},"content":{"rendered":"<div data-elementor-type=\"wp-page\" data-elementor-id=\"331\" class=\"elementor elementor-331\" data-elementor-post-type=\"page\">\n\t\t\t\t\t\t<section class=\"elementor-section elementor-top-section elementor-element elementor-element-2e6a45c elementor-section-boxed elementor-section-height-default elementor-section-height-default\" data-id=\"2e6a45c\" data-element_type=\"section\" data-e-type=\"section\">\n\t\t\t\t\t\t<div class=\"elementor-container elementor-column-gap-default\">\n\t\t\t\t\t<div class=\"elementor-column elementor-col-100 elementor-top-column elementor-element elementor-element-ee9c6e4\" data-id=\"ee9c6e4\" data-element_type=\"column\" data-e-type=\"column\">\n\t\t\t<div class=\"elementor-widget-wrap elementor-element-populated\">\n\t\t\t\t\t\t<div class=\"elementor-element elementor-element-6063975 acenter elementor-widget elementor-widget-wgl-double-headings\" data-id=\"6063975\" data-element_type=\"widget\" data-e-type=\"widget\" data-widget_type=\"wgl-double-headings.default\">\n\t\t\t\t<div class=\"elementor-widget-container\">\n\t\t\t\t\t<div class=\"wgl-double_heading\"><div class=\"dbl__subtitle type-default\"><span class=\"svg_media\"><svg version=\"1.1\" xmlns=\"http:\/\/www.w3.org\/2000\/svg\" xmlns:xlink=\"http:\/\/www.w3.org\/1999\/xlink\" x=\"0px\" y=\"0px\" viewbox=\"0 0 100 13.6\" style=\"enable-background:new 0 0 100 13.6;\" xml:space=\"preserve\"><path class=\"st0\" d=\"M28.8,9.7L33,6.9l4.3,2.9c7.7,5.2,17.7,5.2,25.4,0L67,6.9l4.3,2.9c3.9,2.6,8.3,3.9,12.7,3.9c4.4,0,8.8-1.3,12.7-3.9l3.2-2.1C99.9,6.3,100,5,100,3.7c0-0.6,0-1.1,0-1.7l-0.6-0.9L93.5,5c-5.8,3.9-13.3,3.9-19.1,0L67,0l-7.4,5c-5.8,3.9-13.3,3.9-19.1,0L33,0l-7.4,5C19.8,8.9,12.3,8.9,6.5,5L0.7,1.1L0,2c0,0.6,0,1.1,0,1.7C0,5,0.1,6.3,0.2,7.6l3.2,2.1C11.1,14.9,21,14.9,28.8,9.7z\"\/><\/svg><\/span> <\/div><h3 class=\"dbl__title-wrapper\"><span class=\"dbl__title\">N\u2019h\u00e9sitez pas \u00e0 nous parler <\/span><\/h3><\/div>\t\t\t\t<\/div>\n\t\t\t\t<\/div>\n\t\t\t\t<div class=\"elementor-element elementor-element-a74bc46 elementor-widget elementor-widget-text-editor\" data-id=\"a74bc46\" data-element_type=\"widget\" data-e-type=\"widget\" data-widget_type=\"text-editor.default\">\n\t\t\t\t<div class=\"elementor-widget-container\">\n\t\t\t\t\t\t\t\t\t<p>Contactez-nous pour discuter de vos besoins de bien-\u00eatre Appelez-nous, envoyez-nous un e-mail ou remplissez le formulaire de contact et nous vous contacterons.<\/p>\t\t\t\t\t\t\t\t<\/div>\n\t\t\t\t<\/div>\n\t\t\t\t\t<\/div>\n\t\t<\/div>\n\t\t\t\t\t<\/div>\n\t\t<\/section>\n\t\t\t\t<section class=\"elementor-section elementor-top-section elementor-element elementor-element-4570cee elementor-section-boxed elementor-section-height-default elementor-section-height-default\" data-id=\"4570cee\" data-element_type=\"section\" data-e-type=\"section\">\n\t\t\t\t\t\t<div class=\"elementor-container elementor-column-gap-default\">\n\t\t\t\t\t<div class=\"elementor-column elementor-col-33 elementor-top-column elementor-element elementor-element-d869bfd\" data-id=\"d869bfd\" data-element_type=\"column\" data-e-type=\"column\">\n\t\t\t<div class=\"elementor-widget-wrap elementor-element-populated\">\n\t\t\t\t\t\t<div class=\"elementor-element elementor-element-c84c98d elementor-widget-mobile__width-inherit aleft elementor-widget-icon-box wgl-icon-box elementor-view-default elementor-widget elementor-widget-wgl-info-box\" data-id=\"c84c98d\" data-element_type=\"widget\" data-e-type=\"widget\" data-widget_type=\"wgl-info-box.default\">\n\t\t\t\t<div class=\"elementor-widget-container\">\n\t\t\t\t\t<div class=\"wgl-infobox\"><div class=\"wgl-infobox_wrapper wgl-layout-left\"><div class=\"media-wrapper icon-wrapper\"><span class=\"wgl-icon\" ><i class=\"icon elementor-icon flaticon flaticon-pin\" aria-hidden=\"true\"><\/i><\/span><\/div><div class=\"content_wrapper\"><div class=\"wgl-infobox-title_wrapper\"><h3 class=\"wgl-infobox_title\">Adresse<\/h3><\/div><div class=\"wgl-infobox_content\"><div class=\"row text-center justify-content-center\"><div class=\"style76 col\"><div class=\"row text-center justify-content-center\"><div class=\"style76 col\"><p class=\"style74\">H\u00f4tel Star inn Peniche, avenue de la plage, baleal, 2520-206 Peniche<\/p><\/div><\/div><\/div><\/div><\/div><\/div><\/div><\/div>\t\t\t\t<\/div>\n\t\t\t\t<\/div>\n\t\t\t\t\t<\/div>\n\t\t<\/div>\n\t\t\t\t<div class=\"elementor-column elementor-col-33 elementor-top-column elementor-element elementor-element-001df33\" data-id=\"001df33\" data-element_type=\"column\" data-e-type=\"column\">\n\t\t\t<div class=\"elementor-widget-wrap elementor-element-populated\">\n\t\t\t\t\t\t<div class=\"elementor-element elementor-element-91e563b elementor-widget-mobile__width-inherit aleft elementor-widget-icon-box wgl-icon-box elementor-view-default elementor-widget elementor-widget-wgl-info-box\" data-id=\"91e563b\" data-element_type=\"widget\" data-e-type=\"widget\" data-widget_type=\"wgl-info-box.default\">\n\t\t\t\t<div class=\"elementor-widget-container\">\n\t\t\t\t\t<div class=\"wgl-infobox\"><div class=\"wgl-infobox_wrapper wgl-layout-left\"><div class=\"media-wrapper icon-wrapper\"><span class=\"wgl-icon\" ><i class=\"icon elementor-icon flaticon flaticon-phone-1\" aria-hidden=\"true\"><\/i><\/span><\/div><div class=\"content_wrapper\"><div class=\"wgl-infobox-title_wrapper\"><h3 class=\"wgl-infobox_title\">Num\u00e9ro de t\u00e9l\u00e9phone<\/h3><\/div><div class=\"wgl-infobox_content\"><p><span>+351 910 624 422<br \/><\/span>+351 964 081 375<\/p><\/div><\/div><\/div><\/div>\t\t\t\t<\/div>\n\t\t\t\t<\/div>\n\t\t\t\t\t<\/div>\n\t\t<\/div>\n\t\t\t\t<div class=\"elementor-column elementor-col-33 elementor-top-column elementor-element elementor-element-237e49f\" data-id=\"237e49f\" data-element_type=\"column\" data-e-type=\"column\">\n\t\t\t<div class=\"elementor-widget-wrap elementor-element-populated\">\n\t\t\t\t\t\t<div class=\"elementor-element elementor-element-cc107ba elementor-widget-mobile__width-inherit aleft elementor-widget-icon-box wgl-icon-box elementor-view-default elementor-widget elementor-widget-wgl-info-box\" data-id=\"cc107ba\" data-element_type=\"widget\" data-e-type=\"widget\" data-widget_type=\"wgl-info-box.default\">\n\t\t\t\t<div class=\"elementor-widget-container\">\n\t\t\t\t\t<div class=\"wgl-infobox\"><div class=\"wgl-infobox_wrapper wgl-layout-left\"><div class=\"media-wrapper icon-wrapper\"><span class=\"wgl-icon\" ><i class=\"icon elementor-icon flaticon flaticon-at\" aria-hidden=\"true\"><\/i><\/span><\/div><div class=\"content_wrapper\"><div class=\"wgl-infobox-title_wrapper\"><h3 class=\"wgl-infobox_title\">Adresse e-mail<\/h3><\/div><div class=\"wgl-infobox_content\"><p><a href=\"mailto:info@specialsurf78.com\"><span class=\"elementor-icon-list-text\">info@specialsurf78.com<\/span><\/a><br \/><br \/><\/p><\/div><\/div><\/div><\/div>\t\t\t\t<\/div>\n\t\t\t\t<\/div>\n\t\t\t\t\t<\/div>\n\t\t<\/div>\n\t\t\t\t\t<\/div>\n\t\t<\/section>\n\t\t\t\t<section class=\"elementor-section elementor-top-section elementor-element elementor-element-ff2461d elementor-section-boxed elementor-section-height-default elementor-section-height-default\" data-id=\"ff2461d\" data-element_type=\"section\" data-e-type=\"section\">\n\t\t\t\t\t\t<div class=\"elementor-container elementor-column-gap-default\">\n\t\t\t\t\t<div class=\"elementor-column elementor-col-100 elementor-top-column elementor-element elementor-element-e5a505d\" data-id=\"e5a505d\" data-element_type=\"column\" data-e-type=\"column\">\n\t\t\t<div class=\"elementor-widget-wrap elementor-element-populated\">\n\t\t\t\t\t\t<div class=\"elementor-element elementor-element-2369ec7 elementor-widget elementor-widget-spacer\" data-id=\"2369ec7\" data-element_type=\"widget\" data-e-type=\"widget\" data-widget_type=\"spacer.default\">\n\t\t\t\t<div class=\"elementor-widget-container\">\n\t\t\t\t\t\t\t<div class=\"elementor-spacer\">\n\t\t\t<div class=\"elementor-spacer-inner\"><\/div>\n\t\t<\/div>\n\t\t\t\t\t\t<\/div>\n\t\t\t\t<\/div>\n\t\t\t\t\t<\/div>\n\t\t<\/div>\n\t\t\t\t\t<\/div>\n\t\t<\/section>\n\t\t\t\t<section class=\"elementor-section elementor-top-section elementor-element elementor-element-15dbb4b elementor-section-boxed elementor-section-height-default elementor-section-height-default\" data-id=\"15dbb4b\" data-element_type=\"section\" data-e-type=\"section\">\n\t\t\t\t\t\t<div class=\"elementor-container elementor-column-gap-default\">\n\t\t\t\t\t<div class=\"elementor-column elementor-col-100 elementor-top-column elementor-element elementor-element-2ef3155\" data-id=\"2ef3155\" data-element_type=\"column\" data-e-type=\"column\">\n\t\t\t<div class=\"elementor-widget-wrap elementor-element-populated\">\n\t\t\t\t\t\t<section class=\"elementor-section elementor-inner-section elementor-element elementor-element-96f05de elementor-section-boxed elementor-section-height-default elementor-section-height-default\" data-id=\"96f05de\" data-element_type=\"section\" data-e-type=\"section\" data-settings=\"{&quot;background_background&quot;:&quot;classic&quot;}\">\n\t\t\t\t\t\t<div class=\"elementor-container elementor-column-gap-default\">\n\t\t\t\t\t<div class=\"elementor-column elementor-col-100 elementor-inner-column elementor-element elementor-element-cebbed8\" data-id=\"cebbed8\" data-element_type=\"column\" data-e-type=\"column\">\n\t\t\t<div class=\"elementor-widget-wrap elementor-element-populated\">\n\t\t\t\t\t\t<div class=\"elementor-element elementor-element-1a79c30 acenter elementor-widget elementor-widget-wgl-double-headings\" data-id=\"1a79c30\" data-element_type=\"widget\" data-e-type=\"widget\" data-widget_type=\"wgl-double-headings.default\">\n\t\t\t\t<div class=\"elementor-widget-container\">\n\t\t\t\t\t<div class=\"wgl-double_heading\"><div class=\"dbl__subtitle type-default\"><span class=\"svg_media\"><svg version=\"1.1\" xmlns=\"http:\/\/www.w3.org\/2000\/svg\" xmlns:xlink=\"http:\/\/www.w3.org\/1999\/xlink\" x=\"0px\" y=\"0px\" viewbox=\"0 0 100 13.6\" style=\"enable-background:new 0 0 100 13.6;\" xml:space=\"preserve\"><path class=\"st0\" d=\"M28.8,9.7L33,6.9l4.3,2.9c7.7,5.2,17.7,5.2,25.4,0L67,6.9l4.3,2.9c3.9,2.6,8.3,3.9,12.7,3.9c4.4,0,8.8-1.3,12.7-3.9l3.2-2.1C99.9,6.3,100,5,100,3.7c0-0.6,0-1.1,0-1.7l-0.6-0.9L93.5,5c-5.8,3.9-13.3,3.9-19.1,0L67,0l-7.4,5c-5.8,3.9-13.3,3.9-19.1,0L33,0l-7.4,5C19.8,8.9,12.3,8.9,6.5,5L0.7,1.1L0,2c0,0.6,0,1.1,0,1.7C0,5,0.1,6.3,0.2,7.6l3.2,2.1C11.1,14.9,21,14.9,28.8,9.7z\"\/><\/svg><\/span> <\/div><h3 class=\"dbl__title-wrapper\"><span class=\"dbl__title\">Contactez-nous <\/span><\/h3><\/div>\t\t\t\t<\/div>\n\t\t\t\t<\/div>\n\t\t\t\t<div class=\"elementor-element elementor-element-9c4f6a1 elementor-widget elementor-widget-shortcode\" data-id=\"9c4f6a1\" data-element_type=\"widget\" data-e-type=\"widget\" data-widget_type=\"shortcode.default\">\n\t\t\t\t<div class=\"elementor-widget-container\">\n\t\t\t\t\t\t\t<div class=\"elementor-shortcode\">\n<div class=\"wpcf7 no-js\" id=\"wpcf7-f359-o1\" lang=\"en-US\" dir=\"ltr\" data-wpcf7-id=\"359\">\n<div class=\"screen-reader-response\"><p role=\"status\" aria-live=\"polite\" aria-atomic=\"true\"><\/p> <ul><\/ul><\/div>\n<form action=\"\/fr\/wp-json\/wp\/v2\/pages\/331#wpcf7-f359-o1\" method=\"post\" class=\"wpcf7-form init\" aria-label=\"Contact form\" novalidate=\"novalidate\" data-status=\"init\" data-trp-original-action=\"\/fr\/wp-json\/wp\/v2\/pages\/331#wpcf7-f359-o1\">\n<fieldset class=\"hidden-fields-container\"><input type=\"hidden\" name=\"_wpcf7\" value=\"359\" \/><input type=\"hidden\" name=\"_wpcf7_version\" value=\"6.1.5\" \/><input type=\"hidden\" name=\"_wpcf7_locale\" value=\"en_US\" \/><input type=\"hidden\" name=\"_wpcf7_unit_tag\" value=\"wpcf7-f359-o1\" \/><input type=\"hidden\" name=\"_wpcf7_container_post\" value=\"0\" \/><input type=\"hidden\" name=\"_wpcf7_posted_data_hash\" value=\"\" \/><input type=\"hidden\" name=\"_wpcf7_recaptcha_response\" value=\"\" \/>\n<\/fieldset>\n<style>\n#termos{\nwidth: 10% !important;\n}\n.wpcf7 form.invalid .wpcf7-response-output, .wpcf7 form.unaccepted .wpcf7-response-output{\ndisplay: none !important;\n}\n.wpcf7 form.sent .wpcf7-response-output {\n    border-radius: 10px;\n    color: white;\n    background-color: #46b450;\n    border-color: #46b450;\n    font-family: Century Gothic;\n    font-size: 19px;\n}\n<\/style>\n\n<div class='row acenter'>\n<div class='wgl_col-6'>\n<span class=\"wpcf7-form-control-wrap\" data-name=\"nome\"><input size=\"40\" maxlength=\"400\" class=\"wpcf7-form-control wpcf7-text\" aria-invalid=\"false\" placeholder=\"Saisissez votre nom *\" value=\"\" type=\"text\" name=\"nome\" \/><\/span>\n<\/div>\n<div class='wgl_col-6'>\n<span class=\"wpcf7-form-control-wrap\" data-name=\"email\"><input size=\"40\" maxlength=\"400\" class=\"wpcf7-form-control wpcf7-email wpcf7-text wpcf7-validates-as-email\" aria-invalid=\"false\" placeholder=\"Saisissez votre adresse e-mail *\" value=\"\" type=\"email\" name=\"email\" \/><\/span>\n<\/div>\n<div class='wgl_col-12'>\n<span class=\"wpcf7-form-control-wrap\" data-name=\"assunto\"><input size=\"40\" maxlength=\"400\" class=\"wpcf7-form-control wpcf7-text\" aria-invalid=\"false\" placeholder=\"Objet\" value=\"\" type=\"text\" name=\"assunto\" \/><\/span>\n<\/div>\n<div class='wgl_col-12'>\n<span class=\"wpcf7-form-control-wrap\" data-name=\"mensagem\"><textarea cols=\"40\" rows=\"10\" maxlength=\"2000\" class=\"wpcf7-form-control wpcf7-textarea\" aria-invalid=\"false\" placeholder=\"Message\u2026\" name=\"mensagem\"><\/textarea><\/span>\n<\/div>\n<div class='wgl_col-12'>\n<span class=\"wpcf7-form-control-wrap\" data-name=\"acceptance-279\"><span class=\"wpcf7-form-control wpcf7-acceptance\"><span class=\"wpcf7-list-item\"><label><input type=\"checkbox\" name=\"acceptance-279\" value=\"1\" id=\"termos\" aria-invalid=\"false\" \/><span class=\"wpcf7-list-item-label\">Je suis d\u2019accord avec le <a href=\"https:\/\/specialsurf78.com\/fr\/politica-de-privacidade\/\" target=\"_blank\">Politique de confidentialit\u00e9<\/a><\/span><\/label><\/span><\/span><\/span>\n<\/div>\n<div class='wgl_col-12'>\n<input class=\"wpcf7-form-control wpcf7-submit has-spinner\" type=\"submit\" value=\"Envoyer\" \/>\n<\/div>\n<\/div><div class=\"wpcf7-response-output\" aria-hidden=\"true\"><\/div>\n<input type=\"hidden\" name=\"trp-form-language\" value=\"fr\"\/><\/form>\n<\/div>\n<\/div>\n\t\t\t\t\t\t<\/div>\n\t\t\t\t<\/div>\n\t\t\t\t\t<\/div>\n\t\t<\/div>\n\t\t\t\t\t<\/div>\n\t\t<\/section>\n\t\t\t\t\t<\/div>\n\t\t<\/div>\n\t\t\t\t\t<\/div>\n\t\t<\/section>\n\t\t\t\t<section class=\"elementor-section elementor-top-section elementor-element elementor-element-a7ea58a elementor-section-full_width elementor-section-height-default elementor-section-height-default\" data-id=\"a7ea58a\" data-element_type=\"section\" data-e-type=\"section\">\n\t\t\t\t\t\t<div class=\"elementor-container elementor-column-gap-default\">\n\t\t\t\t\t<div class=\"elementor-column elementor-col-100 elementor-top-column elementor-element elementor-element-1879f46\" data-id=\"1879f46\" data-element_type=\"column\" data-e-type=\"column\">\n\t\t\t<div class=\"elementor-widget-wrap elementor-element-populated\">\n\t\t\t\t\t\t<div class=\"elementor-element elementor-element-adc5a42 elementor-widget elementor-widget-google_maps\" data-id=\"adc5a42\" data-element_type=\"widget\" data-e-type=\"widget\" data-widget_type=\"google_maps.default\">\n\t\t\t\t<div class=\"elementor-widget-container\">\n\t\t\t\t\t\t\t<div class=\"elementor-custom-embed\">\n\t\t\t<iframe loading=\"lazy\"\n\t\t\t\t\tsrc=\"https:\/\/maps.google.com\/maps?q=Special%20Surf%2078&#038;t=m&#038;z=14&#038;output=embed&#038;iwloc=near\"\n\t\t\t\t\ttitle=\"Special Surf 78\"\n\t\t\t\t\taria-label=\"Special Surf 78\"\n\t\t\t><\/iframe>\n\t\t<\/div>\n\t\t\t\t\t\t<\/div>\n\t\t\t\t<\/div>\n\t\t\t\t\t<\/div>\n\t\t<\/div>\n\t\t\t\t\t<\/div>\n\t\t<\/section>\n\t\t\t\t<\/div>","protected":false},"excerpt":{"rendered":"<p>Fale connosco Entre em contacto para discutir as suas necessidades de bem-estar. Por favor, ligue-nos, deixe-nos um e-mail ou preencha o formul\u00e1rio de contacto e entraremos em contacto consigo. Morada Hotel Star inn Peniche, avenida da praia, baleal, 2520-206 Peniche Telefone +351 910 624 422+351 964 081 375 Email info@specialsurf78.com Contacte-nos<\/p>","protected":false},"author":1,"featured_media":0,"parent":0,"menu_order":0,"comment_status":"closed","ping_status":"closed","template":"","meta":{"_joinchat":[],"footnotes":""},"class_list":["post-331","page","type-page","status-publish","hentry"],"yoast_head":"<!-- This site is optimized with the Yoast SEO plugin v27.4 - https:\/\/yoast.com\/product\/yoast-seo-wordpress\/ -->\n<title>Contactos - specialsurf78<\/title>\n<meta name=\"description\" content=\"Entre em contacto para discutir as suas necessidades de bem-estar. Por favor, ligue-nos, deixe-nos um e-mail ou preencha o formul\u00e1rio de contacto e entraremos em contacto consigo.\" \/>\n<meta name=\"robots\" content=\"index, follow, max-snippet:-1, max-image-preview:large, max-video-preview:-1\" \/>\n<link rel=\"canonical\" href=\"https:\/\/specialsurf78.com\/fr\/contactez-nous\/\" \/>\n<meta property=\"og:locale\" content=\"fr_FR\" \/>\n<meta property=\"og:type\" content=\"article\" \/>\n<meta property=\"og:title\" content=\"Contactos - specialsurf78\" \/>\n<meta property=\"og:description\" content=\"Entre em contacto para discutir as suas necessidades de bem-estar. Por favor, ligue-nos, deixe-nos um e-mail ou preencha o formul\u00e1rio de contacto e entraremos em contacto consigo.\" \/>\n<meta property=\"og:url\" content=\"https:\/\/specialsurf78.com\/fr\/contactez-nous\/\" \/>\n<meta property=\"og:site_name\" content=\"specialsurf78\" \/>\n<meta property=\"article:publisher\" content=\"https:\/\/www.facebook.com\/specialsurf78\/\" \/>\n<meta property=\"article:modified_time\" content=\"2023-01-20T12:13:37+00:00\" \/>\n<meta name=\"twitter:card\" content=\"summary_large_image\" \/>\n<meta name=\"twitter:label1\" content=\"Dur\u00e9e de lecture estim\u00e9e\" \/>\n\t<meta name=\"twitter:data1\" content=\"1 minute\" \/>\n<script type=\"application\/ld+json\" class=\"yoast-schema-graph\">{\"@context\":\"https:\\\/\\\/schema.org\",\"@graph\":[{\"@type\":\"WebPage\",\"@id\":\"https:\\\/\\\/specialsurf78.com\\\/pt\\\/contactos\\\/\",\"url\":\"https:\\\/\\\/specialsurf78.com\\\/pt\\\/contactos\\\/\",\"name\":\"Contactos - specialsurf78\",\"isPartOf\":{\"@id\":\"https:\\\/\\\/specialsurf78.com\\\/pt\\\/#website\"},\"datePublished\":\"2020-07-15T07:43:17+00:00\",\"dateModified\":\"2023-01-20T12:13:37+00:00\",\"description\":\"Entre em contacto para discutir as suas necessidades de bem-estar. Por favor, ligue-nos, deixe-nos um e-mail ou preencha o formul\u00e1rio de contacto e entraremos em contacto consigo.\",\"breadcrumb\":{\"@id\":\"https:\\\/\\\/specialsurf78.com\\\/pt\\\/contactos\\\/#breadcrumb\"},\"inLanguage\":\"fr-FR\",\"potentialAction\":[{\"@type\":\"ReadAction\",\"target\":[\"https:\\\/\\\/specialsurf78.com\\\/pt\\\/contactos\\\/\"]}]},{\"@type\":\"BreadcrumbList\",\"@id\":\"https:\\\/\\\/specialsurf78.com\\\/pt\\\/contactos\\\/#breadcrumb\",\"itemListElement\":[{\"@type\":\"ListItem\",\"position\":1,\"name\":\"In\u00edcio\",\"item\":\"https:\\\/\\\/specialsurf78.com\\\/\"},{\"@type\":\"ListItem\",\"position\":2,\"name\":\"Contactos\"}]},{\"@type\":\"WebSite\",\"@id\":\"https:\\\/\\\/specialsurf78.com\\\/pt\\\/#website\",\"url\":\"https:\\\/\\\/specialsurf78.com\\\/pt\\\/\",\"name\":\"specialsurf78\",\"description\":\"Peniche | Baleal | Escola de Surf\",\"publisher\":{\"@id\":\"https:\\\/\\\/specialsurf78.com\\\/pt\\\/#organization\"},\"potentialAction\":[{\"@type\":\"SearchAction\",\"target\":{\"@type\":\"EntryPoint\",\"urlTemplate\":\"https:\\\/\\\/specialsurf78.com\\\/pt\\\/?s={search_term_string}\"},\"query-input\":{\"@type\":\"PropertyValueSpecification\",\"valueRequired\":true,\"valueName\":\"search_term_string\"}}],\"inLanguage\":\"fr-FR\"},{\"@type\":\"Organization\",\"@id\":\"https:\\\/\\\/specialsurf78.com\\\/pt\\\/#organization\",\"name\":\"Special Surf 78\",\"url\":\"https:\\\/\\\/specialsurf78.com\\\/pt\\\/\",\"logo\":{\"@type\":\"ImageObject\",\"inLanguage\":\"fr-FR\",\"@id\":\"https:\\\/\\\/specialsurf78.com\\\/pt\\\/#\\\/schema\\\/logo\\\/image\\\/\",\"url\":\"https:\\\/\\\/specialsurf78.com\\\/wp-content\\\/uploads\\\/2021\\\/03\\\/logo_mail.png\",\"contentUrl\":\"https:\\\/\\\/specialsurf78.com\\\/wp-content\\\/uploads\\\/2021\\\/03\\\/logo_mail.png\",\"width\":200,\"height\":111,\"caption\":\"Special Surf 78\"},\"image\":{\"@id\":\"https:\\\/\\\/specialsurf78.com\\\/pt\\\/#\\\/schema\\\/logo\\\/image\\\/\"},\"sameAs\":[\"https:\\\/\\\/www.facebook.com\\\/specialsurf78\\\/\",\"https:\\\/\\\/www.instagram.com\\\/specialsurf78\\\/\",\"https:\\\/\\\/pt.linkedin.com\\\/in\\\/specialsurf78\",\"https:\\\/\\\/www.youtube.com\\\/user\\\/Specialsurf78\"]}]}<\/script>\n<!-- \/ Yoast SEO plugin. -->","yoast_head_json":{"title":"Contactos - specialsurf78","description":"Contactez-nous pour discuter de vos besoins de bien-\u00eatre Appelez-nous, envoyez-nous un e-mail ou remplissez le formulaire de contact et nous vous contacterons.","robots":{"index":"index","follow":"follow","max-snippet":"max-snippet:-1","max-image-preview":"max-image-preview:large","max-video-preview":"max-video-preview:-1"},"canonical":"https:\/\/specialsurf78.com\/fr\/contactez-nous\/","og_locale":"fr_FR","og_type":"article","og_title":"Contactos - specialsurf78","og_description":"Entre em contacto para discutir as suas necessidades de bem-estar. Por favor, ligue-nos, deixe-nos um e-mail ou preencha o formul\u00e1rio de contacto e entraremos em contacto consigo.","og_url":"https:\/\/specialsurf78.com\/fr\/contactez-nous\/","og_site_name":"specialsurf78","article_publisher":"https:\/\/www.facebook.com\/specialsurf78\/","article_modified_time":"2023-01-20T12:13:37+00:00","twitter_card":"summary_large_image","twitter_misc":{"Dur\u00e9e de lecture estim\u00e9e":"1 minute"},"schema":{"@context":"https:\/\/schema.org","@graph":[{"@type":"WebPage","@id":"https:\/\/specialsurf78.com\/pt\/contactos\/","url":"https:\/\/specialsurf78.com\/pt\/contactos\/","name":"Contactos - specialsurf78","isPartOf":{"@id":"https:\/\/specialsurf78.com\/pt\/#website"},"datePublished":"2020-07-15T07:43:17+00:00","dateModified":"2023-01-20T12:13:37+00:00","description":"Contactez-nous pour discuter de vos besoins de bien-\u00eatre Appelez-nous, envoyez-nous un e-mail ou remplissez le formulaire de contact et nous vous contacterons.","breadcrumb":{"@id":"https:\/\/specialsurf78.com\/pt\/contactos\/#breadcrumb"},"inLanguage":"fr-FR","potentialAction":[{"@type":"ReadAction","target":["https:\/\/specialsurf78.com\/pt\/contactos\/"]}]},{"@type":"BreadcrumbList","@id":"https:\/\/specialsurf78.com\/pt\/contactos\/#breadcrumb","itemListElement":[{"@type":"ListItem","position":1,"name":"In\u00edcio","item":"https:\/\/specialsurf78.com\/"},{"@type":"ListItem","position":2,"name":"Contactos"}]},{"@type":"WebSite","@id":"https:\/\/specialsurf78.com\/pt\/#website","url":"https:\/\/specialsurf78.com\/pt\/","name":"specialsurf78","description":"Peniche | Baleal | Escola de Surf","publisher":{"@id":"https:\/\/specialsurf78.com\/pt\/#organization"},"potentialAction":[{"@type":"SearchAction","target":{"@type":"EntryPoint","urlTemplate":"https:\/\/specialsurf78.com\/pt\/?s={search_term_string}"},"query-input":{"@type":"PropertyValueSpecification","valueRequired":true,"valueName":"search_term_string"}}],"inLanguage":"fr-FR"},{"@type":"Organization","@id":"https:\/\/specialsurf78.com\/pt\/#organization","name":"Special Surf 78","url":"https:\/\/specialsurf78.com\/pt\/","logo":{"@type":"ImageObject","inLanguage":"fr-FR","@id":"https:\/\/specialsurf78.com\/pt\/#\/schema\/logo\/image\/","url":"https:\/\/specialsurf78.com\/wp-content\/uploads\/2021\/03\/logo_mail.png","contentUrl":"https:\/\/specialsurf78.com\/wp-content\/uploads\/2021\/03\/logo_mail.png","width":200,"height":111,"caption":"Special Surf 78"},"image":{"@id":"https:\/\/specialsurf78.com\/pt\/#\/schema\/logo\/image\/"},"sameAs":["https:\/\/www.facebook.com\/specialsurf78\/","https:\/\/www.instagram.com\/specialsurf78\/","https:\/\/pt.linkedin.com\/in\/specialsurf78","https:\/\/www.youtube.com\/user\/Specialsurf78"]}]}},"_links":{"self":[{"href":"https:\/\/specialsurf78.com\/fr\/wp-json\/wp\/v2\/pages\/331","targetHints":{"allow":["GET"]}}],"collection":[{"href":"https:\/\/specialsurf78.com\/fr\/wp-json\/wp\/v2\/pages"}],"about":[{"href":"https:\/\/specialsurf78.com\/fr\/wp-json\/wp\/v2\/types\/page"}],"author":[{"embeddable":true,"href":"https:\/\/specialsurf78.com\/fr\/wp-json\/wp\/v2\/users\/1"}],"replies":[{"embeddable":true,"href":"https:\/\/specialsurf78.com\/fr\/wp-json\/wp\/v2\/comments?post=331"}],"version-history":[{"count":43,"href":"https:\/\/specialsurf78.com\/fr\/wp-json\/wp\/v2\/pages\/331\/revisions"}],"predecessor-version":[{"id":7263,"href":"https:\/\/specialsurf78.com\/fr\/wp-json\/wp\/v2\/pages\/331\/revisions\/7263"}],"wp:attachment":[{"href":"https:\/\/specialsurf78.com\/fr\/wp-json\/wp\/v2\/media?parent=331"}],"curies":[{"name":"wp","href":"https:\/\/api.w.org\/{rel}","templated":true}]}}