{"id":7353,"date":"2023-04-24T13:06:27","date_gmt":"2023-04-24T13:06:27","guid":{"rendered":"https:\/\/specialsurf78.com\/?page_id=7353"},"modified":"2026-03-23T15:46:28","modified_gmt":"2026-03-23T15:46:28","slug":"surfguide","status":"publish","type":"page","link":"https:\/\/specialsurf78.com\/de\/surfguide\/","title":{"rendered":"Surfguide"},"content":{"rendered":"<div data-elementor-type=\"wp-page\" data-elementor-id=\"7353\" class=\"elementor elementor-7353\" data-elementor-post-type=\"page\">\n\t\t\t\t\t\t<section class=\"elementor-section elementor-top-section elementor-element elementor-element-03a7044 elementor-section-boxed elementor-section-height-default elementor-section-height-default\" data-id=\"03a7044\" data-element_type=\"section\" data-e-type=\"section\">\n\t\t\t\t\t\t<div class=\"elementor-container elementor-column-gap-default\">\n\t\t\t\t\t<div class=\"elementor-column elementor-col-100 elementor-top-column elementor-element elementor-element-487f489\" data-id=\"487f489\" data-element_type=\"column\" data-e-type=\"column\">\n\t\t\t<div class=\"elementor-widget-wrap elementor-element-populated\">\n\t\t\t\t\t\t<div class=\"elementor-element elementor-element-f615c57 acenter elementor-widget elementor-widget-wgl-double-headings\" data-id=\"f615c57\" data-element_type=\"widget\" data-e-type=\"widget\" data-widget_type=\"wgl-double-headings.default\">\n\t\t\t\t<div class=\"elementor-widget-container\">\n\t\t\t\t\t<div class=\"wgl-double_heading\"><div class=\"dbl__subtitle type-default\"><span class=\"svg_media\"><svg version=\"1.1\" xmlns=\"http:\/\/www.w3.org\/2000\/svg\" xmlns:xlink=\"http:\/\/www.w3.org\/1999\/xlink\" x=\"0px\" y=\"0px\" viewbox=\"0 0 100 13.6\" style=\"enable-background:new 0 0 100 13.6;\" xml:space=\"preserve\"><path class=\"st0\" d=\"M28.8,9.7L33,6.9l4.3,2.9c7.7,5.2,17.7,5.2,25.4,0L67,6.9l4.3,2.9c3.9,2.6,8.3,3.9,12.7,3.9c4.4,0,8.8-1.3,12.7-3.9l3.2-2.1C99.9,6.3,100,5,100,3.7c0-0.6,0-1.1,0-1.7l-0.6-0.9L93.5,5c-5.8,3.9-13.3,3.9-19.1,0L67,0l-7.4,5c-5.8,3.9-13.3,3.9-19.1,0L33,0l-7.4,5C19.8,8.9,12.3,8.9,6.5,5L0.7,1.1L0,2c0,0.6,0,1.1,0,1.7C0,5,0.1,6.3,0.2,7.6l3.2,2.1C11.1,14.9,21,14.9,28.8,9.7z\"\/><\/svg><\/span> <\/div><h3 class=\"dbl__title-wrapper\"><span class=\"dbl__title\">\u201eWellen an jeder Ecke, 365 Tage im Jahr\u201c <br>kommen Sie in ein Abenteuer und verpassen Sie nicht die Gelegenheit, an den besten \u201eSurfspots\u201c von Peniche zu surfen.<\/span><\/h3><\/div>\t\t\t\t<\/div>\n\t\t\t\t<\/div>\n\t\t\t\t<div class=\"elementor-element elementor-element-a1e80f0 acenter elementor-widget elementor-widget-wgl-double-headings\" data-id=\"a1e80f0\" data-element_type=\"widget\" data-e-type=\"widget\" data-widget_type=\"wgl-double-headings.default\">\n\t\t\t\t<div class=\"elementor-widget-container\">\n\t\t\t\t\t<div class=\"wgl-double_heading\"><div class=\"dbl__subtitle type-\"> <\/div><h3 class=\"dbl__title-wrapper\"><span class=\"dbl__title\">Das in mehr als 30 Jahren erworbene Wissen gibt uns wie kein anderer in der Region Peniche die Erfahrung und das Wissen,  die richtigen Orte zum Surfen (\"Surfspots\") zu finden. Wir helfen Ihnen, herausfordernde Wellen auf sichere Weise zu erkunden, mit dem Wissen, das nur \"echte lokale Surfer\" bieten k\u00f6nnen.<\/span><\/h3><\/div>\t\t\t\t<\/div>\n\t\t\t\t<\/div>\n\t\t\t\t\t<\/div>\n\t\t<\/div>\n\t\t\t\t\t<\/div>\n\t\t<\/section>\n\t\t\t\t<section class=\"elementor-section elementor-top-section elementor-element elementor-element-ef48e3a elementor-section-boxed elementor-section-height-default elementor-section-height-default\" data-id=\"ef48e3a\" data-element_type=\"section\" data-e-type=\"section\" data-settings=\"{&quot;background_background&quot;:&quot;classic&quot;}\">\n\t\t\t\t\t\t<div class=\"elementor-container elementor-column-gap-default\">\n\t\t\t\t\t<div class=\"elementor-column elementor-col-100 elementor-top-column elementor-element elementor-element-ae3d61c\" data-id=\"ae3d61c\" data-element_type=\"column\" data-e-type=\"column\">\n\t\t\t<div class=\"elementor-widget-wrap elementor-element-populated\">\n\t\t\t\t\t\t<div class=\"elementor-element elementor-element-7ff33ed elementor-widget elementor-widget-spacer\" data-id=\"7ff33ed\" data-element_type=\"widget\" data-e-type=\"widget\" data-widget_type=\"spacer.default\">\n\t\t\t\t<div class=\"elementor-widget-container\">\n\t\t\t\t\t\t\t<div class=\"elementor-spacer\">\n\t\t\t<div class=\"elementor-spacer-inner\"><\/div>\n\t\t<\/div>\n\t\t\t\t\t\t<\/div>\n\t\t\t\t<\/div>\n\t\t\t\t\t<\/div>\n\t\t<\/div>\n\t\t\t\t\t<\/div>\n\t\t<\/section>\n\t\t\t\t<section class=\"elementor-section elementor-top-section elementor-element elementor-element-45c386a elementor-section-boxed elementor-section-height-default elementor-section-height-default\" data-id=\"45c386a\" data-element_type=\"section\" data-e-type=\"section\">\n\t\t\t\t\t\t<div class=\"elementor-container elementor-column-gap-default\">\n\t\t\t\t\t<div class=\"elementor-column elementor-col-100 elementor-top-column elementor-element elementor-element-3d96818\" data-id=\"3d96818\" data-element_type=\"column\" data-e-type=\"column\">\n\t\t\t<div class=\"elementor-widget-wrap elementor-element-populated\">\n\t\t\t\t\t\t<div class=\"elementor-element elementor-element-f6151f8 elementor-widget elementor-widget-heading\" data-id=\"f6151f8\" data-element_type=\"widget\" data-e-type=\"widget\" data-widget_type=\"heading.default\">\n\t\t\t\t<div class=\"elementor-widget-container\">\n\t\t\t\t\t<h4 class=\"elementor-heading-title elementor-size-default\">So funktioniert das \u201eSurf Guiding\u201c mit special surf 78<\/h4>\t\t\t\t<\/div>\n\t\t\t\t<\/div>\n\t\t\t\t<section class=\"elementor-section elementor-inner-section elementor-element elementor-element-508122e elementor-section-boxed elementor-section-height-default elementor-section-height-default\" data-id=\"508122e\" data-element_type=\"section\" data-e-type=\"section\">\n\t\t\t\t\t\t<div class=\"elementor-container elementor-column-gap-default\">\n\t\t\t\t\t<div class=\"elementor-column elementor-col-50 elementor-inner-column elementor-element elementor-element-731b002\" data-id=\"731b002\" data-element_type=\"column\" data-e-type=\"column\">\n\t\t\t<div class=\"elementor-widget-wrap elementor-element-populated\">\n\t\t\t\t\t\t<div class=\"elementor-element elementor-element-3aaf1c6 elementor-widget elementor-widget-text-editor\" data-id=\"3aaf1c6\" data-element_type=\"widget\" data-e-type=\"widget\" data-widget_type=\"text-editor.default\">\n\t\t\t\t<div class=\"elementor-widget-container\">\n\t\t\t\t\t\t\t\t\t<ul><li>Wir ber\u00fccksichtigen zun\u00e4chst Ihr Surflevel<br \/><br \/><\/li><li>Unsere Trainer werden die Meeres- und Windbedingungen (Gr\u00f6\u00dfe und Richtung der Wellen, Geschwindigkeit und Richtung des Windes, H\u00f6he der Gezeiten, weniger von Surfern bev\u00f6lkerte Surfspots) sorgf\u00e4ltig einsch\u00e4tzen.<br \/><br \/><\/li><li>Wir bringen Sie zu den \u201eSurfspots\u201c in der Region Peniche mit den besten Surfbedingungen.<\/li><\/ul>\t\t\t\t\t\t\t\t<\/div>\n\t\t\t\t<\/div>\n\t\t\t\t<div class=\"elementor-element elementor-element-18e7157 elementor-widget elementor-widget-spacer\" data-id=\"18e7157\" data-element_type=\"widget\" data-e-type=\"widget\" data-widget_type=\"spacer.default\">\n\t\t\t\t<div class=\"elementor-widget-container\">\n\t\t\t\t\t\t\t<div class=\"elementor-spacer\">\n\t\t\t<div class=\"elementor-spacer-inner\"><\/div>\n\t\t<\/div>\n\t\t\t\t\t\t<\/div>\n\t\t\t\t<\/div>\n\t\t\t\t<div class=\"elementor-element elementor-element-4a6cf8b elementor--h-position-center elementor--v-position-middle elementor-pagination-position-inside elementor-widget elementor-widget-slides\" data-id=\"4a6cf8b\" data-element_type=\"widget\" data-e-type=\"widget\" data-settings=\"{&quot;navigation&quot;:&quot;dots&quot;,&quot;autoplay&quot;:&quot;yes&quot;,&quot;autoplay_speed&quot;:5000,&quot;infinite&quot;:&quot;yes&quot;,&quot;transition&quot;:&quot;slide&quot;,&quot;transition_speed&quot;:500}\" data-widget_type=\"slides.default\">\n\t\t\t\t<div class=\"elementor-widget-container\">\n\t\t\t\t\t\t\t\t\t<div class=\"elementor-swiper\">\n\t\t\t\t\t<div class=\"elementor-slides-wrapper elementor-main-swiper swiper\" role=\"region\" aria-roledescription=\"carousel\" aria-label=\"Slides\" dir=\"ltr\" data-animation=\"fadeInUp\">\n\t\t\t\t<div class=\"swiper-wrapper elementor-slides\">\n\t\t\t\t\t\t\t\t\t\t<div class=\"elementor-repeater-item-6db6cee swiper-slide\" role=\"group\" aria-roledescription=\"slide\"><div class=\"swiper-slide-bg\" role=\"img\" aria-label=\"foto 4 surf guide\"><\/div><div class=\"swiper-slide-inner\" ><div class=\"swiper-slide-contents\"><\/div><\/div><\/div><div class=\"elementor-repeater-item-a01a1e1 swiper-slide\" role=\"group\" aria-roledescription=\"slide\"><div class=\"swiper-slide-bg\" role=\"img\" aria-label=\"foto 5 surf guide\"><\/div><div class=\"swiper-slide-inner\" ><div class=\"swiper-slide-contents\"><\/div><\/div><\/div><div class=\"elementor-repeater-item-631a671 swiper-slide\" role=\"group\" aria-roledescription=\"slide\"><div class=\"swiper-slide-bg\" role=\"img\" aria-label=\"foto 8 surf guide\"><\/div><div class=\"swiper-slide-inner\" ><div class=\"swiper-slide-contents\"><\/div><\/div><\/div>\t\t\t\t<\/div>\n\t\t\t\t\t\t\t\t\t\t\t\t\t\t\t\t\t\t\t\t<div class=\"swiper-pagination\"><\/div>\n\t\t\t\t\t\t\t\t\t\t\t\t<\/div>\n\t\t\t\t<\/div>\n\t\t\t\t\t\t\t\t<\/div>\n\t\t\t\t<\/div>\n\t\t\t\t\t<\/div>\n\t\t<\/div>\n\t\t\t\t<div class=\"elementor-column elementor-col-50 elementor-inner-column elementor-element elementor-element-1236ea9\" data-id=\"1236ea9\" data-element_type=\"column\" data-e-type=\"column\">\n\t\t\t<div class=\"elementor-widget-wrap elementor-element-populated\">\n\t\t\t\t\t\t<div class=\"elementor-element elementor-element-811f502 elementor--h-position-center elementor--v-position-middle elementor-pagination-position-inside elementor-widget elementor-widget-slides\" data-id=\"811f502\" data-element_type=\"widget\" data-e-type=\"widget\" data-settings=\"{&quot;navigation&quot;:&quot;dots&quot;,&quot;autoplay&quot;:&quot;yes&quot;,&quot;autoplay_speed&quot;:5000,&quot;infinite&quot;:&quot;yes&quot;,&quot;transition&quot;:&quot;slide&quot;,&quot;transition_speed&quot;:500}\" data-widget_type=\"slides.default\">\n\t\t\t\t<div class=\"elementor-widget-container\">\n\t\t\t\t\t\t\t\t\t<div class=\"elementor-swiper\">\n\t\t\t\t\t<div class=\"elementor-slides-wrapper elementor-main-swiper swiper\" role=\"region\" aria-roledescription=\"carousel\" aria-label=\"Slides\" dir=\"ltr\" data-animation=\"fadeInUp\">\n\t\t\t\t<div class=\"swiper-wrapper elementor-slides\">\n\t\t\t\t\t\t\t\t\t\t<div class=\"elementor-repeater-item-6db6cee swiper-slide\" role=\"group\" aria-roledescription=\"slide\"><div class=\"swiper-slide-bg\" role=\"img\" aria-label=\"foto 7 surf guide\"><\/div><div class=\"swiper-slide-inner\" ><div class=\"swiper-slide-contents\"><\/div><\/div><\/div><div class=\"elementor-repeater-item-a01a1e1 swiper-slide\" role=\"group\" aria-roledescription=\"slide\"><div class=\"swiper-slide-bg\" role=\"img\" aria-label=\"foto 2 surf guide\"><\/div><div class=\"swiper-slide-inner\" ><div class=\"swiper-slide-contents\"><\/div><\/div><\/div><div class=\"elementor-repeater-item-631a671 swiper-slide\" role=\"group\" aria-roledescription=\"slide\"><div class=\"swiper-slide-bg\" role=\"img\" aria-label=\"foto 3 surf guide\"><\/div><div class=\"swiper-slide-inner\" ><div class=\"swiper-slide-contents\"><\/div><\/div><\/div>\t\t\t\t<\/div>\n\t\t\t\t\t\t\t\t\t\t\t\t\t\t\t\t\t\t\t\t<div class=\"swiper-pagination\"><\/div>\n\t\t\t\t\t\t\t\t\t\t\t\t<\/div>\n\t\t\t\t<\/div>\n\t\t\t\t\t\t\t\t<\/div>\n\t\t\t\t<\/div>\n\t\t\t\t<div class=\"elementor-element elementor-element-81fe933 elementor-widget elementor-widget-text-editor\" data-id=\"81fe933\" data-element_type=\"widget\" data-e-type=\"widget\" data-widget_type=\"text-editor.default\">\n\t\t\t\t<div class=\"elementor-widget-container\">\n\t\t\t\t\t\t\t\t\t<ul>\n<li>Bei der Ankunft am Surfspot erhalten Sie eine Einweisung in die Besonderheiten eines solchen \u201eSurfspots\u201c, in der wir Ihnen dann die ins Meer eintretenden Wasserstr\u00f6mungen erkl\u00e4ren und Ihnen zeigen, wie Sie potenzielle Risiken vermeiden k\u00f6nnen.<\/li>\n<li>Der Surfcoach gibt Ihnen dann die Unterst\u00fctzung, die Sie brauchen;<\/li>\n<li style=\"list-style-type: none;\">\n<ul>\n<li>Mit Ihnen ins Meer zu gehen, um Ihnen zu helfen, Vertrauen zu gewinnen, an einem \u201eneuen\u201c Surfspot zu sein und Ihnen auch technische Korrekturen zu geben.<\/li>\n<li>Unser Surfguide kann auf dem Strandsand bleiben und den Moment aufzeichnen, IHre Surfsession filmen und Ihnenbei der Surftechnik helfen. * Zuz\u00fcglich Servicegeb\u00fchr f\u00fcr Performance Surf Coaching.<\/li>\n<li>Oder Ihnen einfach bei dem helfen, was Sie sonst noch wollen, bei uns ist alles m\u00f6glich<\/li>\n<\/ul>\n<\/li>\n<\/ul>\t\t\t\t\t\t\t\t<\/div>\n\t\t\t\t<\/div>\n\t\t\t\t<div class=\"elementor-element elementor-element-95807b1 elementor-widget elementor-widget-text-editor\" data-id=\"95807b1\" data-element_type=\"widget\" data-e-type=\"widget\" data-widget_type=\"text-editor.default\">\n\t\t\t\t<div class=\"elementor-widget-container\">\n\t\t\t\t\t\t\t\t\t<ul><li><strong>Dauer<\/strong><\/li><li style=\"list-style-type: none;\"><ul><li>Eine Surfsession dauert 2 Stunden.<\/li><\/ul><\/li><\/ul>\t\t\t\t\t\t\t\t<\/div>\n\t\t\t\t<\/div>\n\t\t\t\t\t<\/div>\n\t\t<\/div>\n\t\t\t\t\t<\/div>\n\t\t<\/section>\n\t\t\t\t\t<\/div>\n\t\t<\/div>\n\t\t\t\t\t<\/div>\n\t\t<\/section>\n\t\t\t\t<section class=\"elementor-section elementor-top-section elementor-element elementor-element-fb3395a elementor-section-boxed elementor-section-height-default elementor-section-height-default\" data-id=\"fb3395a\" data-element_type=\"section\" data-e-type=\"section\">\n\t\t\t\t\t\t<div class=\"elementor-container elementor-column-gap-default\">\n\t\t\t\t\t<div class=\"elementor-column elementor-col-100 elementor-top-column elementor-element elementor-element-aa482a3\" data-id=\"aa482a3\" data-element_type=\"column\" data-e-type=\"column\">\n\t\t\t<div class=\"elementor-widget-wrap elementor-element-populated\">\n\t\t\t\t\t\t<div class=\"elementor-element elementor-element-642d25f acenter elementor-widget elementor-widget-wgl-double-headings\" data-id=\"642d25f\" data-element_type=\"widget\" data-e-type=\"widget\" data-widget_type=\"wgl-double-headings.default\">\n\t\t\t\t<div class=\"elementor-widget-container\">\n\t\t\t\t\t<div class=\"wgl-double_heading\"><div class=\"dbl__subtitle type-default\"><span class=\"svg_media\"><svg version=\"1.1\" xmlns=\"http:\/\/www.w3.org\/2000\/svg\" xmlns:xlink=\"http:\/\/www.w3.org\/1999\/xlink\" x=\"0px\" y=\"0px\" viewbox=\"0 0 100 13.6\" style=\"enable-background:new 0 0 100 13.6;\" xml:space=\"preserve\"><path class=\"st0\" d=\"M28.8,9.7L33,6.9l4.3,2.9c7.7,5.2,17.7,5.2,25.4,0L67,6.9l4.3,2.9c3.9,2.6,8.3,3.9,12.7,3.9c4.4,0,8.8-1.3,12.7-3.9l3.2-2.1C99.9,6.3,100,5,100,3.7c0-0.6,0-1.1,0-1.7l-0.6-0.9L93.5,5c-5.8,3.9-13.3,3.9-19.1,0L67,0l-7.4,5c-5.8,3.9-13.3,3.9-19.1,0L33,0l-7.4,5C19.8,8.9,12.3,8.9,6.5,5L0.7,1.1L0,2c0,0.6,0,1.1,0,1.7C0,5,0.1,6.3,0.2,7.6l3.2,2.1C11.1,14.9,21,14.9,28.8,9.7z\"\/><\/svg><\/span> <\/div><h3 class=\"dbl__title-wrapper\"><span class=\"dbl__title\">Wir befinden uns wahrscheinlich in der besten strategischen Lage zum Surfen in Peniche, was unsere Bewegung in der Surfregion Peniche sowohl im Norden als auch im S\u00fcden erleichtert und es uns erm\u00f6glicht, die \u201eSurfspots\u201c schnell, bequem und mit allem Komfort zu erreichen, der f\u00fcr ein angenehmes Surf-Erlebnis erforderlich ist. <br><br>\nBei diesem \u201eSurfguide\u201c-Service ist Ihr Wunsch ein Befehl, sprehcen Sie uns an und buchen Sie unseren Service.<\/span><\/h3><\/div>\t\t\t\t<\/div>\n\t\t\t\t<\/div>\n\t\t\t\t\t<\/div>\n\t\t<\/div>\n\t\t\t\t\t<\/div>\n\t\t<\/section>\n\t\t\t\t<\/div>","protected":false},"excerpt":{"rendered":"<p>\u201c waves in every corner, 365 days per year\u201d , Aventura-te e n\u00e3o percas a oportunidade de surfar nos melhores \u201csurfspots\u201d de Peniche. O conhecimento adquirido por mais de 30 anos, d\u00e1-nos a experiencia e o conhecimento de cada lugar para surfar\/\u201dsurfspots\u201d como ningu\u00e9m na regi\u00e3o de Peniche, ajudamos-te a explorar ondas menos acess\u00edveis que [&hellip;]<\/p>\n","protected":false},"author":1,"featured_media":7373,"parent":0,"menu_order":0,"comment_status":"closed","ping_status":"closed","template":"","meta":{"_joinchat":[],"footnotes":""},"class_list":["post-7353","page","type-page","status-publish","has-post-thumbnail","hentry"],"yoast_head":"<!-- This site is optimized with the Yoast SEO plugin v27.4 - https:\/\/yoast.com\/product\/yoast-seo-wordpress\/ -->\n<title>Guia Surf - specialsurf78<\/title>\n<meta name=\"robots\" content=\"index, follow, max-snippet:-1, max-image-preview:large, max-video-preview:-1\" \/>\n<link rel=\"canonical\" href=\"https:\/\/specialsurf78.com\/de\/surfguide\/\" \/>\n<meta property=\"og:locale\" content=\"de_DE\" \/>\n<meta property=\"og:type\" content=\"article\" \/>\n<meta property=\"og:title\" content=\"Guia Surf - specialsurf78\" \/>\n<meta property=\"og:description\" content=\"\u201c waves in every corner, 365 days per year\u201d , Aventura-te e n\u00e3o percas a oportunidade de surfar nos melhores \u201csurfspots\u201d de Peniche. O conhecimento adquirido por mais de 30 anos, d\u00e1-nos a experiencia e o conhecimento de cada lugar para surfar\/\u201dsurfspots\u201d como ningu\u00e9m na regi\u00e3o de Peniche, ajudamos-te a explorar ondas menos acess\u00edveis que [&hellip;]\" \/>\n<meta property=\"og:url\" content=\"https:\/\/specialsurf78.com\/de\/surfguide\/\" \/>\n<meta property=\"og:site_name\" content=\"specialsurf78\" \/>\n<meta property=\"article:publisher\" content=\"https:\/\/www.facebook.com\/specialsurf78\/\" \/>\n<meta property=\"article:modified_time\" content=\"2026-03-23T15:46:28+00:00\" \/>\n<meta property=\"og:image\" content=\"https:\/\/specialsurf78.com\/wp-content\/uploads\/2023\/04\/foto-6-surf-guide.jpg\" \/>\n\t<meta property=\"og:image:width\" content=\"2500\" \/>\n\t<meta property=\"og:image:height\" content=\"1248\" \/>\n\t<meta property=\"og:image:type\" content=\"image\/jpeg\" \/>\n<meta name=\"twitter:card\" content=\"summary_large_image\" \/>\n<meta name=\"twitter:label1\" content=\"Gesch\u00e4tzte Lesezeit\" \/>\n\t<meta name=\"twitter:data1\" content=\"2\u00a0Minuten\" \/>\n<script type=\"application\/ld+json\" class=\"yoast-schema-graph\">{\"@context\":\"https:\\\/\\\/schema.org\",\"@graph\":[{\"@type\":\"WebPage\",\"@id\":\"https:\\\/\\\/specialsurf78.com\\\/pt\\\/guia-surf\\\/\",\"url\":\"https:\\\/\\\/specialsurf78.com\\\/pt\\\/guia-surf\\\/\",\"name\":\"Guia Surf - specialsurf78\",\"isPartOf\":{\"@id\":\"https:\\\/\\\/specialsurf78.com\\\/pt\\\/#website\"},\"primaryImageOfPage\":{\"@id\":\"https:\\\/\\\/specialsurf78.com\\\/pt\\\/guia-surf\\\/#primaryimage\"},\"image\":{\"@id\":\"https:\\\/\\\/specialsurf78.com\\\/pt\\\/guia-surf\\\/#primaryimage\"},\"thumbnailUrl\":\"https:\\\/\\\/specialsurf78.com\\\/wp-content\\\/uploads\\\/2023\\\/04\\\/foto-6-surf-guide.jpg\",\"datePublished\":\"2023-04-24T13:06:27+00:00\",\"dateModified\":\"2026-03-23T15:46:28+00:00\",\"breadcrumb\":{\"@id\":\"https:\\\/\\\/specialsurf78.com\\\/pt\\\/guia-surf\\\/#breadcrumb\"},\"inLanguage\":\"de\",\"potentialAction\":[{\"@type\":\"ReadAction\",\"target\":[\"https:\\\/\\\/specialsurf78.com\\\/pt\\\/guia-surf\\\/\"]}]},{\"@type\":\"ImageObject\",\"inLanguage\":\"de\",\"@id\":\"https:\\\/\\\/specialsurf78.com\\\/pt\\\/guia-surf\\\/#primaryimage\",\"url\":\"https:\\\/\\\/specialsurf78.com\\\/wp-content\\\/uploads\\\/2023\\\/04\\\/foto-6-surf-guide.jpg\",\"contentUrl\":\"https:\\\/\\\/specialsurf78.com\\\/wp-content\\\/uploads\\\/2023\\\/04\\\/foto-6-surf-guide.jpg\",\"width\":2500,\"height\":1248},{\"@type\":\"BreadcrumbList\",\"@id\":\"https:\\\/\\\/specialsurf78.com\\\/pt\\\/guia-surf\\\/#breadcrumb\",\"itemListElement\":[{\"@type\":\"ListItem\",\"position\":1,\"name\":\"In\u00edcio\",\"item\":\"https:\\\/\\\/specialsurf78.com\\\/\"},{\"@type\":\"ListItem\",\"position\":2,\"name\":\"Guia Surf\"}]},{\"@type\":\"WebSite\",\"@id\":\"https:\\\/\\\/specialsurf78.com\\\/pt\\\/#website\",\"url\":\"https:\\\/\\\/specialsurf78.com\\\/pt\\\/\",\"name\":\"specialsurf78\",\"description\":\"Peniche | Baleal | Escola de Surf\",\"publisher\":{\"@id\":\"https:\\\/\\\/specialsurf78.com\\\/pt\\\/#organization\"},\"potentialAction\":[{\"@type\":\"SearchAction\",\"target\":{\"@type\":\"EntryPoint\",\"urlTemplate\":\"https:\\\/\\\/specialsurf78.com\\\/pt\\\/?s={search_term_string}\"},\"query-input\":{\"@type\":\"PropertyValueSpecification\",\"valueRequired\":true,\"valueName\":\"search_term_string\"}}],\"inLanguage\":\"de\"},{\"@type\":\"Organization\",\"@id\":\"https:\\\/\\\/specialsurf78.com\\\/pt\\\/#organization\",\"name\":\"Special Surf 78\",\"url\":\"https:\\\/\\\/specialsurf78.com\\\/pt\\\/\",\"logo\":{\"@type\":\"ImageObject\",\"inLanguage\":\"de\",\"@id\":\"https:\\\/\\\/specialsurf78.com\\\/pt\\\/#\\\/schema\\\/logo\\\/image\\\/\",\"url\":\"https:\\\/\\\/specialsurf78.com\\\/wp-content\\\/uploads\\\/2021\\\/03\\\/logo_mail.png\",\"contentUrl\":\"https:\\\/\\\/specialsurf78.com\\\/wp-content\\\/uploads\\\/2021\\\/03\\\/logo_mail.png\",\"width\":200,\"height\":111,\"caption\":\"Special Surf 78\"},\"image\":{\"@id\":\"https:\\\/\\\/specialsurf78.com\\\/pt\\\/#\\\/schema\\\/logo\\\/image\\\/\"},\"sameAs\":[\"https:\\\/\\\/www.facebook.com\\\/specialsurf78\\\/\",\"https:\\\/\\\/www.instagram.com\\\/specialsurf78\\\/\",\"https:\\\/\\\/pt.linkedin.com\\\/in\\\/specialsurf78\",\"https:\\\/\\\/www.youtube.com\\\/user\\\/Specialsurf78\"]}]}<\/script>\n<!-- \/ Yoast SEO plugin. -->","yoast_head_json":{"title":"Guia Surf - specialsurf78","robots":{"index":"index","follow":"follow","max-snippet":"max-snippet:-1","max-image-preview":"max-image-preview:large","max-video-preview":"max-video-preview:-1"},"canonical":"https:\/\/specialsurf78.com\/de\/surfguide\/","og_locale":"de_DE","og_type":"article","og_title":"Guia Surf - specialsurf78","og_description":"\u201c waves in every corner, 365 days per year\u201d , Aventura-te e n\u00e3o percas a oportunidade de surfar nos melhores \u201csurfspots\u201d de Peniche. O conhecimento adquirido por mais de 30 anos, d\u00e1-nos a experiencia e o conhecimento de cada lugar para surfar\/\u201dsurfspots\u201d como ningu\u00e9m na regi\u00e3o de Peniche, ajudamos-te a explorar ondas menos acess\u00edveis que [&hellip;]","og_url":"https:\/\/specialsurf78.com\/de\/surfguide\/","og_site_name":"specialsurf78","article_publisher":"https:\/\/www.facebook.com\/specialsurf78\/","article_modified_time":"2026-03-23T15:46:28+00:00","og_image":[{"width":2500,"height":1248,"url":"https:\/\/specialsurf78.com\/wp-content\/uploads\/2023\/04\/foto-6-surf-guide.jpg","type":"image\/jpeg"}],"twitter_card":"summary_large_image","twitter_misc":{"Gesch\u00e4tzte Lesezeit":"2\u00a0Minuten"},"schema":{"@context":"https:\/\/schema.org","@graph":[{"@type":"WebPage","@id":"https:\/\/specialsurf78.com\/pt\/guia-surf\/","url":"https:\/\/specialsurf78.com\/pt\/guia-surf\/","name":"Guia Surf - specialsurf78","isPartOf":{"@id":"https:\/\/specialsurf78.com\/pt\/#website"},"primaryImageOfPage":{"@id":"https:\/\/specialsurf78.com\/pt\/guia-surf\/#primaryimage"},"image":{"@id":"https:\/\/specialsurf78.com\/pt\/guia-surf\/#primaryimage"},"thumbnailUrl":"https:\/\/specialsurf78.com\/wp-content\/uploads\/2023\/04\/foto-6-surf-guide.jpg","datePublished":"2023-04-24T13:06:27+00:00","dateModified":"2026-03-23T15:46:28+00:00","breadcrumb":{"@id":"https:\/\/specialsurf78.com\/pt\/guia-surf\/#breadcrumb"},"inLanguage":"de","potentialAction":[{"@type":"ReadAction","target":["https:\/\/specialsurf78.com\/pt\/guia-surf\/"]}]},{"@type":"ImageObject","inLanguage":"de","@id":"https:\/\/specialsurf78.com\/pt\/guia-surf\/#primaryimage","url":"https:\/\/specialsurf78.com\/wp-content\/uploads\/2023\/04\/foto-6-surf-guide.jpg","contentUrl":"https:\/\/specialsurf78.com\/wp-content\/uploads\/2023\/04\/foto-6-surf-guide.jpg","width":2500,"height":1248},{"@type":"BreadcrumbList","@id":"https:\/\/specialsurf78.com\/pt\/guia-surf\/#breadcrumb","itemListElement":[{"@type":"ListItem","position":1,"name":"In\u00edcio","item":"https:\/\/specialsurf78.com\/"},{"@type":"ListItem","position":2,"name":"Guia Surf"}]},{"@type":"WebSite","@id":"https:\/\/specialsurf78.com\/pt\/#website","url":"https:\/\/specialsurf78.com\/pt\/","name":"specialsurf78","description":"Peniche | Baleal | Escola de Surf","publisher":{"@id":"https:\/\/specialsurf78.com\/pt\/#organization"},"potentialAction":[{"@type":"SearchAction","target":{"@type":"EntryPoint","urlTemplate":"https:\/\/specialsurf78.com\/pt\/?s={search_term_string}"},"query-input":{"@type":"PropertyValueSpecification","valueRequired":true,"valueName":"search_term_string"}}],"inLanguage":"de"},{"@type":"Organization","@id":"https:\/\/specialsurf78.com\/pt\/#organization","name":"Special Surf 78","url":"https:\/\/specialsurf78.com\/pt\/","logo":{"@type":"ImageObject","inLanguage":"de","@id":"https:\/\/specialsurf78.com\/pt\/#\/schema\/logo\/image\/","url":"https:\/\/specialsurf78.com\/wp-content\/uploads\/2021\/03\/logo_mail.png","contentUrl":"https:\/\/specialsurf78.com\/wp-content\/uploads\/2021\/03\/logo_mail.png","width":200,"height":111,"caption":"Special Surf 78"},"image":{"@id":"https:\/\/specialsurf78.com\/pt\/#\/schema\/logo\/image\/"},"sameAs":["https:\/\/www.facebook.com\/specialsurf78\/","https:\/\/www.instagram.com\/specialsurf78\/","https:\/\/pt.linkedin.com\/in\/specialsurf78","https:\/\/www.youtube.com\/user\/Specialsurf78"]}]}},"_links":{"self":[{"href":"https:\/\/specialsurf78.com\/de\/wp-json\/wp\/v2\/pages\/7353","targetHints":{"allow":["GET"]}}],"collection":[{"href":"https:\/\/specialsurf78.com\/de\/wp-json\/wp\/v2\/pages"}],"about":[{"href":"https:\/\/specialsurf78.com\/de\/wp-json\/wp\/v2\/types\/page"}],"author":[{"embeddable":true,"href":"https:\/\/specialsurf78.com\/de\/wp-json\/wp\/v2\/users\/1"}],"replies":[{"embeddable":true,"href":"https:\/\/specialsurf78.com\/de\/wp-json\/wp\/v2\/comments?post=7353"}],"version-history":[{"count":20,"href":"https:\/\/specialsurf78.com\/de\/wp-json\/wp\/v2\/pages\/7353\/revisions"}],"predecessor-version":[{"id":9422,"href":"https:\/\/specialsurf78.com\/de\/wp-json\/wp\/v2\/pages\/7353\/revisions\/9422"}],"wp:featuredmedia":[{"embeddable":true,"href":"https:\/\/specialsurf78.com\/de\/wp-json\/wp\/v2\/media\/7373"}],"wp:attachment":[{"href":"https:\/\/specialsurf78.com\/de\/wp-json\/wp\/v2\/media?parent=7353"}],"curies":[{"name":"wp","href":"https:\/\/api.w.org\/{rel}","templated":true}]}}