{"id":3430,"date":"2021-03-23T14:57:05","date_gmt":"2021-03-23T14:57:05","guid":{"rendered":"https:\/\/specialsurf78.com\/?page_id=3430"},"modified":"2026-03-23T17:01:46","modified_gmt":"2026-03-23T17:01:46","slug":"geschichte","status":"publish","type":"page","link":"https:\/\/specialsurf78.com\/de\/geschichte\/","title":{"rendered":"Geschichte"},"content":{"rendered":"<div data-elementor-type=\"wp-page\" data-elementor-id=\"3430\" class=\"elementor elementor-3430\" data-elementor-post-type=\"page\">\n\t\t\t\t\t\t<section class=\"elementor-section elementor-top-section elementor-element elementor-element-2197bf3 elementor-section-boxed elementor-section-height-default elementor-section-height-default\" data-id=\"2197bf3\" data-element_type=\"section\" data-e-type=\"section\">\n\t\t\t\t\t\t<div class=\"elementor-container elementor-column-gap-extended\">\n\t\t\t\t\t<div class=\"elementor-column elementor-col-50 elementor-top-column elementor-element elementor-element-bdc23b7\" data-id=\"bdc23b7\" data-element_type=\"column\" data-e-type=\"column\">\n\t\t\t<div class=\"elementor-widget-wrap elementor-element-populated\">\n\t\t\t\t\t\t<div class=\"elementor-element elementor-element-a77824a elementor-skin-carousel elementor-pagination-type-bullets elementor-pagination-position-outside elementor-widget elementor-widget-media-carousel\" data-id=\"a77824a\" data-element_type=\"widget\" data-e-type=\"widget\" data-settings=\"{&quot;slides_per_view&quot;:&quot;1&quot;,&quot;slides_per_view_tablet&quot;:&quot;1&quot;,&quot;skin&quot;:&quot;carousel&quot;,&quot;effect&quot;:&quot;slide&quot;,&quot;pagination&quot;:&quot;bullets&quot;,&quot;speed&quot;:500,&quot;autoplay&quot;:&quot;yes&quot;,&quot;autoplay_speed&quot;:5000,&quot;loop&quot;:&quot;yes&quot;,&quot;space_between&quot;:{&quot;unit&quot;:&quot;px&quot;,&quot;size&quot;:10,&quot;sizes&quot;:[]},&quot;space_between_tablet&quot;:{&quot;unit&quot;:&quot;px&quot;,&quot;size&quot;:10,&quot;sizes&quot;:[]},&quot;space_between_mobile&quot;:{&quot;unit&quot;:&quot;px&quot;,&quot;size&quot;:10,&quot;sizes&quot;:[]}}\" data-widget_type=\"media-carousel.default\">\n\t\t\t\t<div class=\"elementor-widget-container\">\n\t\t\t\t\t\t\t\t\t<div class=\"elementor-swiper\">\n\t\t\t\t\t<div class=\"elementor-main-swiper swiper\" role=\"region\" aria-roledescription=\"carousel\" aria-label=\"Slides\">\n\t\t\t\t<div class=\"swiper-wrapper\">\n\t\t\t\t\t\t\t\t\t\t\t<div class=\"swiper-slide\" role=\"group\" aria-roledescription=\"slide\">\n\t\t\t\t\t\t\t\t\t<div class=\"elementor-carousel-image\" role=\"img\" aria-label=\"109\" style=\"background-image: url(&#039;https:\/\/specialsurf78.com\/wp-content\/uploads\/2021\/05\/109-scaled.jpg&#039;)\">\n\n\t\t\t\n\t\t\t\t\t<\/div>\n\t\t\t\t\t\t\t\t<\/div>\n\t\t\t\t\t\t\t\t\t\t\t<div class=\"swiper-slide\" role=\"group\" aria-roledescription=\"slide\">\n\t\t\t\t\t\t\t\t\t<div class=\"elementor-carousel-image\" role=\"img\" aria-label=\"DSC04400 3\" style=\"background-image: url(&#039;https:\/\/specialsurf78.com\/wp-content\/uploads\/2021\/05\/DSC04400-3.jpg&#039;)\">\n\n\t\t\t\n\t\t\t\t\t<\/div>\n\t\t\t\t\t\t\t\t<\/div>\n\t\t\t\t\t\t\t\t\t\t\t<div class=\"swiper-slide\" role=\"group\" aria-roledescription=\"slide\">\n\t\t\t\t\t\t\t\t\t<div class=\"elementor-carousel-image\" role=\"img\" aria-label=\"DSC04497 3\" style=\"background-image: url(&#039;https:\/\/specialsurf78.com\/wp-content\/uploads\/2021\/05\/DSC04497-3.jpg&#039;)\">\n\n\t\t\t\n\t\t\t\t\t<\/div>\n\t\t\t\t\t\t\t\t<\/div>\n\t\t\t\t\t\t\t\t\t<\/div>\n\t\t\t\t\t\t\t\t\t\t\t\t\t\t\t\t\t\t\t\t<div class=\"swiper-pagination\"><\/div>\n\t\t\t\t\t\t\t\t\t\t\t\t<\/div>\n\t\t\t\t<\/div>\n\t\t\t\t\t\t\t\t<\/div>\n\t\t\t\t<\/div>\n\t\t\t\t\t<\/div>\n\t\t<\/div>\n\t\t\t\t<div class=\"elementor-column elementor-col-50 elementor-top-column elementor-element elementor-element-fa29b2c\" data-id=\"fa29b2c\" data-element_type=\"column\" data-e-type=\"column\">\n\t\t\t<div class=\"elementor-widget-wrap elementor-element-populated\">\n\t\t\t\t\t\t<div class=\"elementor-element elementor-element-59c3db8 elementor-widget__width-initial aleft elementor-widget elementor-widget-wgl-double-headings\" data-id=\"59c3db8\" data-element_type=\"widget\" data-e-type=\"widget\" data-widget_type=\"wgl-double-headings.default\">\n\t\t\t\t<div class=\"elementor-widget-container\">\n\t\t\t\t\t<div class=\"wgl-double_heading\"><div class=\"dbl__subtitle type-default\"><span class=\"svg_media\"><svg version=\"1.1\" xmlns=\"http:\/\/www.w3.org\/2000\/svg\" xmlns:xlink=\"http:\/\/www.w3.org\/1999\/xlink\" x=\"0px\" y=\"0px\" viewbox=\"0 0 100 13.6\" style=\"enable-background:new 0 0 100 13.6;\" xml:space=\"preserve\"><path class=\"st0\" d=\"M28.8,9.7L33,6.9l4.3,2.9c7.7,5.2,17.7,5.2,25.4,0L67,6.9l4.3,2.9c3.9,2.6,8.3,3.9,12.7,3.9c4.4,0,8.8-1.3,12.7-3.9l3.2-2.1C99.9,6.3,100,5,100,3.7c0-0.6,0-1.1,0-1.7l-0.6-0.9L93.5,5c-5.8,3.9-13.3,3.9-19.1,0L67,0l-7.4,5c-5.8,3.9-13.3,3.9-19.1,0L33,0l-7.4,5C19.8,8.9,12.3,8.9,6.5,5L0.7,1.1L0,2c0,0.6,0,1.1,0,1.7C0,5,0.1,6.3,0.2,7.6l3.2,2.1C11.1,14.9,21,14.9,28.8,9.7z\"\/><\/svg><\/span> <\/div><h3 class=\"dbl__title-wrapper\"><span class=\"dbl__title\">Geschichte<\/span><\/h3><\/div>\t\t\t\t<\/div>\n\t\t\t\t<\/div>\n\t\t\t\t<div class=\"elementor-element elementor-element-86f1a45 elementor-widget elementor-widget-text-editor\" data-id=\"86f1a45\" data-element_type=\"widget\" data-e-type=\"widget\" data-widget_type=\"text-editor.default\">\n\t\t\t\t<div class=\"elementor-widget-container\">\n\t\t\t\t\t\t\t\t\t<p>Die Br\u00fcder Nuno und Edgar, geboren in der Fischerstadt Peniche und Surfer von Kindesbeinen an, er\u00f6ffneten Special Surf 78 im Jahr 2011.<br \/>Sie kehrten nach Peniche zur\u00fcck, nachdem sie eine akademische Ausbildung in Sport in Leiria absolviert hatten. Sie wollten in ihrer Geburtsstadt Wurzeln schlagen und er\u00f6ffneten eine innovative Surfschule, Special Surf 78, eine integrative Schule f\u00fcr alle mit professionellen Lehrern, die auf eine Vielzahl von Bed\u00fcrfnissen und jeden Lernenden eingehen k\u00f6nnen.<\/p><p>Nuno und Edgar haben sich auf Sonderp\u00e4dagogik spezialisiert, mit dem spezifischen Ziel, inklusiver vorzugehen. Das erm\u00f6glicht es ihnen, Menschen mit allen Arten von besonderen Bed\u00fcrfnissen in ihrer Surfschule willkommen zu hei\u00dfen.<br \/>Nuno und Edgar engagieren sich f\u00fcr ihre T\u00e4tigkeit und nutzen didaktisches und p\u00e4dagogisches Wissen, w\u00e4hrend sie Surfen unterrichten, zusammen mit Werten wie Gemeinschaftlichkeit, Solidarit\u00e4t und Nachhaltigkeit, so dass Special Surf 78 eine wegweisende Schule in Peniche bleibt.<\/p>\t\t\t\t\t\t\t\t<\/div>\n\t\t\t\t<\/div>\n\t\t\t\t<div class=\"elementor-element elementor-element-a84dd70 elementor-widget elementor-widget-spacer\" data-id=\"a84dd70\" data-element_type=\"widget\" data-e-type=\"widget\" data-widget_type=\"spacer.default\">\n\t\t\t\t<div class=\"elementor-widget-container\">\n\t\t\t\t\t\t\t<div class=\"elementor-spacer\">\n\t\t\t<div class=\"elementor-spacer-inner\"><\/div>\n\t\t<\/div>\n\t\t\t\t\t\t<\/div>\n\t\t\t\t<\/div>\n\t\t\t\t\t<\/div>\n\t\t<\/div>\n\t\t\t\t\t<\/div>\n\t\t<\/section>\n\t\t\t\t<\/div>","protected":false},"excerpt":{"rendered":"<p>Hist\u00f3ria Dois irm\u00e3os Nuno e Edgar, nascidos na cidade piscat\u00f3ria de Peniche, praticantes de Surf desde cedo abriram em 2011 a Special Surf 78.Apostados em fixar-se na cidade que os viu nascer, despois da forma\u00e7\u00e3o acad\u00e9mica em Desporto e Educa\u00e7\u00e3o F\u00edsica na cidade de Leiria, voltaram para Peniche onde fundaram uma escola de surf inovadora [&hellip;]<\/p>\n","protected":false},"author":1,"featured_media":0,"parent":0,"menu_order":0,"comment_status":"closed","ping_status":"closed","template":"","meta":{"_joinchat":[],"footnotes":""},"class_list":["post-3430","page","type-page","status-publish","hentry"],"yoast_head":"<!-- This site is optimized with the Yoast SEO plugin v27.4 - https:\/\/yoast.com\/product\/yoast-seo-wordpress\/ -->\n<title>Hist\u00f3ria - specialsurf78<\/title>\n<meta name=\"description\" content=\"Dois irm\u00e3os Nuno e Edgar, nascidos na cidade piscat\u00f3ria de Peniche, praticantes de Surf desde cedo abriram em 2011 a Special Surf 78.Apostados em fixar-se na cidade que os viu nascer\" \/>\n<meta name=\"robots\" content=\"index, follow, max-snippet:-1, max-image-preview:large, max-video-preview:-1\" \/>\n<link rel=\"canonical\" href=\"https:\/\/specialsurf78.com\/de\/geschichte\/\" \/>\n<meta property=\"og:locale\" content=\"de_DE\" \/>\n<meta property=\"og:type\" content=\"article\" \/>\n<meta property=\"og:title\" content=\"Hist\u00f3ria - specialsurf78\" \/>\n<meta property=\"og:description\" content=\"Dois irm\u00e3os Nuno e Edgar, nascidos na cidade piscat\u00f3ria de Peniche, praticantes de Surf desde cedo abriram em 2011 a Special Surf 78.Apostados em fixar-se na cidade que os viu nascer\" \/>\n<meta property=\"og:url\" content=\"https:\/\/specialsurf78.com\/de\/geschichte\/\" \/>\n<meta property=\"og:site_name\" content=\"specialsurf78\" \/>\n<meta property=\"article:publisher\" content=\"https:\/\/www.facebook.com\/specialsurf78\/\" \/>\n<meta property=\"article:modified_time\" content=\"2026-03-23T17:01:46+00:00\" \/>\n<meta name=\"twitter:card\" content=\"summary_large_image\" \/>\n<meta name=\"twitter:label1\" content=\"Gesch\u00e4tzte Lesezeit\" \/>\n\t<meta name=\"twitter:data1\" content=\"1\u00a0Minute\" \/>\n<script type=\"application\/ld+json\" class=\"yoast-schema-graph\">{\"@context\":\"https:\\\/\\\/schema.org\",\"@graph\":[{\"@type\":\"WebPage\",\"@id\":\"https:\\\/\\\/specialsurf78.com\\\/pt\\\/historia\\\/\",\"url\":\"https:\\\/\\\/specialsurf78.com\\\/pt\\\/historia\\\/\",\"name\":\"Hist\u00f3ria - specialsurf78\",\"isPartOf\":{\"@id\":\"https:\\\/\\\/specialsurf78.com\\\/pt\\\/#website\"},\"datePublished\":\"2021-03-23T14:57:05+00:00\",\"dateModified\":\"2026-03-23T17:01:46+00:00\",\"description\":\"Dois irm\u00e3os Nuno e Edgar, nascidos na cidade piscat\u00f3ria de Peniche, praticantes de Surf desde cedo abriram em 2011 a Special Surf 78.Apostados em fixar-se na cidade que os viu nascer\",\"breadcrumb\":{\"@id\":\"https:\\\/\\\/specialsurf78.com\\\/pt\\\/historia\\\/#breadcrumb\"},\"inLanguage\":\"de\",\"potentialAction\":[{\"@type\":\"ReadAction\",\"target\":[\"https:\\\/\\\/specialsurf78.com\\\/pt\\\/historia\\\/\"]}]},{\"@type\":\"BreadcrumbList\",\"@id\":\"https:\\\/\\\/specialsurf78.com\\\/pt\\\/historia\\\/#breadcrumb\",\"itemListElement\":[{\"@type\":\"ListItem\",\"position\":1,\"name\":\"In\u00edcio\",\"item\":\"https:\\\/\\\/specialsurf78.com\\\/\"},{\"@type\":\"ListItem\",\"position\":2,\"name\":\"Hist\u00f3ria\"}]},{\"@type\":\"WebSite\",\"@id\":\"https:\\\/\\\/specialsurf78.com\\\/pt\\\/#website\",\"url\":\"https:\\\/\\\/specialsurf78.com\\\/pt\\\/\",\"name\":\"specialsurf78\",\"description\":\"Peniche | Baleal | Escola de Surf\",\"publisher\":{\"@id\":\"https:\\\/\\\/specialsurf78.com\\\/pt\\\/#organization\"},\"potentialAction\":[{\"@type\":\"SearchAction\",\"target\":{\"@type\":\"EntryPoint\",\"urlTemplate\":\"https:\\\/\\\/specialsurf78.com\\\/pt\\\/?s={search_term_string}\"},\"query-input\":{\"@type\":\"PropertyValueSpecification\",\"valueRequired\":true,\"valueName\":\"search_term_string\"}}],\"inLanguage\":\"de\"},{\"@type\":\"Organization\",\"@id\":\"https:\\\/\\\/specialsurf78.com\\\/pt\\\/#organization\",\"name\":\"Special Surf 78\",\"url\":\"https:\\\/\\\/specialsurf78.com\\\/pt\\\/\",\"logo\":{\"@type\":\"ImageObject\",\"inLanguage\":\"de\",\"@id\":\"https:\\\/\\\/specialsurf78.com\\\/pt\\\/#\\\/schema\\\/logo\\\/image\\\/\",\"url\":\"https:\\\/\\\/specialsurf78.com\\\/wp-content\\\/uploads\\\/2021\\\/03\\\/logo_mail.png\",\"contentUrl\":\"https:\\\/\\\/specialsurf78.com\\\/wp-content\\\/uploads\\\/2021\\\/03\\\/logo_mail.png\",\"width\":200,\"height\":111,\"caption\":\"Special Surf 78\"},\"image\":{\"@id\":\"https:\\\/\\\/specialsurf78.com\\\/pt\\\/#\\\/schema\\\/logo\\\/image\\\/\"},\"sameAs\":[\"https:\\\/\\\/www.facebook.com\\\/specialsurf78\\\/\",\"https:\\\/\\\/www.instagram.com\\\/specialsurf78\\\/\",\"https:\\\/\\\/pt.linkedin.com\\\/in\\\/specialsurf78\",\"https:\\\/\\\/www.youtube.com\\\/user\\\/Specialsurf78\"]}]}<\/script>\n<!-- \/ Yoast SEO plugin. -->","yoast_head_json":{"title":"Hist\u00f3ria - specialsurf78","description":"Dois irm\u00e3os Nuno e Edgar, nascidos na cidade piscat\u00f3ria de Peniche, praticantes de Surf desde cedo abriram em 2011 a Special Surf 78.Apostados em fixar-se na cidade que os viu nascer","robots":{"index":"index","follow":"follow","max-snippet":"max-snippet:-1","max-image-preview":"max-image-preview:large","max-video-preview":"max-video-preview:-1"},"canonical":"https:\/\/specialsurf78.com\/de\/geschichte\/","og_locale":"de_DE","og_type":"article","og_title":"Hist\u00f3ria - specialsurf78","og_description":"Dois irm\u00e3os Nuno e Edgar, nascidos na cidade piscat\u00f3ria de Peniche, praticantes de Surf desde cedo abriram em 2011 a Special Surf 78.Apostados em fixar-se na cidade que os viu nascer","og_url":"https:\/\/specialsurf78.com\/de\/geschichte\/","og_site_name":"specialsurf78","article_publisher":"https:\/\/www.facebook.com\/specialsurf78\/","article_modified_time":"2026-03-23T17:01:46+00:00","twitter_card":"summary_large_image","twitter_misc":{"Gesch\u00e4tzte Lesezeit":"1\u00a0Minute"},"schema":{"@context":"https:\/\/schema.org","@graph":[{"@type":"WebPage","@id":"https:\/\/specialsurf78.com\/pt\/historia\/","url":"https:\/\/specialsurf78.com\/pt\/historia\/","name":"Hist\u00f3ria - specialsurf78","isPartOf":{"@id":"https:\/\/specialsurf78.com\/pt\/#website"},"datePublished":"2021-03-23T14:57:05+00:00","dateModified":"2026-03-23T17:01:46+00:00","description":"Dois irm\u00e3os Nuno e Edgar, nascidos na cidade piscat\u00f3ria de Peniche, praticantes de Surf desde cedo abriram em 2011 a Special Surf 78.Apostados em fixar-se na cidade que os viu nascer","breadcrumb":{"@id":"https:\/\/specialsurf78.com\/pt\/historia\/#breadcrumb"},"inLanguage":"de","potentialAction":[{"@type":"ReadAction","target":["https:\/\/specialsurf78.com\/pt\/historia\/"]}]},{"@type":"BreadcrumbList","@id":"https:\/\/specialsurf78.com\/pt\/historia\/#breadcrumb","itemListElement":[{"@type":"ListItem","position":1,"name":"In\u00edcio","item":"https:\/\/specialsurf78.com\/"},{"@type":"ListItem","position":2,"name":"Hist\u00f3ria"}]},{"@type":"WebSite","@id":"https:\/\/specialsurf78.com\/pt\/#website","url":"https:\/\/specialsurf78.com\/pt\/","name":"specialsurf78","description":"Peniche | Baleal | Escola de Surf","publisher":{"@id":"https:\/\/specialsurf78.com\/pt\/#organization"},"potentialAction":[{"@type":"SearchAction","target":{"@type":"EntryPoint","urlTemplate":"https:\/\/specialsurf78.com\/pt\/?s={search_term_string}"},"query-input":{"@type":"PropertyValueSpecification","valueRequired":true,"valueName":"search_term_string"}}],"inLanguage":"de"},{"@type":"Organization","@id":"https:\/\/specialsurf78.com\/pt\/#organization","name":"Special Surf 78","url":"https:\/\/specialsurf78.com\/pt\/","logo":{"@type":"ImageObject","inLanguage":"de","@id":"https:\/\/specialsurf78.com\/pt\/#\/schema\/logo\/image\/","url":"https:\/\/specialsurf78.com\/wp-content\/uploads\/2021\/03\/logo_mail.png","contentUrl":"https:\/\/specialsurf78.com\/wp-content\/uploads\/2021\/03\/logo_mail.png","width":200,"height":111,"caption":"Special Surf 78"},"image":{"@id":"https:\/\/specialsurf78.com\/pt\/#\/schema\/logo\/image\/"},"sameAs":["https:\/\/www.facebook.com\/specialsurf78\/","https:\/\/www.instagram.com\/specialsurf78\/","https:\/\/pt.linkedin.com\/in\/specialsurf78","https:\/\/www.youtube.com\/user\/Specialsurf78"]}]}},"_links":{"self":[{"href":"https:\/\/specialsurf78.com\/de\/wp-json\/wp\/v2\/pages\/3430","targetHints":{"allow":["GET"]}}],"collection":[{"href":"https:\/\/specialsurf78.com\/de\/wp-json\/wp\/v2\/pages"}],"about":[{"href":"https:\/\/specialsurf78.com\/de\/wp-json\/wp\/v2\/types\/page"}],"author":[{"embeddable":true,"href":"https:\/\/specialsurf78.com\/de\/wp-json\/wp\/v2\/users\/1"}],"replies":[{"embeddable":true,"href":"https:\/\/specialsurf78.com\/de\/wp-json\/wp\/v2\/comments?post=3430"}],"version-history":[{"count":80,"href":"https:\/\/specialsurf78.com\/de\/wp-json\/wp\/v2\/pages\/3430\/revisions"}],"predecessor-version":[{"id":9434,"href":"https:\/\/specialsurf78.com\/de\/wp-json\/wp\/v2\/pages\/3430\/revisions\/9434"}],"wp:attachment":[{"href":"https:\/\/specialsurf78.com\/de\/wp-json\/wp\/v2\/media?parent=3430"}],"curies":[{"name":"wp","href":"https:\/\/api.w.org\/{rel}","templated":true}]}}